{"id":11635,"date":"2025-06-20T18:09:11","date_gmt":"2025-06-20T22:09:11","guid":{"rendered":"https:\/\/www.multicasa.com.br\/inicio\/?post_type=product&#038;p=11635"},"modified":"2026-03-30T13:00:26","modified_gmt":"2026-03-30T17:00:26","slug":"varal-de-teto-parede-em-aco-innovar-max-120m","status":"publish","type":"product","link":"https:\/\/www.multicasa.com.br\/inicio\/produto\/varal-de-teto-parede-em-aco-innovar-max-120m\/","title":{"rendered":"Varal de Teto\/Parede em A\u00e7o Innovar Max 1,20m"},"content":{"rendered":"<p>Varal de Teto\/Parede da Innovar Max de 1,20m com suporte e hastes em a\u00e7o e acabamento com pintura eletrost\u00e1tica, roldanas em pl\u00e1stico e cordas em nylon. Super resistente, o varal suporta at\u00e9 14kg de roupas \u00famidas e pode ser instalado no teto ou parede, adaptando-se mais f\u00e1cil ao espa\u00e7o dispon\u00edvel e \u00e0s necessidades. Se instalado no teto, o comprimento \u00e9 de 33cm, j\u00e1 na parede \u00e9 de 38cm. Possui sistema de roldanas que facilita o sobe e desce das varetas individualmente, tem haste com gancho que auxilia no manuseio das varetas e tamb\u00e9m acompanha o manual de instala\u00e7\u00e3o e acess\u00f3rios para instala\u00e7\u00e3o. Tenha mais facilidade para secar as suas roupas no dia a dia!<\/p>\n","protected":false},"excerpt":{"rendered":"<h4 style=\"margin: 0px;padding: 0px 0px 16px;font-family: Lato, sans-serif;font-weight: bold;line-height: 3rem;color: var(--dark-grey3);font-size: 22px;font-style: normal;letter-spacing: normal;text-align: start;text-indent: 0px;text-transform: none\">Informa\u00e7\u00f5es t\u00e9cnicas<\/h4>\n<p><span style=\"margin: 0px;padding: 0px;font-weight: 450;font-size: 14px;line-height: 21px;color: var(--dark-grey2);font-family: Lato, sans-serif;font-style: normal;letter-spacing: normal;text-align: start;text-indent: 0px;text-transform: none\">Produto: Varal de teto<br \/>\nMarca: Innovar Max<br \/>\nMaterial: Suporte e hastes em A\u00e7o<br \/>\nRoldanas em Pl\u00e1stico<br \/>\nCordas em Nylon<br \/>\nAcabamento: Pintura eletrost\u00e1tica<br \/>\nCor: Branco<br \/>\nCaracter\u00edsticas: Suporta at\u00e9 14kg<br \/>\nHaste com gancho<br \/>\nItens Inclusoss: 1 varal de teto<br \/>\nAcess\u00f3rios para a instala\u00e7\u00e3o<br \/>\nDimens\u00f5es do produto (A X L X P): 135 x 61 x 45cm<br \/>\n<\/span><\/p>\n","protected":false},"featured_media":11684,"template":"","meta":{"_joinchat":[]},"product_brand":[],"product_cat":[95],"product_tag":[],"class_list":{"0":"post-11635","1":"product","2":"type-product","3":"status-publish","4":"has-post-thumbnail","6":"product_cat-lavanderia","8":"first","9":"instock","10":"shipping-taxable","11":"purchasable","12":"product-type-simple"},"_links":{"self":[{"href":"https:\/\/www.multicasa.com.br\/inicio\/wp-json\/wp\/v2\/product\/11635","targetHints":{"allow":["GET"]}}],"collection":[{"href":"https:\/\/www.multicasa.com.br\/inicio\/wp-json\/wp\/v2\/product"}],"about":[{"href":"https:\/\/www.multicasa.com.br\/inicio\/wp-json\/wp\/v2\/types\/product"}],"wp:featuredmedia":[{"embeddable":true,"href":"https:\/\/www.multicasa.com.br\/inicio\/wp-json\/wp\/v2\/media\/11684"}],"wp:attachment":[{"href":"https:\/\/www.multicasa.com.br\/inicio\/wp-json\/wp\/v2\/media?parent=11635"}],"wp:term":[{"taxonomy":"product_brand","embeddable":true,"href":"https:\/\/www.multicasa.com.br\/inicio\/wp-json\/wp\/v2\/product_brand?post=11635"},{"taxonomy":"product_cat","embeddable":true,"href":"https:\/\/www.multicasa.com.br\/inicio\/wp-json\/wp\/v2\/product_cat?post=11635"},{"taxonomy":"product_tag","embeddable":true,"href":"https:\/\/www.multicasa.com.br\/inicio\/wp-json\/wp\/v2\/product_tag?post=11635"}],"curies":[{"name":"wp","href":"https:\/\/api.w.org\/{rel}","templated":true}]}}