{"id":11639,"date":"2025-06-20T18:09:11","date_gmt":"2025-06-20T22:09:11","guid":{"rendered":"https:\/\/www.multicasa.com.br\/inicio\/?post_type=product&#038;p=11639"},"modified":"2025-06-20T18:09:45","modified_gmt":"2025-06-20T22:09:45","slug":"kit-suprimentos-bateprego-r1-bemfixa","status":"publish","type":"product","link":"https:\/\/www.multicasa.com.br\/inicio\/produto\/kit-suprimentos-bateprego-r1-bemfixa\/","title":{"rendered":"Kit Suprimentos Bateprego R1 Bemfixa"},"content":{"rendered":"<p>Com o Kit Suprimentos Bateprego R1 Bemfixa decorar ficou mais f\u00e1cil, o kit possui 18 pregos de a\u00e7o sem cabe\u00e7a, 18 arruelas pl\u00e1sticas, 18 cabe\u00e7as pl\u00e1sticas e 12 ganchos de metal.<br \/>\nCada prego suporta at\u00e9 5kg em superf\u00edcies s\u00f3lidas, agora poder\u00e1 decorar sua casa com praticidade e sem se preocupar em comprar todos os acess\u00f3rios necess\u00e1rios separadamente!<\/p>\n","protected":false},"excerpt":{"rendered":"<h4 style=\"margin: 0px;padding: 0px 0px 16px;font-family: Lato, sans-serif;font-weight: bold;line-height: 3rem;color: var(--dark-grey3);font-size: 22px;font-style: normal;letter-spacing: normal;text-align: start;text-indent: 0px;text-transform: none\">Informa\u00e7\u00f5es t\u00e9cnicas<\/h4>\n<p><span style=\"margin: 0px;padding: 0px;font-weight: 450;font-size: 14px;line-height: 21px;color: var(--dark-grey2);font-family: Lato, sans-serif;font-style: normal;letter-spacing: normal;text-align: start;text-indent: 0px;text-transform: none\"><br \/>\nProduto: Kit Bateprego<br \/>\nMarca: Bemfixa<br \/>\nModelo: R1<br \/>\nCaracter\u00edsticas: Suporta at\u00e9 5kg<br \/>\nQuantidade de pe\u00e7as: 66<br \/>\nItens inclusos: 6 Pregos de a\u00e7o sem cabe\u00e7a 2,5 x 22mm<br \/>\n6 Pregos de a\u00e7o sem cabe\u00e7a 2,5 x 27mm<br \/>\n6 Pregos de a\u00e7o sem cabe\u00e7a 2,5 x 35mm<br \/>\n18 Cabe\u00e7as pl\u00e1sticas<br \/>\n18 Arruelas pl\u00e1sticas<br \/>\n12 Ganchos de metal<br \/>\nDimens\u00f5es do prego (A X L X P): 2,5 x 22mm<\/span><\/p>\n","protected":false},"featured_media":11692,"template":"","meta":{"_joinchat":[]},"product_brand":[],"product_cat":[135],"product_tag":[],"class_list":{"0":"post-11639","1":"product","2":"type-product","3":"status-publish","4":"has-post-thumbnail","6":"product_cat-parafusos-e-buchas","8":"first","9":"outofstock","10":"shipping-taxable","11":"product-type-simple"},"_links":{"self":[{"href":"https:\/\/www.multicasa.com.br\/inicio\/wp-json\/wp\/v2\/product\/11639","targetHints":{"allow":["GET"]}}],"collection":[{"href":"https:\/\/www.multicasa.com.br\/inicio\/wp-json\/wp\/v2\/product"}],"about":[{"href":"https:\/\/www.multicasa.com.br\/inicio\/wp-json\/wp\/v2\/types\/product"}],"wp:featuredmedia":[{"embeddable":true,"href":"https:\/\/www.multicasa.com.br\/inicio\/wp-json\/wp\/v2\/media\/11692"}],"wp:attachment":[{"href":"https:\/\/www.multicasa.com.br\/inicio\/wp-json\/wp\/v2\/media?parent=11639"}],"wp:term":[{"taxonomy":"product_brand","embeddable":true,"href":"https:\/\/www.multicasa.com.br\/inicio\/wp-json\/wp\/v2\/product_brand?post=11639"},{"taxonomy":"product_cat","embeddable":true,"href":"https:\/\/www.multicasa.com.br\/inicio\/wp-json\/wp\/v2\/product_cat?post=11639"},{"taxonomy":"product_tag","embeddable":true,"href":"https:\/\/www.multicasa.com.br\/inicio\/wp-json\/wp\/v2\/product_tag?post=11639"}],"curies":[{"name":"wp","href":"https:\/\/api.w.org\/{rel}","templated":true}]}}