{"id":11640,"date":"2025-06-20T18:09:11","date_gmt":"2025-06-20T22:09:11","guid":{"rendered":"https:\/\/www.multicasa.com.br\/inicio\/?post_type=product&#038;p=11640"},"modified":"2026-02-28T10:00:18","modified_gmt":"2026-02-28T14:00:18","slug":"varal-de-teto-em-aco-maxeb-90cm","status":"publish","type":"product","link":"https:\/\/www.multicasa.com.br\/inicio\/produto\/varal-de-teto-em-aco-maxeb-90cm\/","title":{"rendered":"Varal de Teto em A\u00e7o Maxeb 90cm"},"content":{"rendered":"<p>Varal de Teto Maxeb de 90cm com estrutura em tubo de a\u00e7o, acabamento em pintura ep\u00f3xi a p\u00f3 branca e pe\u00e7as pl\u00e1sticas em polipropileno. \u00c9 super resistente e comporta aproximadamente 5,22 metros de roupas, perfeito para quem n\u00e3o tem muito espa\u00e7o em casa ou em apartamentos. A maneira mais barata e ecol\u00f3gica de secar as roupas!<\/p>\n","protected":false},"excerpt":{"rendered":"<h4 style=\"margin: 0px;padding: 0px 0px 16px;font-family: Lato, sans-serif;font-weight: bold;line-height: 3rem;color: var(--dark-grey3);font-size: 22px;font-style: normal;letter-spacing: normal;text-align: start;text-indent: 0px;text-transform: none\">Informa\u00e7\u00f5es t\u00e9cnicas<\/h4>\n<p><span style=\"margin: 0px;padding: 0px;font-weight: 450;font-size: 14px;line-height: 21px;color: var(--dark-grey2);font-family: Lato, sans-serif;font-style: normal;letter-spacing: normal;text-align: start;text-indent: 0px;text-transform: none\">Produto: Varal de teto<br \/>\nMarca: Maxeb<br \/>\nMaterial: A\u00e7o<br \/>\nPolipropileno<br \/>\nAcabamento: Pintura ep\u00f3xi<br \/>\nCor: Branco e laranja<br \/>\nCaracter\u00edsticas: Capacidade para at\u00e9 5,22 metros de roupa<br \/>\nAcompanha uma corda para regular a altura<br \/>\nItens Inclusoss: 1 varal de teto<br \/>\nDimens\u00f5es do produto (A X L): 90 x 56cm<br \/>\n<\/span><\/p>\n","protected":false},"featured_media":11693,"template":"","meta":{"_joinchat":[]},"product_brand":[],"product_cat":[95],"product_tag":[],"class_list":{"0":"post-11640","1":"product","2":"type-product","3":"status-publish","4":"has-post-thumbnail","6":"product_cat-lavanderia","8":"first","9":"instock","10":"shipping-taxable","11":"purchasable","12":"product-type-simple"},"_links":{"self":[{"href":"https:\/\/www.multicasa.com.br\/inicio\/wp-json\/wp\/v2\/product\/11640","targetHints":{"allow":["GET"]}}],"collection":[{"href":"https:\/\/www.multicasa.com.br\/inicio\/wp-json\/wp\/v2\/product"}],"about":[{"href":"https:\/\/www.multicasa.com.br\/inicio\/wp-json\/wp\/v2\/types\/product"}],"wp:featuredmedia":[{"embeddable":true,"href":"https:\/\/www.multicasa.com.br\/inicio\/wp-json\/wp\/v2\/media\/11693"}],"wp:attachment":[{"href":"https:\/\/www.multicasa.com.br\/inicio\/wp-json\/wp\/v2\/media?parent=11640"}],"wp:term":[{"taxonomy":"product_brand","embeddable":true,"href":"https:\/\/www.multicasa.com.br\/inicio\/wp-json\/wp\/v2\/product_brand?post=11640"},{"taxonomy":"product_cat","embeddable":true,"href":"https:\/\/www.multicasa.com.br\/inicio\/wp-json\/wp\/v2\/product_cat?post=11640"},{"taxonomy":"product_tag","embeddable":true,"href":"https:\/\/www.multicasa.com.br\/inicio\/wp-json\/wp\/v2\/product_tag?post=11640"}],"curies":[{"name":"wp","href":"https:\/\/api.w.org\/{rel}","templated":true}]}}