{"id":11664,"date":"2025-06-20T18:09:33","date_gmt":"2025-06-20T22:09:33","guid":{"rendered":"https:\/\/www.multicasa.com.br\/inicio\/?post_type=product&#038;p=11664"},"modified":"2026-01-21T14:18:31","modified_gmt":"2026-01-21T18:18:31","slug":"bateria-botao-alcalina-lr44-alfacell-1-5v-1-unidade","status":"publish","type":"product","link":"https:\/\/www.multicasa.com.br\/inicio\/produto\/bateria-botao-alcalina-lr44-alfacell-1-5v-1-unidade\/","title":{"rendered":"Bateria Bot\u00e3o Alcalina LR44 Alfacell 1.5V &#8211; 1 Unidade"},"content":{"rendered":"<p>Ideal para ser usada em canetas laser, rel\u00f3gios de parede, calculadoras e outros objetos, a bateria bot\u00e3o alcalina LR44 1.5v da Alfacell vai prolongar a vida \u00fatil dos seus aparelhos e objetos. Dispensa manuten\u00e7\u00f5es mais trabalhosas e compra de novos artigos. Cartela com 1 unidade.<\/p>\n","protected":false},"excerpt":{"rendered":"<h4 style=\"margin: 0px;padding: 0px 0px 16px;font-family: Lato, sans-serif;font-weight: bold;line-height: 3rem;color: var(--dark-grey3);font-size: 22px;font-style: normal;letter-spacing: normal;text-align: start;text-indent: 0px;text-transform: none\">Informa\u00e7\u00f5es t\u00e9cnicas<\/h4>\n<p><span style=\"margin: 0px;padding: 0px;font-weight: 450;font-size: 14px;line-height: 21px;color: var(--dark-grey2);font-family: Lato, sans-serif;font-style: normal;letter-spacing: normal;text-align: start;text-indent: 0px;text-transform: none\">Produto: Bateria<br \/>\nTipo: Alcalina<br \/>\nMarca: Alfacell<br \/>\nModelo: LR44<br \/>\nVoltagem: 1,5v<br \/>\nCaracter\u00edsticas: Formato tipo bot\u00e3o<br \/>\nItens inclusos: 1 bateria<\/span><\/p>\n","protected":false},"featured_media":11714,"template":"","meta":{"_joinchat":[]},"product_brand":[],"product_cat":[151],"product_tag":[],"class_list":{"0":"post-11664","1":"product","2":"type-product","3":"status-publish","4":"has-post-thumbnail","6":"product_cat-pilhas","8":"first","9":"outofstock","10":"shipping-taxable","11":"product-type-simple"},"_links":{"self":[{"href":"https:\/\/www.multicasa.com.br\/inicio\/wp-json\/wp\/v2\/product\/11664","targetHints":{"allow":["GET"]}}],"collection":[{"href":"https:\/\/www.multicasa.com.br\/inicio\/wp-json\/wp\/v2\/product"}],"about":[{"href":"https:\/\/www.multicasa.com.br\/inicio\/wp-json\/wp\/v2\/types\/product"}],"wp:featuredmedia":[{"embeddable":true,"href":"https:\/\/www.multicasa.com.br\/inicio\/wp-json\/wp\/v2\/media\/11714"}],"wp:attachment":[{"href":"https:\/\/www.multicasa.com.br\/inicio\/wp-json\/wp\/v2\/media?parent=11664"}],"wp:term":[{"taxonomy":"product_brand","embeddable":true,"href":"https:\/\/www.multicasa.com.br\/inicio\/wp-json\/wp\/v2\/product_brand?post=11664"},{"taxonomy":"product_cat","embeddable":true,"href":"https:\/\/www.multicasa.com.br\/inicio\/wp-json\/wp\/v2\/product_cat?post=11664"},{"taxonomy":"product_tag","embeddable":true,"href":"https:\/\/www.multicasa.com.br\/inicio\/wp-json\/wp\/v2\/product_tag?post=11664"}],"curies":[{"name":"wp","href":"https:\/\/api.w.org\/{rel}","templated":true}]}}