{"id":11665,"date":"2025-06-20T18:09:33","date_gmt":"2025-06-20T22:09:33","guid":{"rendered":"https:\/\/www.multicasa.com.br\/inicio\/?post_type=product&#038;p=11665"},"modified":"2025-08-17T18:55:58","modified_gmt":"2025-08-17T22:55:58","slug":"bateria-para-telefone-sem-fio-fx-110u-flex-600mah-3-6v","status":"publish","type":"product","link":"https:\/\/www.multicasa.com.br\/inicio\/produto\/bateria-para-telefone-sem-fio-fx-110u-flex-600mah-3-6v\/","title":{"rendered":"Bateria para Telefone sem Fio FX-110U Flex 600mAh &#8211; 3.6V"},"content":{"rendered":"<p>Use a bateria para telefone sem fio de Nicd FX-110U Flex com 600mAh e 3,6v para carregar seu aparelho e mant\u00ea-lo sempre funcionando. Com plug universal, a bateria para telefone \u00e9 tipo 39, ni-mh e possui 3 c\u00e9lulas AA. Utilize em telefones Panasonic A36\/ KZA36 \/ KXT3806 \/ T3860 \/ T3860 \/ T3865, Philips TD9203 \/ TD9204 \/ TD9213 \/ TD9240\/ TD9241 \/ TD9272\/ TD9603 \/ TD9673\/ TD9804\/ TD9841, Sanyo CLT880 \/ CLT980 \/ CLT982\/ CLT985 \/ CLT990, Samsung 915 e HI-TEL 940\/950\/960.<\/p>\n","protected":false},"excerpt":{"rendered":"<h4 style=\"margin: 0px;padding: 0px 0px 16px;font-family: Lato, sans-serif;font-weight: bold;line-height: 3rem;color: var(--dark-grey3);font-size: 22px;font-style: normal;letter-spacing: normal;text-align: start;text-indent: 0px;text-transform: none\">Informa\u00e7\u00f5es t\u00e9cnicas<\/h4>\n<p><span style=\"margin: 0px;padding: 0px;font-weight: 450;font-size: 14px;line-height: 21px;color: var(--dark-grey2);font-family: Lato, sans-serif;font-style: normal;letter-spacing: normal;text-align: start;text-indent: 0px;text-transform: none\">Produto: Bateria<br \/>\nTipo: Recarreg\u00e1vel<br \/>\nMarca: Flex<br \/>\nModelo: FX-1010U<br \/>\nTamanho: 3 c\u00e9lulas AA<br \/>\nAmperagem: 600 mah<br \/>\nVoltagem: 3,6v<br \/>\nCaracter\u00edsticas: NI-MH<br \/>\nTipo 39<br \/>\nPlug universal<br \/>\nItens inclusos: 1 bateria<br \/>\n<\/span><\/p>\n","protected":false},"featured_media":11715,"template":"","meta":{"_joinchat":[]},"product_brand":[],"product_cat":[151],"product_tag":[],"class_list":{"0":"post-11665","1":"product","2":"type-product","3":"status-publish","4":"has-post-thumbnail","6":"product_cat-pilhas","8":"first","9":"outofstock","10":"shipping-taxable","11":"purchasable","12":"product-type-simple"},"_links":{"self":[{"href":"https:\/\/www.multicasa.com.br\/inicio\/wp-json\/wp\/v2\/product\/11665","targetHints":{"allow":["GET"]}}],"collection":[{"href":"https:\/\/www.multicasa.com.br\/inicio\/wp-json\/wp\/v2\/product"}],"about":[{"href":"https:\/\/www.multicasa.com.br\/inicio\/wp-json\/wp\/v2\/types\/product"}],"wp:featuredmedia":[{"embeddable":true,"href":"https:\/\/www.multicasa.com.br\/inicio\/wp-json\/wp\/v2\/media\/11715"}],"wp:attachment":[{"href":"https:\/\/www.multicasa.com.br\/inicio\/wp-json\/wp\/v2\/media?parent=11665"}],"wp:term":[{"taxonomy":"product_brand","embeddable":true,"href":"https:\/\/www.multicasa.com.br\/inicio\/wp-json\/wp\/v2\/product_brand?post=11665"},{"taxonomy":"product_cat","embeddable":true,"href":"https:\/\/www.multicasa.com.br\/inicio\/wp-json\/wp\/v2\/product_cat?post=11665"},{"taxonomy":"product_tag","embeddable":true,"href":"https:\/\/www.multicasa.com.br\/inicio\/wp-json\/wp\/v2\/product_tag?post=11665"}],"curies":[{"name":"wp","href":"https:\/\/api.w.org\/{rel}","templated":true}]}}