{"id":11667,"date":"2025-06-20T18:09:33","date_gmt":"2025-06-20T22:09:33","guid":{"rendered":"https:\/\/www.multicasa.com.br\/inicio\/?post_type=product&#038;p=11667"},"modified":"2026-03-31T16:30:39","modified_gmt":"2026-03-31T20:30:39","slug":"spray-limpador-de-inox-scotch-brite-3m-200ml","status":"publish","type":"product","link":"https:\/\/www.multicasa.com.br\/inicio\/produto\/spray-limpador-de-inox-scotch-brite-3m-200ml\/","title":{"rendered":"Spray Limpador de Inox Scotch Brite 3M &#8211; 200ml"},"content":{"rendered":"<p>Use o Spray Limpador de Inox Scotch Brite 3M para manter suas panelas, tigelas e outros utens\u00edlios de inox sempre brilhantes. Perfeito para remover as marcas de dedos e outras manchas, o limpa inox faz uma limpeza especial tamb\u00e9m em a\u00e7o cromado e alum\u00ednio. Use para ter a sensa\u00e7\u00e3o de que voc\u00ea acabou de comprar as suas panelas e cuidar do seu lar com ainda mais carinho.<\/p>\n","protected":false},"excerpt":{"rendered":"<h4 style=\"margin: 0px;padding: 0px 0px 16px;font-family: Lato, sans-serif;font-weight: bold;line-height: 3rem;color: var(--dark-grey3);font-size: 22px;font-style: normal;letter-spacing: normal;text-align: start;text-indent: 0px;text-transform: none\">Informa\u00e7\u00f5es t\u00e9cnicas<\/h4>\n<p><span style=\"margin: 0px;padding: 0px;font-weight: 450;font-size: 14px;line-height: 21px;color: var(--dark-grey2);font-family: Lato, sans-serif;font-style: normal;letter-spacing: normal;text-align: start;text-indent: 0px;text-transform: none\">Produto: Spray Limpador de Inox<br \/>\nMarca: 3M<br \/>\nConte\u00fado: 200ml<br \/>\nCaracter\u00edsticas: Produto saneante notificado pela Anvisa<br \/>\nItens Inclusos: 1 Spray limpador de inox<br \/>\nDimens\u00f5es do produto (A x L x P): 17,5 x 5,5cm<br \/>\n<\/span><\/p>\n","protected":false},"featured_media":11717,"template":"","meta":{"_joinchat":[]},"product_brand":[],"product_cat":[96],"product_tag":[],"class_list":{"0":"post-11667","1":"product","2":"type-product","3":"status-publish","4":"has-post-thumbnail","6":"product_cat-limpeza-e-cia","8":"first","9":"instock","10":"shipping-taxable","11":"purchasable","12":"product-type-simple"},"_links":{"self":[{"href":"https:\/\/www.multicasa.com.br\/inicio\/wp-json\/wp\/v2\/product\/11667","targetHints":{"allow":["GET"]}}],"collection":[{"href":"https:\/\/www.multicasa.com.br\/inicio\/wp-json\/wp\/v2\/product"}],"about":[{"href":"https:\/\/www.multicasa.com.br\/inicio\/wp-json\/wp\/v2\/types\/product"}],"wp:featuredmedia":[{"embeddable":true,"href":"https:\/\/www.multicasa.com.br\/inicio\/wp-json\/wp\/v2\/media\/11717"}],"wp:attachment":[{"href":"https:\/\/www.multicasa.com.br\/inicio\/wp-json\/wp\/v2\/media?parent=11667"}],"wp:term":[{"taxonomy":"product_brand","embeddable":true,"href":"https:\/\/www.multicasa.com.br\/inicio\/wp-json\/wp\/v2\/product_brand?post=11667"},{"taxonomy":"product_cat","embeddable":true,"href":"https:\/\/www.multicasa.com.br\/inicio\/wp-json\/wp\/v2\/product_cat?post=11667"},{"taxonomy":"product_tag","embeddable":true,"href":"https:\/\/www.multicasa.com.br\/inicio\/wp-json\/wp\/v2\/product_tag?post=11667"}],"curies":[{"name":"wp","href":"https:\/\/api.w.org\/{rel}","templated":true}]}}