{"id":11670,"date":"2025-06-20T18:09:34","date_gmt":"2025-06-20T22:09:34","guid":{"rendered":"https:\/\/www.multicasa.com.br\/inicio\/?post_type=product&#038;p=11670"},"modified":"2025-10-06T16:03:43","modified_gmt":"2025-10-06T20:03:43","slug":"modulo-placa-cega-redonda-liz-branco-tramontina-4x4","status":"publish","type":"product","link":"https:\/\/www.multicasa.com.br\/inicio\/produto\/modulo-placa-cega-redonda-liz-branco-tramontina-4x4\/","title":{"rendered":"M\u00f3dulo Placa Cega Redonda Liz Branco Tramontina 4&#215;4"},"content":{"rendered":"<p>M\u00f3dulo Placa Cega Liz Tramontina 4&#215;4, seu formato \u00e9 redondo produzido em termopl\u00e1stico branco com acabamento brilhoso que n\u00e3o ret\u00e9m poeira, Com aproximadamente 11,5x12cm, acompanha parafusos que promovem uma fixa\u00e7\u00e3o n\u00e3o aparente. Unindo qualidade e praticidade.<\/p>\n","protected":false},"excerpt":{"rendered":"<h4 style=\"margin: 0px;padding: 0px 0px 16px;font-family: Lato, sans-serif;font-weight: bold;line-height: 3rem;color: var(--dark-grey3);font-size: 22px;font-style: normal;letter-spacing: normal;text-align: start;text-indent: 0px;text-transform: none\">Informa\u00e7\u00f5es t\u00e9cnicas<\/h4>\n<p><span style=\"margin: 0px;padding: 0px;font-weight: 450;font-size: 14px;line-height: 21px;color: var(--dark-grey2);font-family: Lato, sans-serif;font-style: normal;letter-spacing: normal;text-align: start;text-indent: 0px;text-transform: none\">Produto: M\u00f3dulo Placa Cega<br \/>\nMarca: Tramontina<br \/>\nMaterial: Termopl\u00e1stico<br \/>\nAcabamento: Brilhosos<br \/>\nCor: Branco<br \/>\nCaracter\u00edsticas: Redondo<br \/>\nAcompanha parafusos<br \/>\nItens inclusos: 1m\u00f3dulo Placa Cega<br \/>\nDimens\u00f5es do produto em polegadas: 4&#215;4<br \/>\nDimens\u00f5es do produto (A X L X P): 12 x 11,5 x 0,5<br \/>\n<\/span><\/p>\n","protected":false},"featured_media":11721,"template":"","meta":{"_joinchat":[]},"product_brand":[],"product_cat":[144],"product_tag":[],"class_list":{"0":"post-11670","1":"product","2":"type-product","3":"status-publish","4":"has-post-thumbnail","6":"product_cat-tomadas-e-cia","8":"first","9":"outofstock","10":"shipping-taxable","11":"purchasable","12":"product-type-simple"},"_links":{"self":[{"href":"https:\/\/www.multicasa.com.br\/inicio\/wp-json\/wp\/v2\/product\/11670","targetHints":{"allow":["GET"]}}],"collection":[{"href":"https:\/\/www.multicasa.com.br\/inicio\/wp-json\/wp\/v2\/product"}],"about":[{"href":"https:\/\/www.multicasa.com.br\/inicio\/wp-json\/wp\/v2\/types\/product"}],"wp:featuredmedia":[{"embeddable":true,"href":"https:\/\/www.multicasa.com.br\/inicio\/wp-json\/wp\/v2\/media\/11721"}],"wp:attachment":[{"href":"https:\/\/www.multicasa.com.br\/inicio\/wp-json\/wp\/v2\/media?parent=11670"}],"wp:term":[{"taxonomy":"product_brand","embeddable":true,"href":"https:\/\/www.multicasa.com.br\/inicio\/wp-json\/wp\/v2\/product_brand?post=11670"},{"taxonomy":"product_cat","embeddable":true,"href":"https:\/\/www.multicasa.com.br\/inicio\/wp-json\/wp\/v2\/product_cat?post=11670"},{"taxonomy":"product_tag","embeddable":true,"href":"https:\/\/www.multicasa.com.br\/inicio\/wp-json\/wp\/v2\/product_tag?post=11670"}],"curies":[{"name":"wp","href":"https:\/\/api.w.org\/{rel}","templated":true}]}}