{"id":11672,"date":"2025-06-20T18:09:34","date_gmt":"2025-06-20T22:09:34","guid":{"rendered":"https:\/\/www.multicasa.com.br\/inicio\/?post_type=product&#038;p=11672"},"modified":"2025-06-20T18:10:13","modified_gmt":"2025-06-20T22:10:13","slug":"organizador-de-gaveta-colmeia-para-sutia-6-divisorias-transparente-sonho-estilo","status":"publish","type":"product","link":"https:\/\/www.multicasa.com.br\/inicio\/produto\/organizador-de-gaveta-colmeia-para-sutia-6-divisorias-transparente-sonho-estilo\/","title":{"rendered":"Organizador de Gaveta Colmeia para Suti\u00e3 6 Divis\u00f3rias Transparente Sonho &amp; Estilo"},"content":{"rendered":"<p>Organizador de Gaveta Colmeia para Suti\u00e3 Sonho &amp; Estilo, confeccionado com material pl\u00e1stico transparente, possui fino acabamento em vi\u00e9s de gorgor\u00e3o, deixando-o flex\u00edvel, sanfon\u00e1vel e resistente, se encaixando em qualquer tamanho de gaveta. S\u00e3o 6 nichos que permitem maior organiza\u00e7\u00e3o de seu guarda roupas, closet ou arm\u00e1rio. Para \u00fatiliz\u00e1-lo, basta coloc\u00e1-lo em uma gaveta e organizar os suti\u00e3s na ordem que desejar.<br \/>\nOtimize o espa\u00e7o no guarda roupa e encontre o que precisa com facilidade!<\/p>\n","protected":false},"excerpt":{"rendered":"<h4 style=\"margin: 0px;padding: 0px 0px 16px;font-family: Lato, sans-serif;font-weight: bold;line-height: 3rem;color: var(--dark-grey3);font-size: 22px;font-style: normal;letter-spacing: normal;text-align: start;text-indent: 0px;text-transform: none\">Informa\u00e7\u00f5es t\u00e9cnicas<\/h4>\n<p><span style=\"margin: 0px;padding: 0px;font-weight: 450;font-size: 14px;line-height: 21px;color: var(--dark-grey2);font-family: Lato, sans-serif;font-style: normal;letter-spacing: normal;text-align: start;text-indent: 0px;text-transform: none\">Produto: Organizador de suti\u00e3<br \/>\nMarca: Sonho &amp; Estilo<br \/>\nMaterial: PVC<br \/>\nGorgur\u00e3o<br \/>\nCor: Incolor e bege<br \/>\nCaracter\u00edsticas: Possui 6 divis\u00f3rias<br \/>\nFlex\u00edvel<br \/>\nItens Inclusos: 1 organizador de suti\u00e3<br \/>\nDimens\u00f5es do produto (A x L x P): 10 x 32 x 20cm<\/span><\/p>\n","protected":false},"featured_media":11725,"template":"","meta":{"_joinchat":[]},"product_brand":[],"product_cat":[98],"product_tag":[],"class_list":{"0":"post-11672","1":"product","2":"type-product","3":"status-publish","4":"has-post-thumbnail","6":"product_cat-organizadores","8":"first","9":"outofstock","10":"shipping-taxable","11":"product-type-simple"},"_links":{"self":[{"href":"https:\/\/www.multicasa.com.br\/inicio\/wp-json\/wp\/v2\/product\/11672","targetHints":{"allow":["GET"]}}],"collection":[{"href":"https:\/\/www.multicasa.com.br\/inicio\/wp-json\/wp\/v2\/product"}],"about":[{"href":"https:\/\/www.multicasa.com.br\/inicio\/wp-json\/wp\/v2\/types\/product"}],"wp:featuredmedia":[{"embeddable":true,"href":"https:\/\/www.multicasa.com.br\/inicio\/wp-json\/wp\/v2\/media\/11725"}],"wp:attachment":[{"href":"https:\/\/www.multicasa.com.br\/inicio\/wp-json\/wp\/v2\/media?parent=11672"}],"wp:term":[{"taxonomy":"product_brand","embeddable":true,"href":"https:\/\/www.multicasa.com.br\/inicio\/wp-json\/wp\/v2\/product_brand?post=11672"},{"taxonomy":"product_cat","embeddable":true,"href":"https:\/\/www.multicasa.com.br\/inicio\/wp-json\/wp\/v2\/product_cat?post=11672"},{"taxonomy":"product_tag","embeddable":true,"href":"https:\/\/www.multicasa.com.br\/inicio\/wp-json\/wp\/v2\/product_tag?post=11672"}],"curies":[{"name":"wp","href":"https:\/\/api.w.org\/{rel}","templated":true}]}}