{"id":11677,"date":"2025-06-20T18:09:34","date_gmt":"2025-06-20T22:09:34","guid":{"rendered":"https:\/\/www.multicasa.com.br\/inicio\/?post_type=product&#038;p=11677"},"modified":"2025-06-23T10:20:32","modified_gmt":"2025-06-23T14:20:32","slug":"mini-mouse-optico-com-fio-retratil-mo205-preto-multilaser","status":"publish","type":"product","link":"https:\/\/www.multicasa.com.br\/inicio\/produto\/mini-mouse-optico-com-fio-retratil-mo205-preto-multilaser\/","title":{"rendered":"Mini Mouse \u00d3ptico com Fio Retr\u00e1til MO205 Preto Multilaser"},"content":{"rendered":"<p>O Mini Mouse \u00d3ptico Fio Retr\u00e1til Preto Multilaser, modelo MO205 possui tecnologia \u00f3ptica, que detecta movimentos com facilidade, proporcionando maior conforto ao usu\u00e1rio. Com resolu\u00e7\u00e3o de 800DPI e sistema plug &amp; play, basta ligar e usar. Seu cabo \u00e9 retr\u00e1til, impedindo que os fios se embolem e que voc\u00ea tenha conforto usando apenas o tamanho necess\u00e1rio de fio.<\/p>\n","protected":false},"excerpt":{"rendered":"<h4 style=\"margin: 0px;padding: 0px 0px 16px;font-family: Lato, sans-serif;font-weight: bold;line-height: 3rem;color: var(--dark-grey3);font-size: 22px;font-style: normal;letter-spacing: normal;text-align: start;text-indent: 0px;text-transform: none\">Informa\u00e7\u00f5es t\u00e9cnicas<\/h4>\n<p><span style=\"margin: 0px;padding: 0px;font-weight: 450;font-size: 14px;line-height: 21px;color: var(--dark-grey2);font-family: Lato, sans-serif;font-style: normal;letter-spacing: normal;text-align: start;text-indent: 0px;text-transform: none\">Produto: Mouse com fio<br \/>\nMarca: Multilaser<br \/>\nModelo: MO205<br \/>\nCor: Preto<br \/>\nCaracter\u00edsticas: Com fio<br \/>\n\u00d3ptico<br \/>\nPlug &amp; Play<br \/>\nCabo retr\u00e1til<br \/>\nResolu\u00e7\u00e3o 800 DPI<br \/>\nItens Inclusos: 1 mouse com fio<br \/>\nDimens\u00f5es do produto (A X L X P): 3,1 x 9,4 x 5,3cm<br \/>\nGarantia: 1 ano pelo fabricante<br \/>\n<\/span><\/p>\n","protected":false},"featured_media":25558,"template":"","meta":{"_joinchat":[]},"product_brand":[],"product_cat":[130],"product_tag":[],"class_list":{"0":"post-11677","1":"product","2":"type-product","3":"status-publish","4":"has-post-thumbnail","6":"product_cat-informatica","8":"first","9":"outofstock","10":"shipping-taxable","11":"product-type-simple"},"_links":{"self":[{"href":"https:\/\/www.multicasa.com.br\/inicio\/wp-json\/wp\/v2\/product\/11677","targetHints":{"allow":["GET"]}}],"collection":[{"href":"https:\/\/www.multicasa.com.br\/inicio\/wp-json\/wp\/v2\/product"}],"about":[{"href":"https:\/\/www.multicasa.com.br\/inicio\/wp-json\/wp\/v2\/types\/product"}],"wp:featuredmedia":[{"embeddable":true,"href":"https:\/\/www.multicasa.com.br\/inicio\/wp-json\/wp\/v2\/media\/25558"}],"wp:attachment":[{"href":"https:\/\/www.multicasa.com.br\/inicio\/wp-json\/wp\/v2\/media?parent=11677"}],"wp:term":[{"taxonomy":"product_brand","embeddable":true,"href":"https:\/\/www.multicasa.com.br\/inicio\/wp-json\/wp\/v2\/product_brand?post=11677"},{"taxonomy":"product_cat","embeddable":true,"href":"https:\/\/www.multicasa.com.br\/inicio\/wp-json\/wp\/v2\/product_cat?post=11677"},{"taxonomy":"product_tag","embeddable":true,"href":"https:\/\/www.multicasa.com.br\/inicio\/wp-json\/wp\/v2\/product_tag?post=11677"}],"curies":[{"name":"wp","href":"https:\/\/api.w.org\/{rel}","templated":true}]}}