{"id":11678,"date":"2025-06-20T18:09:34","date_gmt":"2025-06-20T22:09:34","guid":{"rendered":"https:\/\/www.multicasa.com.br\/inicio\/?post_type=product&#038;p=11678"},"modified":"2025-06-20T18:10:23","modified_gmt":"2025-06-20T22:10:23","slug":"lenco-umedecido-multiuso-3-em-1-limao-hiperclean-20-unidades","status":"publish","type":"product","link":"https:\/\/www.multicasa.com.br\/inicio\/produto\/lenco-umedecido-multiuso-3-em-1-limao-hiperclean-20-unidades\/","title":{"rendered":"Len\u00e7o Umedecido Multiuso 3 em 1 Lim\u00e3o Hiperclean 20 unidades"},"content":{"rendered":"<p>Use o Len\u00e7o Umedecido Multiuso 3 em 1 da Hiperclean para limpar, desengordurar e perfumar as superf\u00edcies e utens\u00edlios da sua casa. Com aroma de lim\u00e3o possui tripla a\u00e7\u00e3o e deixa tudo mais pr\u00e1tico porque dispensa o uso de \u00e1gua, eliminando a necessidade de baldes, rodos e panos. A embalagem com abertura autoadesiva preserva os len\u00e7os umedecidos de limpeza sempre molhados na medida certa e cont\u00e9m 20 unidades com dimens\u00f5es de 20 x 18 cm.<\/p>\n","protected":false},"excerpt":{"rendered":"<h4 style=\"margin: 0px;padding: 0px 0px 16px;font-family: Lato, sans-serif;font-weight: bold;line-height: 3rem;color: var(--dark-grey3);font-size: 22px;font-style: normal;letter-spacing: normal;text-align: start;text-indent: 0px;text-transform: none\">Informa\u00e7\u00f5es t\u00e9cnicas<\/h4>\n<p><span style=\"margin: 0px;padding: 0px;font-weight: 450;font-size: 14px;line-height: 21px;color: var(--dark-grey2);font-family: Lato, sans-serif;font-style: normal;letter-spacing: normal;text-align: start;text-indent: 0px;text-transform: none\">Produto: Len\u00e7o Umedecido<br \/>\nMarca: Hiperclean<br \/>\nMaterial: 100% algod\u00e3o<br \/>\nCor: Branco<br \/>\nCaracter\u00edsticas: Fragr\u00e2ncia de Lim\u00e3o<br \/>\nEmbalagem com fechamento auto adesivo<br \/>\nQuantidade de pe\u00e7as: 20<br \/>\nItens Inclusos: 20 len\u00e7os<br \/>\nDimens\u00f5es do produto (A X L): 20 x 18cm<br \/>\n<\/span><\/p>\n","protected":false},"featured_media":11745,"template":"","meta":{"_joinchat":[]},"product_brand":[],"product_cat":[101],"product_tag":[],"class_list":{"0":"post-11678","1":"product","2":"type-product","3":"status-publish","4":"has-post-thumbnail","6":"product_cat-cuidados-pessoais","8":"first","9":"outofstock","10":"shipping-taxable","11":"product-type-simple"},"_links":{"self":[{"href":"https:\/\/www.multicasa.com.br\/inicio\/wp-json\/wp\/v2\/product\/11678","targetHints":{"allow":["GET"]}}],"collection":[{"href":"https:\/\/www.multicasa.com.br\/inicio\/wp-json\/wp\/v2\/product"}],"about":[{"href":"https:\/\/www.multicasa.com.br\/inicio\/wp-json\/wp\/v2\/types\/product"}],"wp:featuredmedia":[{"embeddable":true,"href":"https:\/\/www.multicasa.com.br\/inicio\/wp-json\/wp\/v2\/media\/11745"}],"wp:attachment":[{"href":"https:\/\/www.multicasa.com.br\/inicio\/wp-json\/wp\/v2\/media?parent=11678"}],"wp:term":[{"taxonomy":"product_brand","embeddable":true,"href":"https:\/\/www.multicasa.com.br\/inicio\/wp-json\/wp\/v2\/product_brand?post=11678"},{"taxonomy":"product_cat","embeddable":true,"href":"https:\/\/www.multicasa.com.br\/inicio\/wp-json\/wp\/v2\/product_cat?post=11678"},{"taxonomy":"product_tag","embeddable":true,"href":"https:\/\/www.multicasa.com.br\/inicio\/wp-json\/wp\/v2\/product_tag?post=11678"}],"curies":[{"name":"wp","href":"https:\/\/api.w.org\/{rel}","templated":true}]}}