{"id":11679,"date":"2025-06-20T18:09:34","date_gmt":"2025-06-20T22:09:34","guid":{"rendered":"https:\/\/www.multicasa.com.br\/inicio\/?post_type=product&#038;p=11679"},"modified":"2025-12-16T18:21:42","modified_gmt":"2025-12-16T22:21:42","slug":"banqueta-de-plastico-dobravel-antares-45x40cm","status":"publish","type":"product","link":"https:\/\/www.multicasa.com.br\/inicio\/produto\/banqueta-de-plastico-dobravel-antares-45x40cm\/","title":{"rendered":"Banqueta de Pl\u00e1stico Dobr\u00e1vel Antares 45x40cm"},"content":{"rendered":"<p>A Banqueta dobr\u00e1vel da Antares \u00e9 pr\u00e1tica, leve e f\u00e1cil de carregar. Confeccionada em pl\u00e1stico super-resistente (polipropileno) que suporta at\u00e9 80kg, possui al\u00e7a para transportar quando dobrada e p\u00e9s de borracha antiderrapante para garantir a seguran\u00e7a.<br \/>\nBanquinho indispens\u00e1vel que pode ser levado para qualquer cantinho da casa e acomodar convidados e familiares durante as festas!<\/p>\n","protected":false},"excerpt":{"rendered":"<h4 style=\"margin: 0px;padding: 0px 0px 16px;font-family: Lato, sans-serif;font-weight: bold;line-height: 3rem;color: var(--dark-grey3);font-size: 22px;font-style: normal;letter-spacing: normal;text-align: start;text-indent: 0px;text-transform: none\">Informa\u00e7\u00f5es t\u00e9cnicas<\/h4>\n<p><span style=\"margin: 0px;padding: 0px;font-weight: 450;font-size: 14px;line-height: 21px;color: var(--dark-grey2);font-family: Lato, sans-serif;font-style: normal;letter-spacing: normal;text-align: start;text-indent: 0px;text-transform: none\">Produto: Banqueta dobr\u00e1vel<br \/>\nMarca: Antares<br \/>\nMaterial: Pl\u00e1stico Polipropireno<br \/>\nCores: Branco, Preto, Verde e Azul<br \/>\nCaracter\u00edsticas: Possui al\u00e7a para transportar<br \/>\nCapacidade de peso de 80Kg<br \/>\nP\u00e9s de borracha antiderrapante<br \/>\nItens Inclusos: 1 Banqueta dobr\u00e1vel<br \/>\nDimens\u00f5es do produto (A x L x P): 45 x 40 x 40cm<\/span><\/p>\n","protected":false},"featured_media":11746,"template":"","meta":{"_joinchat":[]},"product_brand":[],"product_cat":[156],"product_tag":[],"class_list":{"0":"post-11679","1":"product","2":"type-product","3":"status-publish","4":"has-post-thumbnail","6":"product_cat-escadas","8":"first","9":"outofstock","10":"shipping-taxable","11":"product-type-simple"},"_links":{"self":[{"href":"https:\/\/www.multicasa.com.br\/inicio\/wp-json\/wp\/v2\/product\/11679","targetHints":{"allow":["GET"]}}],"collection":[{"href":"https:\/\/www.multicasa.com.br\/inicio\/wp-json\/wp\/v2\/product"}],"about":[{"href":"https:\/\/www.multicasa.com.br\/inicio\/wp-json\/wp\/v2\/types\/product"}],"wp:featuredmedia":[{"embeddable":true,"href":"https:\/\/www.multicasa.com.br\/inicio\/wp-json\/wp\/v2\/media\/11746"}],"wp:attachment":[{"href":"https:\/\/www.multicasa.com.br\/inicio\/wp-json\/wp\/v2\/media?parent=11679"}],"wp:term":[{"taxonomy":"product_brand","embeddable":true,"href":"https:\/\/www.multicasa.com.br\/inicio\/wp-json\/wp\/v2\/product_brand?post=11679"},{"taxonomy":"product_cat","embeddable":true,"href":"https:\/\/www.multicasa.com.br\/inicio\/wp-json\/wp\/v2\/product_cat?post=11679"},{"taxonomy":"product_tag","embeddable":true,"href":"https:\/\/www.multicasa.com.br\/inicio\/wp-json\/wp\/v2\/product_tag?post=11679"}],"curies":[{"name":"wp","href":"https:\/\/api.w.org\/{rel}","templated":true}]}}