{"id":11681,"date":"2025-06-20T18:09:35","date_gmt":"2025-06-20T22:09:35","guid":{"rendered":"https:\/\/www.multicasa.com.br\/inicio\/?post_type=product&#038;p=11681"},"modified":"2025-06-20T18:10:29","modified_gmt":"2025-06-20T22:10:29","slug":"cesto-gaveta-aramado-prateleira-cromado-arthi-48cm","status":"publish","type":"product","link":"https:\/\/www.multicasa.com.br\/inicio\/produto\/cesto-gaveta-aramado-prateleira-cromado-arthi-48cm\/","title":{"rendered":"Cesto Gaveta Aramado Prateleira Cromado Arthi 48cm"},"content":{"rendered":"<p>Cesto Gaveta Aramado em a\u00e7o com acabamento cromado Arthi, ideal para organizar sua cozinha! Possui encaixe na prateleira, organizando e aumentando a \u00e1rea \u00fatil de seu arm\u00e1rio com facilidade. N\u00e3o precisa furar, tem 48cm de largura e a haste \u00e9 super resistente e segura, n\u00e3o dobra.<br \/>\nGanhe mais espa\u00e7o dentro do arm\u00e1rio e organize mantimentos, potes ou panelas com seguran\u00e7a!<\/p>\n","protected":false},"excerpt":{"rendered":"<h4 style=\"margin: 0px;padding: 0px 0px 16px;font-family: Lato, sans-serif;font-weight: bold;line-height: 3rem;color: var(--dark-grey3);font-size: 22px;font-style: normal;letter-spacing: normal;text-align: start;text-indent: 0px;text-transform: none\">Informa\u00e7\u00f5es t\u00e9cnicas<\/h4>\n<p><span style=\"margin: 0px;padding: 0px;font-weight: 450;font-size: 14px;line-height: 21px;color: var(--dark-grey2);font-family: Lato, sans-serif;font-style: normal;letter-spacing: normal;text-align: start;text-indent: 0px;text-transform: none\">Produto: Cesto Gaveta<br \/>\nMarca: Arthi<br \/>\nMaterial: A\u00e7o<br \/>\nCor: Prata<br \/>\nCaracter\u00edsticas: Haste super resistente<br \/>\nF\u00e1cil instala\u00e7\u00e3o<br \/>\nN\u00e3o precisa furar<br \/>\nItens Inclusos: 1 cesto gaveta<br \/>\nDimens\u00f5es do produto (A x L x P): 12 x 48,5 x 20cm<br \/>\n<\/span><\/p>\n","protected":false},"featured_media":11749,"template":"","meta":{"_joinchat":[]},"product_brand":[],"product_cat":[146],"product_tag":[],"class_list":{"0":"post-11681","1":"product","2":"type-product","3":"status-publish","4":"has-post-thumbnail","6":"product_cat-prateleiras-e-cia","8":"first","9":"outofstock","10":"shipping-taxable","11":"product-type-simple"},"_links":{"self":[{"href":"https:\/\/www.multicasa.com.br\/inicio\/wp-json\/wp\/v2\/product\/11681","targetHints":{"allow":["GET"]}}],"collection":[{"href":"https:\/\/www.multicasa.com.br\/inicio\/wp-json\/wp\/v2\/product"}],"about":[{"href":"https:\/\/www.multicasa.com.br\/inicio\/wp-json\/wp\/v2\/types\/product"}],"wp:featuredmedia":[{"embeddable":true,"href":"https:\/\/www.multicasa.com.br\/inicio\/wp-json\/wp\/v2\/media\/11749"}],"wp:attachment":[{"href":"https:\/\/www.multicasa.com.br\/inicio\/wp-json\/wp\/v2\/media?parent=11681"}],"wp:term":[{"taxonomy":"product_brand","embeddable":true,"href":"https:\/\/www.multicasa.com.br\/inicio\/wp-json\/wp\/v2\/product_brand?post=11681"},{"taxonomy":"product_cat","embeddable":true,"href":"https:\/\/www.multicasa.com.br\/inicio\/wp-json\/wp\/v2\/product_cat?post=11681"},{"taxonomy":"product_tag","embeddable":true,"href":"https:\/\/www.multicasa.com.br\/inicio\/wp-json\/wp\/v2\/product_tag?post=11681"}],"curies":[{"name":"wp","href":"https:\/\/api.w.org\/{rel}","templated":true}]}}