{"id":11682,"date":"2025-06-20T18:09:35","date_gmt":"2025-06-20T22:09:35","guid":{"rendered":"https:\/\/www.multicasa.com.br\/inicio\/?post_type=product&#038;p=11682"},"modified":"2025-06-20T18:10:32","modified_gmt":"2025-06-20T22:10:32","slug":"dobrador-de-camisetas-em-plastico-branco-arthi","status":"publish","type":"product","link":"https:\/\/www.multicasa.com.br\/inicio\/produto\/dobrador-de-camisetas-em-plastico-branco-arthi\/","title":{"rendered":"Dobrador de Camisetas em Pl\u00e1stico Branco Arthi"},"content":{"rendered":"<p>Use o Dobrador de Camisetas da Arthi para ganhar agilidade e perfei\u00e7\u00e3o na hora de dobrar as suas roupas e da fam\u00edlia. Ideal para ser utilizado com camisetas, p\u00f3los e camisas de bot\u00e3o, o dobrador de roupas \u00e9 simples, f\u00e1cil de usar e deixa todas as pe\u00e7as padronizadas no mesmo tamanho. Com dimens\u00f5es de 30 x 21 x 2, 5 cm e feito de pl\u00e1stico, confere durabilidade e praticidade \u00e0s atividades de casa.<\/p>\n","protected":false},"excerpt":{"rendered":"<h4 style=\"margin: 0px;padding: 0px 0px 16px;font-family: Lato, sans-serif;font-weight: bold;line-height: 3rem;color: var(--dark-grey3);font-size: 22px;font-style: normal;letter-spacing: normal;text-align: start;text-indent: 0px;text-transform: none\">Informa\u00e7\u00f5es t\u00e9cnicas<\/h4>\n<p><span style=\"margin: 0px;padding: 0px;font-weight: 450;font-size: 14px;line-height: 21px;color: var(--dark-grey2);font-family: Lato, sans-serif;font-style: normal;letter-spacing: normal;text-align: start;text-indent: 0px;text-transform: none\">Produto: Dobrador de Camisetas<br \/>\nMarca: Arthi<br \/>\nMaterial: Pl\u00e1stico<br \/>\nCor: Branco<br \/>\nCaracter\u00edsticas: Camisetas dobradas com rapidez e facilidade<br \/>\nIdeal para camisetas polo e camisetas de bot\u00e3o<br \/>\nItens Inclusos: 1 Dobrador de Camisetas<br \/>\nDimens\u00f5es do produto (A x L x P): 30 x 21 x 2,5cm<\/span><\/p>\n","protected":false},"featured_media":11751,"template":"","meta":{"_joinchat":[]},"product_brand":[],"product_cat":[95],"product_tag":[],"class_list":{"0":"post-11682","1":"product","2":"type-product","3":"status-publish","4":"has-post-thumbnail","6":"product_cat-lavanderia","8":"first","9":"outofstock","10":"shipping-taxable","11":"product-type-simple"},"_links":{"self":[{"href":"https:\/\/www.multicasa.com.br\/inicio\/wp-json\/wp\/v2\/product\/11682","targetHints":{"allow":["GET"]}}],"collection":[{"href":"https:\/\/www.multicasa.com.br\/inicio\/wp-json\/wp\/v2\/product"}],"about":[{"href":"https:\/\/www.multicasa.com.br\/inicio\/wp-json\/wp\/v2\/types\/product"}],"wp:featuredmedia":[{"embeddable":true,"href":"https:\/\/www.multicasa.com.br\/inicio\/wp-json\/wp\/v2\/media\/11751"}],"wp:attachment":[{"href":"https:\/\/www.multicasa.com.br\/inicio\/wp-json\/wp\/v2\/media?parent=11682"}],"wp:term":[{"taxonomy":"product_brand","embeddable":true,"href":"https:\/\/www.multicasa.com.br\/inicio\/wp-json\/wp\/v2\/product_brand?post=11682"},{"taxonomy":"product_cat","embeddable":true,"href":"https:\/\/www.multicasa.com.br\/inicio\/wp-json\/wp\/v2\/product_cat?post=11682"},{"taxonomy":"product_tag","embeddable":true,"href":"https:\/\/www.multicasa.com.br\/inicio\/wp-json\/wp\/v2\/product_tag?post=11682"}],"curies":[{"name":"wp","href":"https:\/\/api.w.org\/{rel}","templated":true}]}}