{"id":11704,"date":"2025-06-20T18:09:57","date_gmt":"2025-06-20T22:09:57","guid":{"rendered":"https:\/\/www.multicasa.com.br\/inicio\/?post_type=product&#038;p=11704"},"modified":"2025-12-16T18:21:52","modified_gmt":"2025-12-16T22:21:52","slug":"cabo-conversor-usb-x-rj45-femea-multilaser","status":"publish","type":"product","link":"https:\/\/www.multicasa.com.br\/inicio\/produto\/cabo-conversor-usb-x-rj45-femea-multilaser\/","title":{"rendered":"Cabo Conversor USB X RJ45 F\u00eamea Multilaser"},"content":{"rendered":"<p>O Cabo Conversor USB X RJ45 F\u00eamea Multilaser ?? feito para o uso em ultrabooks, notebooks ou computadores que n\u00e3o possuem entrada de rede, possibilitando a entrada de cabo RJ45, atrav\u00e9s de entrada USB 2.0. Compat\u00edvel com Windows: me, 98, XP, 7 e 8, seu sistema plug &amp; play permite conectar e usar, Com led indicador de funcionamento e cabo com 12cm, sua rede \u00e9 de 10\/100mbps. O item indispens\u00e1vel para facilitar sua rotina.<\/p>\n","protected":false},"excerpt":{"rendered":"<h4 style=\"margin: 0px;padding: 0px 0px 16px;font-family: Lato, sans-serif;font-weight: bold;line-height: 3rem;color: var(--dark-grey3);font-size: 22px;font-style: normal;letter-spacing: normal;text-align: start;text-indent: 0px;text-transform: none\">Informa\u00e7\u00f5es t\u00e9cnicas<\/h4>\n<p><span style=\"margin: 0px;padding: 0px;font-weight: 450;font-size: 14px;line-height: 21px;color: var(--dark-grey2);font-family: Lato, sans-serif;font-style: normal;letter-spacing: normal;text-align: start;text-indent: 0px;text-transform: none\">Produto: Conversor USB<br \/>\nMarca: Multilaser<br \/>\nCor: Preto<br \/>\nCaracter\u00edsticas: Entrada para cabo de rede (RJ45 f\u00eamea)<br \/>\nConector USB 2.0 macho<br \/>\nLed indicador de alimenta\u00e7\u00e3o<br \/>\nRede 10\/100mbps<br \/>\nPlug &amp; play<br \/>\nCompat\u00edvel com Windows ME\/ 98\/ XP\/ WIN7\/ WIN8<br \/>\nItens inclusos: 1 Emenda Jack<br \/>\nDimens\u00f5es do produto (A X L x C): 1,5 x 16 x 12cm<br \/>\n<\/span><\/p>\n","protected":false},"featured_media":11755,"template":"","meta":{"_joinchat":[]},"product_brand":[],"product_cat":[130],"product_tag":[],"class_list":{"0":"post-11704","1":"product","2":"type-product","3":"status-publish","4":"has-post-thumbnail","6":"product_cat-informatica","8":"first","9":"outofstock","10":"shipping-taxable","11":"product-type-simple"},"_links":{"self":[{"href":"https:\/\/www.multicasa.com.br\/inicio\/wp-json\/wp\/v2\/product\/11704","targetHints":{"allow":["GET"]}}],"collection":[{"href":"https:\/\/www.multicasa.com.br\/inicio\/wp-json\/wp\/v2\/product"}],"about":[{"href":"https:\/\/www.multicasa.com.br\/inicio\/wp-json\/wp\/v2\/types\/product"}],"wp:featuredmedia":[{"embeddable":true,"href":"https:\/\/www.multicasa.com.br\/inicio\/wp-json\/wp\/v2\/media\/11755"}],"wp:attachment":[{"href":"https:\/\/www.multicasa.com.br\/inicio\/wp-json\/wp\/v2\/media?parent=11704"}],"wp:term":[{"taxonomy":"product_brand","embeddable":true,"href":"https:\/\/www.multicasa.com.br\/inicio\/wp-json\/wp\/v2\/product_brand?post=11704"},{"taxonomy":"product_cat","embeddable":true,"href":"https:\/\/www.multicasa.com.br\/inicio\/wp-json\/wp\/v2\/product_cat?post=11704"},{"taxonomy":"product_tag","embeddable":true,"href":"https:\/\/www.multicasa.com.br\/inicio\/wp-json\/wp\/v2\/product_tag?post=11704"}],"curies":[{"name":"wp","href":"https:\/\/api.w.org\/{rel}","templated":true}]}}