{"id":11706,"date":"2025-06-20T18:09:57","date_gmt":"2025-06-20T22:09:57","guid":{"rendered":"https:\/\/www.multicasa.com.br\/inicio\/?post_type=product&#038;p=11706"},"modified":"2026-02-21T12:50:16","modified_gmt":"2026-02-21T16:50:16","slug":"porta-papel-higienico-de-parede-com-ventosa-aco-cromado-future","status":"publish","type":"product","link":"https:\/\/www.multicasa.com.br\/inicio\/produto\/porta-papel-higienico-de-parede-com-ventosa-aco-cromado-future\/","title":{"rendered":"Porta Papel Higi\u00eanico de Parede Com Ventosa A\u00e7o Cromado Future"},"content":{"rendered":"<p>O Porta Papel Higi\u00eanico de Parede Future utiliza um sistema de suc\u00e7\u00e3o por ventosas, eliminando os furos, sujeira e o uso de ferramentas para a coloca\u00e7\u00e3o das pe\u00e7as na parede. Confeccionado em a\u00e7o cromado com ventosas de borracha e pl\u00e1stico, \u00e9 resistente e suporta at\u00e9 1kg. Produto pr\u00e1tico e de f\u00e1cil instala\u00e7\u00e3o, possui design cl\u00e1ssico que combina com qualquer banheiro!<\/p>\n","protected":false},"excerpt":{"rendered":"<h4 style=\"margin: 0px;padding: 0px 0px 16px;font-family: Lato, sans-serif;font-weight: bold;line-height: 3rem;color: var(--dark-grey3);font-size: 22px;font-style: normal;letter-spacing: normal;text-align: start;text-indent: 0px;text-transform: none\">Informa\u00e7\u00f5es t\u00e9cnicas<\/h4>\n<p><span style=\"margin: 0px;padding: 0px;font-weight: 450;font-size: 14px;line-height: 21px;color: var(--dark-grey2);font-family: Lato, sans-serif;font-style: normal;letter-spacing: normal;text-align: start;text-indent: 0px;text-transform: none\">Produto: Suporte papel higi\u00eanico<br \/>\nMarca: Future<br \/>\nMaterial: A\u00e7o SAE 1010<br \/>\nBorracha<br \/>\nPl\u00e1stico ABS<br \/>\nCor: Prata<br \/>\nCapacidade: 1kg<br \/>\nCaracter\u00edsticas: Para parede<br \/>\nFixa\u00e7\u00e3o por super ventosa<br \/>\nItens inclusos: 1 Suporte papel higi\u00eanico<br \/>\nDimens\u00f5es do produto (L): 12,5cm<br \/>\n<\/span><\/p>\n","protected":false},"featured_media":11757,"template":"","meta":{"_joinchat":[]},"product_brand":[],"product_cat":[69],"product_tag":[],"class_list":{"0":"post-11706","1":"product","2":"type-product","3":"status-publish","4":"has-post-thumbnail","6":"product_cat-acessorios-para-banheiro","8":"first","9":"instock","10":"shipping-taxable","11":"purchasable","12":"product-type-simple"},"_links":{"self":[{"href":"https:\/\/www.multicasa.com.br\/inicio\/wp-json\/wp\/v2\/product\/11706","targetHints":{"allow":["GET"]}}],"collection":[{"href":"https:\/\/www.multicasa.com.br\/inicio\/wp-json\/wp\/v2\/product"}],"about":[{"href":"https:\/\/www.multicasa.com.br\/inicio\/wp-json\/wp\/v2\/types\/product"}],"wp:featuredmedia":[{"embeddable":true,"href":"https:\/\/www.multicasa.com.br\/inicio\/wp-json\/wp\/v2\/media\/11757"}],"wp:attachment":[{"href":"https:\/\/www.multicasa.com.br\/inicio\/wp-json\/wp\/v2\/media?parent=11706"}],"wp:term":[{"taxonomy":"product_brand","embeddable":true,"href":"https:\/\/www.multicasa.com.br\/inicio\/wp-json\/wp\/v2\/product_brand?post=11706"},{"taxonomy":"product_cat","embeddable":true,"href":"https:\/\/www.multicasa.com.br\/inicio\/wp-json\/wp\/v2\/product_cat?post=11706"},{"taxonomy":"product_tag","embeddable":true,"href":"https:\/\/www.multicasa.com.br\/inicio\/wp-json\/wp\/v2\/product_tag?post=11706"}],"curies":[{"name":"wp","href":"https:\/\/api.w.org\/{rel}","templated":true}]}}