{"id":11732,"date":"2025-06-20T18:10:19","date_gmt":"2025-06-20T22:10:19","guid":{"rendered":"https:\/\/www.multicasa.com.br\/inicio\/?post_type=product&#038;p=11732"},"modified":"2026-02-21T12:20:16","modified_gmt":"2026-02-21T16:20:16","slug":"pa-de-lixo-e-escova-novica-bettanin","status":"publish","type":"product","link":"https:\/\/www.multicasa.com.br\/inicio\/produto\/pa-de-lixo-e-escova-novica-bettanin\/","title":{"rendered":"P\u00e1 de Lixo e Escova Novi\u00e7a Bettanin"},"content":{"rendered":"<p>P\u00e1 de Lixo e Escova da linha Novi\u00e7a Bettanin \u00e9 o conjunto ideal para limpeza de pequenos ambientes. \u00c9 compacta e pode ser guardada com facilidade, sendo \u00fatil para viagens, campings e outros. Seu design permite que sejam armazenados juntos, otimizando espa\u00e7os. Use a p\u00e1 de lixo com mini vassoura para atividades dom\u00e9sticas.<\/p>\n","protected":false},"excerpt":{"rendered":"<h4 style=\"margin: 0px;padding: 0px 0px 16px;font-family: Lato, sans-serif;font-weight: bold;line-height: 3rem;color: var(--dark-grey3);font-size: 22px;font-style: normal;letter-spacing: normal;text-align: start;text-indent: 0px;text-transform: none\">Informa\u00e7\u00f5es t\u00e9cnicas<\/h4>\n<p><span style=\"margin: 0px;padding: 0px;font-weight: 450;font-size: 14px;line-height: 21px;color: var(--dark-grey2);font-family: Lato, sans-serif;font-style: normal;letter-spacing: normal;text-align: start;text-indent: 0px;text-transform: none\">Produto: P\u00e1 de lixo<br \/>\nMarca: Bettanin<br \/>\nMaterial: Polipropileno<br \/>\nBorracha<br \/>\nCor: Sortido<br \/>\nCaracter\u00edsticas: Cabo da escova encaixa na p\u00e1<br \/>\nQuantidade de pe\u00e7as: 2<br \/>\nItens Inclusos: 1 p\u00e1<br \/>\n1 escova<br \/>\nDimens\u00f5es do produto (A X L X P): 29,5 X 24,5 X 5,5cm<\/span><\/p>\n","protected":false},"featured_media":11786,"template":"","meta":{"_joinchat":[]},"product_brand":[],"product_cat":[96],"product_tag":[],"class_list":{"0":"post-11732","1":"product","2":"type-product","3":"status-publish","4":"has-post-thumbnail","6":"product_cat-limpeza-e-cia","8":"first","9":"instock","10":"shipping-taxable","11":"purchasable","12":"product-type-simple"},"_links":{"self":[{"href":"https:\/\/www.multicasa.com.br\/inicio\/wp-json\/wp\/v2\/product\/11732","targetHints":{"allow":["GET"]}}],"collection":[{"href":"https:\/\/www.multicasa.com.br\/inicio\/wp-json\/wp\/v2\/product"}],"about":[{"href":"https:\/\/www.multicasa.com.br\/inicio\/wp-json\/wp\/v2\/types\/product"}],"wp:featuredmedia":[{"embeddable":true,"href":"https:\/\/www.multicasa.com.br\/inicio\/wp-json\/wp\/v2\/media\/11786"}],"wp:attachment":[{"href":"https:\/\/www.multicasa.com.br\/inicio\/wp-json\/wp\/v2\/media?parent=11732"}],"wp:term":[{"taxonomy":"product_brand","embeddable":true,"href":"https:\/\/www.multicasa.com.br\/inicio\/wp-json\/wp\/v2\/product_brand?post=11732"},{"taxonomy":"product_cat","embeddable":true,"href":"https:\/\/www.multicasa.com.br\/inicio\/wp-json\/wp\/v2\/product_cat?post=11732"},{"taxonomy":"product_tag","embeddable":true,"href":"https:\/\/www.multicasa.com.br\/inicio\/wp-json\/wp\/v2\/product_tag?post=11732"}],"curies":[{"name":"wp","href":"https:\/\/api.w.org\/{rel}","templated":true}]}}