{"id":11736,"date":"2025-06-20T18:10:19","date_gmt":"2025-06-20T22:10:19","guid":{"rendered":"https:\/\/www.multicasa.com.br\/inicio\/?post_type=product&#038;p=11736"},"modified":"2025-06-20T18:11:03","modified_gmt":"2025-06-20T22:11:03","slug":"esponja-de-banho-slow-betta-banho","status":"publish","type":"product","link":"https:\/\/www.multicasa.com.br\/inicio\/produto\/esponja-de-banho-slow-betta-banho\/","title":{"rendered":"Esponja de Banho Slow Betta Banho"},"content":{"rendered":"<p>Seu corpo merece todo o cuidado e delicadeza da esponja de banho Slow Bettanin. Feita de espuma especial que abre os poros, limpa e remove impurezas, tem formato anat\u00f4mico que acompanha a anatomia do corpo. Mede 13 x 9 x 4, 5 cm, ideal para deixar sempre ao alcance das m\u00e3os no banheiro.<\/p>\n","protected":false},"excerpt":{"rendered":"<h4 style=\"margin: 0px;padding: 0px 0px 16px;font-family: Lato, sans-serif;font-weight: bold;line-height: 3rem;color: var(--dark-grey3);font-size: 22px;font-style: normal;letter-spacing: normal;text-align: start;text-indent: 0px;text-transform: none\">Informa\u00e7\u00f5es t\u00e9cnicas<\/h4>\n<p><span style=\"margin: 0px;padding: 0px;font-weight: 450;font-size: 14px;line-height: 21px;color: var(--dark-grey2);font-family: Lato, sans-serif;font-style: normal;letter-spacing: normal;text-align: start;text-indent: 0px;text-transform: none\">Produto: Esponja de banho<br \/>\nMarca: Bettanin<br \/>\nMaterial: Poliuretano<br \/>\nCor: Azul<br \/>\nCaracter\u00edsticas: Al\u00e7a para pendurar<br \/>\nSuper macia<br \/>\nFormato anat\u00f4mico<br \/>\nItens inclusos: 1 Esponja de banho<br \/>\nDimens\u00f5es do produto (A X L X P): 13 x 9 x 4,5cm<br \/>\n<\/span><\/p>\n","protected":false},"featured_media":11793,"template":"","meta":{"_joinchat":[]},"product_brand":[],"product_cat":[69],"product_tag":[],"class_list":{"0":"post-11736","1":"product","2":"type-product","3":"status-publish","4":"has-post-thumbnail","6":"product_cat-acessorios-para-banheiro","8":"first","9":"outofstock","10":"shipping-taxable","11":"product-type-simple"},"_links":{"self":[{"href":"https:\/\/www.multicasa.com.br\/inicio\/wp-json\/wp\/v2\/product\/11736","targetHints":{"allow":["GET"]}}],"collection":[{"href":"https:\/\/www.multicasa.com.br\/inicio\/wp-json\/wp\/v2\/product"}],"about":[{"href":"https:\/\/www.multicasa.com.br\/inicio\/wp-json\/wp\/v2\/types\/product"}],"wp:featuredmedia":[{"embeddable":true,"href":"https:\/\/www.multicasa.com.br\/inicio\/wp-json\/wp\/v2\/media\/11793"}],"wp:attachment":[{"href":"https:\/\/www.multicasa.com.br\/inicio\/wp-json\/wp\/v2\/media?parent=11736"}],"wp:term":[{"taxonomy":"product_brand","embeddable":true,"href":"https:\/\/www.multicasa.com.br\/inicio\/wp-json\/wp\/v2\/product_brand?post=11736"},{"taxonomy":"product_cat","embeddable":true,"href":"https:\/\/www.multicasa.com.br\/inicio\/wp-json\/wp\/v2\/product_cat?post=11736"},{"taxonomy":"product_tag","embeddable":true,"href":"https:\/\/www.multicasa.com.br\/inicio\/wp-json\/wp\/v2\/product_tag?post=11736"}],"curies":[{"name":"wp","href":"https:\/\/api.w.org\/{rel}","templated":true}]}}