{"id":11738,"date":"2025-06-20T18:10:19","date_gmt":"2025-06-20T22:10:19","guid":{"rendered":"https:\/\/www.multicasa.com.br\/inicio\/?post_type=product&#038;p=11738"},"modified":"2025-06-20T18:11:08","modified_gmt":"2025-06-20T22:11:08","slug":"lanterna-led-multiuso-bdl28la-black-decker","status":"publish","type":"product","link":"https:\/\/www.multicasa.com.br\/inicio\/produto\/lanterna-led-multiuso-bdl28la-black-decker\/","title":{"rendered":"Lanterna Led Multiuso BDL28LA Black + Decker"},"content":{"rendered":"<p>Com 28 leds, a Lanterna Multiuso Black + Decker funciona \u00e0 base de 3 pilhas AA e pode ser usada de diversas maneiras nas suas atividades. Com ilumina\u00e7\u00e3o de 360 graus, \u00e9 composta por 3 leds vermelhos e 25 brancos, tendo a fun\u00e7\u00e3o de sinaliza\u00e7\u00e3o tamb\u00e9m. Al\u00e9m disso, permite a escolha entre luz difusa e enfocada, possui martelo de fresta na parte inferior e gancho na parte superior. Conta ainda com fun\u00e7\u00e3o de alarme pager (70db) e grau IP54 \u00e0 prova d\u0092\u00e1gua e poeira.<\/p>\n","protected":false},"excerpt":{"rendered":"<h4 style=\"margin: 0px;padding: 0px 0px 16px;font-family: Lato, sans-serif;font-weight: bold;line-height: 3rem;color: var(--dark-grey3);font-size: 22px;font-style: normal;letter-spacing: normal;text-align: start;text-indent: 0px;text-transform: none\">Informa\u00e7\u00f5es t\u00e9cnicas<\/h4>\n<p><span style=\"margin: 0px;padding: 0px;font-weight: 450;font-size: 14px;line-height: 21px;color: var(--dark-grey2);font-family: Lato, sans-serif;font-style: normal;letter-spacing: normal;text-align: start;text-indent: 0px;text-transform: none\">Produto: Lanterna Multiuso<br \/>\nMarca: Black + Decker<br \/>\nModelo: BDL28LA<br \/>\nCor: preto, transparente, laranja<br \/>\nAlimenta\u00e7\u00e3o: 3 pilhas AA<br \/>\nCaracter\u00edsticas: 28 leds, 3 leds vermelhos, 25 leds brancos, ilumina\u00e7\u00e3o de 360 graus, fun\u00e7\u00e3o alarme pager com 70db, resistente \u00e0 \u00e1gua e poeira (grau IP54), luz difusa e enfocada, fun\u00e7\u00e3o sinalizadora, com saquinho protetor<br \/>\nItens Inclusos: 1 lanterna multiuso<br \/>\nDimens\u00f5es do produto (A X L X P): 31 x 16 x 10cm<br \/>\nGarantia: 3 meses<\/span><\/p>\n","protected":false},"featured_media":11797,"template":"","meta":{"_joinchat":[]},"product_brand":[],"product_cat":[136],"product_tag":[],"class_list":{"0":"post-11738","1":"product","2":"type-product","3":"status-publish","4":"has-post-thumbnail","6":"product_cat-lazer","8":"first","9":"outofstock","10":"shipping-taxable","11":"product-type-simple"},"_links":{"self":[{"href":"https:\/\/www.multicasa.com.br\/inicio\/wp-json\/wp\/v2\/product\/11738","targetHints":{"allow":["GET"]}}],"collection":[{"href":"https:\/\/www.multicasa.com.br\/inicio\/wp-json\/wp\/v2\/product"}],"about":[{"href":"https:\/\/www.multicasa.com.br\/inicio\/wp-json\/wp\/v2\/types\/product"}],"wp:featuredmedia":[{"embeddable":true,"href":"https:\/\/www.multicasa.com.br\/inicio\/wp-json\/wp\/v2\/media\/11797"}],"wp:attachment":[{"href":"https:\/\/www.multicasa.com.br\/inicio\/wp-json\/wp\/v2\/media?parent=11738"}],"wp:term":[{"taxonomy":"product_brand","embeddable":true,"href":"https:\/\/www.multicasa.com.br\/inicio\/wp-json\/wp\/v2\/product_brand?post=11738"},{"taxonomy":"product_cat","embeddable":true,"href":"https:\/\/www.multicasa.com.br\/inicio\/wp-json\/wp\/v2\/product_cat?post=11738"},{"taxonomy":"product_tag","embeddable":true,"href":"https:\/\/www.multicasa.com.br\/inicio\/wp-json\/wp\/v2\/product_tag?post=11738"}],"curies":[{"name":"wp","href":"https:\/\/api.w.org\/{rel}","templated":true}]}}