{"id":11739,"date":"2025-06-20T18:10:19","date_gmt":"2025-06-20T22:10:19","guid":{"rendered":"https:\/\/www.multicasa.com.br\/inicio\/?post_type=product&#038;p=11739"},"modified":"2025-06-20T18:11:14","modified_gmt":"2025-06-20T22:11:14","slug":"kit-de-chaves-para-bicicleta-17-pecas-tramontina","status":"publish","type":"product","link":"https:\/\/www.multicasa.com.br\/inicio\/produto\/kit-de-chaves-para-bicicleta-17-pecas-tramontina\/","title":{"rendered":"Kit de Chaves para Bicicleta 17 Pe\u00e7as Tramontina"},"content":{"rendered":"<p>O Kit de ferramentas para bicicleta acompanha 17 pe\u00e7as que auxiliam voc\u00ea nas diferentes exig\u00eancias que sua bicicleta precisa. S\u00e3o chaves estrela, para raios, hexagonais, canh\u00e3o e de Fenda ponta chata e cruzada. As ferramentas s\u00e3o acondicionadas em uma embalagem tipo canivete que al\u00e9m de evitar o extravio de pe\u00e7as, ainda mant\u00e9m o kit organizado. Um kit compacto e f\u00e1cil de transportar, seus passeios de bicicleta v\u00e3o ficar ainda melhores, tornando os momentos ao ar livre mais especiais e pr\u00e1ticos.<\/p>\n","protected":false},"excerpt":{"rendered":"<h4 style=\"margin: 0px;padding: 0px 0px 16px;font-family: Lato, sans-serif;font-weight: bold;line-height: 3rem;color: var(--dark-grey3);font-size: 22px;font-style: normal;letter-spacing: normal;text-align: start;text-indent: 0px;text-transform: none\">Informa\u00e7\u00f5es t\u00e9cnicas<\/h4>\n<p><span style=\"margin: 0px;padding: 0px;font-weight: 450;font-size: 14px;line-height: 21px;color: var(--dark-grey2);font-family: Lato, sans-serif;font-style: normal;letter-spacing: normal;text-align: start;text-indent: 0px;text-transform: none\">Produto: Kit de Chaves para bicicleta<br \/>\nMarca: Tramontina<br \/>\nCor: Preto e prata<br \/>\nCaracter\u00edsticas: Produzido com materiais especiais<br \/>\nQuantidade de pe\u00e7as: 17<br \/>\nItens Inclusos: 5 Chaves Estrelas 9; 10; 12; 13 e 15mm<br \/>\n3 Chaves Para Raios 14; 15 Ge e 0,136&#8243;<br \/>\n6 Chaves Hexagonais: 2; 2,5; 3; 4; 5 e 6mm<br \/>\n1 Chave De Fenda Ponta Chata<br \/>\n1 Chave De Fenda Ponta Cruzada<br \/>\n1 Chave Canh\u00e3o 8mm<\/span><\/p>\n","protected":false},"featured_media":11813,"template":"","meta":{"_joinchat":[]},"product_brand":[],"product_cat":[137],"product_tag":[],"class_list":{"0":"post-11739","1":"product","2":"type-product","3":"status-publish","4":"has-post-thumbnail","6":"product_cat-ferramentas-manuais","8":"first","9":"outofstock","10":"shipping-taxable","11":"product-type-simple"},"_links":{"self":[{"href":"https:\/\/www.multicasa.com.br\/inicio\/wp-json\/wp\/v2\/product\/11739","targetHints":{"allow":["GET"]}}],"collection":[{"href":"https:\/\/www.multicasa.com.br\/inicio\/wp-json\/wp\/v2\/product"}],"about":[{"href":"https:\/\/www.multicasa.com.br\/inicio\/wp-json\/wp\/v2\/types\/product"}],"wp:featuredmedia":[{"embeddable":true,"href":"https:\/\/www.multicasa.com.br\/inicio\/wp-json\/wp\/v2\/media\/11813"}],"wp:attachment":[{"href":"https:\/\/www.multicasa.com.br\/inicio\/wp-json\/wp\/v2\/media?parent=11739"}],"wp:term":[{"taxonomy":"product_brand","embeddable":true,"href":"https:\/\/www.multicasa.com.br\/inicio\/wp-json\/wp\/v2\/product_brand?post=11739"},{"taxonomy":"product_cat","embeddable":true,"href":"https:\/\/www.multicasa.com.br\/inicio\/wp-json\/wp\/v2\/product_cat?post=11739"},{"taxonomy":"product_tag","embeddable":true,"href":"https:\/\/www.multicasa.com.br\/inicio\/wp-json\/wp\/v2\/product_tag?post=11739"}],"curies":[{"name":"wp","href":"https:\/\/api.w.org\/{rel}","templated":true}]}}