{"id":11763,"date":"2025-06-20T18:10:43","date_gmt":"2025-06-20T22:10:43","guid":{"rendered":"https:\/\/www.multicasa.com.br\/inicio\/?post_type=product&#038;p=11763"},"modified":"2025-06-20T18:11:22","modified_gmt":"2025-06-20T22:11:22","slug":"caneta-marcadora-permanente-para-cd-e-dvd-vermelho-kaz-2-0","status":"publish","type":"product","link":"https:\/\/www.multicasa.com.br\/inicio\/produto\/caneta-marcadora-permanente-para-cd-e-dvd-vermelho-kaz-2-0\/","title":{"rendered":"Caneta Marcadora Permanente para CD e DVD Vermelho Kaz 2.0"},"content":{"rendered":"<p>A Caneta Marcadora Permanente para CD e DVD na cor vermelha, tem a ponta de fibra de 2.0mm e sua secagem \u00e9 r\u00e1pida. Seu corpo \u00e9 feito de resina termopl\u00e1stica.<\/p>\n","protected":false},"excerpt":{"rendered":"<h4 style=\"margin: 0px;padding: 0px 0px 16px;font-family: Lato, sans-serif;font-weight: bold;line-height: 3rem;color: var(--dark-grey3);font-size: 22px;font-style: normal;letter-spacing: normal;text-align: start;text-indent: 0px;text-transform: none\">Informa\u00e7\u00f5es t\u00e9cnicas<\/h4>\n<p><span style=\"margin: 0px;padding: 0px;font-weight: 450;font-size: 14px;line-height: 21px;color: var(--dark-grey2);font-family: Lato, sans-serif;font-style: normal;letter-spacing: normal;text-align: start;text-indent: 0px;text-transform: none\">Produto: Caneta Permanente para CD\/DVD<br \/>\nMarca: Kaz<br \/>\nMaterial: Resina termopl\u00e1stica, tinta \u00e1 base de alcool, corantes org\u00e2nicos e ponta de fibra sint\u00e9tica<br \/>\nCor: Vermelho<br \/>\nCaracter\u00edsticas: Ponta de 2.0mm, secagem r\u00e1pida                                                                                                                Cuidados: Manter tampado ap\u00f3s o uso; evite expor diretamente aos raios solares e a temperaturas elevadas, evite o uso direto sobre a pele.<br \/>\nItens Inclusos: 1 caneta permanente para CD\/DVD<br \/>\nDimens\u00f5es do produto (A x L x P): 13,6 x 1,3 x 1,6 cm<\/span><\/p>\n","protected":false},"featured_media":11824,"template":"","meta":{"_joinchat":[]},"product_brand":[],"product_cat":[97],"product_tag":[],"class_list":{"0":"post-11763","1":"product","2":"type-product","3":"status-publish","4":"has-post-thumbnail","6":"product_cat-papelaria","8":"first","9":"outofstock","10":"shipping-taxable","11":"product-type-simple"},"_links":{"self":[{"href":"https:\/\/www.multicasa.com.br\/inicio\/wp-json\/wp\/v2\/product\/11763","targetHints":{"allow":["GET"]}}],"collection":[{"href":"https:\/\/www.multicasa.com.br\/inicio\/wp-json\/wp\/v2\/product"}],"about":[{"href":"https:\/\/www.multicasa.com.br\/inicio\/wp-json\/wp\/v2\/types\/product"}],"wp:featuredmedia":[{"embeddable":true,"href":"https:\/\/www.multicasa.com.br\/inicio\/wp-json\/wp\/v2\/media\/11824"}],"wp:attachment":[{"href":"https:\/\/www.multicasa.com.br\/inicio\/wp-json\/wp\/v2\/media?parent=11763"}],"wp:term":[{"taxonomy":"product_brand","embeddable":true,"href":"https:\/\/www.multicasa.com.br\/inicio\/wp-json\/wp\/v2\/product_brand?post=11763"},{"taxonomy":"product_cat","embeddable":true,"href":"https:\/\/www.multicasa.com.br\/inicio\/wp-json\/wp\/v2\/product_cat?post=11763"},{"taxonomy":"product_tag","embeddable":true,"href":"https:\/\/www.multicasa.com.br\/inicio\/wp-json\/wp\/v2\/product_tag?post=11763"}],"curies":[{"name":"wp","href":"https:\/\/api.w.org\/{rel}","templated":true}]}}