{"id":11765,"date":"2025-06-20T18:10:43","date_gmt":"2025-06-20T22:10:43","guid":{"rendered":"https:\/\/www.multicasa.com.br\/inicio\/?post_type=product&#038;p=11765"},"modified":"2025-08-18T01:53:58","modified_gmt":"2025-08-18T05:53:58","slug":"alfinete-para-mapas-cores-sortidas-kaz-50-unidades","status":"publish","type":"product","link":"https:\/\/www.multicasa.com.br\/inicio\/produto\/alfinete-para-mapas-cores-sortidas-kaz-50-unidades\/","title":{"rendered":"Alfinete para Mapas Cores Sortidas Kaz 50 unidades"},"content":{"rendered":"<p>O Alfinete para Mapa da Kaz vem com o formato em ta\u00e7a. Sua caixa vem com 50 unidades, com cores sortidas. Feito em resina termopl\u00e1stica. Muito pr\u00e1tico, ideal para os trabalhos escolares.<\/p>\n","protected":false},"excerpt":{"rendered":"<h4 style=\"margin: 0px;padding: 0px 0px 16px;font-family: Lato, sans-serif;font-weight: bold;line-height: 3rem;color: var(--dark-grey3);font-size: 22px;font-style: normal;letter-spacing: normal;text-align: start;text-indent: 0px;text-transform: none\">Informa\u00e7\u00f5es t\u00e9cnicas<\/h4>\n<p><span style=\"margin: 0px;padding: 0px;font-weight: 450;font-size: 14px;line-height: 21px;color: var(--dark-grey2);font-family: Lato, sans-serif;font-style: normal;letter-spacing: normal;text-align: start;text-indent: 0px;text-transform: none\">Produto: Alfinete para Mapa<br \/>\nMarca: Kaz<br \/>\nMaterial: Ponta confeccionada em resina termopl\u00e1stica e corpo confeccionado em a\u00e7o com tratamento niquelado.<br \/>\nCor: Sortidos<br \/>\nCaracter\u00edsticas: Formato ta\u00e7a, cores sortidas.                                                                                                                      Itens Inclusos: 50 Alfinetes para mapa<br \/>\nDimens\u00f5es do produto (A x L x P): 6,5 x 4 x 2,1 cm<\/span><\/p>\n","protected":false},"featured_media":11826,"template":"","meta":{"_joinchat":[]},"product_brand":[],"product_cat":[97],"product_tag":[],"class_list":{"0":"post-11765","1":"product","2":"type-product","3":"status-publish","4":"has-post-thumbnail","6":"product_cat-papelaria","8":"first","9":"instock","10":"shipping-taxable","11":"purchasable","12":"product-type-simple"},"_links":{"self":[{"href":"https:\/\/www.multicasa.com.br\/inicio\/wp-json\/wp\/v2\/product\/11765","targetHints":{"allow":["GET"]}}],"collection":[{"href":"https:\/\/www.multicasa.com.br\/inicio\/wp-json\/wp\/v2\/product"}],"about":[{"href":"https:\/\/www.multicasa.com.br\/inicio\/wp-json\/wp\/v2\/types\/product"}],"wp:featuredmedia":[{"embeddable":true,"href":"https:\/\/www.multicasa.com.br\/inicio\/wp-json\/wp\/v2\/media\/11826"}],"wp:attachment":[{"href":"https:\/\/www.multicasa.com.br\/inicio\/wp-json\/wp\/v2\/media?parent=11765"}],"wp:term":[{"taxonomy":"product_brand","embeddable":true,"href":"https:\/\/www.multicasa.com.br\/inicio\/wp-json\/wp\/v2\/product_brand?post=11765"},{"taxonomy":"product_cat","embeddable":true,"href":"https:\/\/www.multicasa.com.br\/inicio\/wp-json\/wp\/v2\/product_cat?post=11765"},{"taxonomy":"product_tag","embeddable":true,"href":"https:\/\/www.multicasa.com.br\/inicio\/wp-json\/wp\/v2\/product_tag?post=11765"}],"curies":[{"name":"wp","href":"https:\/\/api.w.org\/{rel}","templated":true}]}}