{"id":11766,"date":"2025-06-20T18:10:43","date_gmt":"2025-06-20T22:10:43","guid":{"rendered":"https:\/\/www.multicasa.com.br\/inicio\/?post_type=product&#038;p=11766"},"modified":"2025-08-17T19:08:47","modified_gmt":"2025-08-17T23:08:47","slug":"chuveiro-ducha-jet-com-controle-eletronico-lorenzetti-7800w-220v","status":"publish","type":"product","link":"https:\/\/www.multicasa.com.br\/inicio\/produto\/chuveiro-ducha-jet-com-controle-eletronico-lorenzetti-7800w-220v\/","title":{"rendered":"Chuveiro Ducha Jet com Controle Eletr\u00f4nico Lorenzetti 7800W &#8211; 220V"},"content":{"rendered":"<p>Depois de um longo dia, chegar em casa e tomar um banho relaxante \u00e9 o que voc\u00ea mais precisa. O Chuveiro Ducha Jet com Controle Eletr\u00f4nico Lorenzetti conta com design bonito e arrojado com controle que facilita a troca de temperaturas de forma pr\u00e1tica e segura, sem que voc\u00ea precise subir ou se apoiar em outros lugares para ajust\u00e1-la. Possui pot\u00eancia de 7800W e voltagem de 220V. Com jato inteligente e multidirecional, o chuveiro ducha Lorenzetti oferece mais precis\u00e3o do jato e conforto na hora do banho. Disjuntor recomendado de 40A e bitola de fio recomendado de 6mm\u00b2.<\/p>\n","protected":false},"excerpt":{"rendered":"<h4 style=\"margin: 0px;padding: 0px 0px 16px;font-family: Lato, sans-serif;font-weight: bold;line-height: 3rem;color: var(--dark-grey3);font-size: 22px;font-style: normal;letter-spacing: normal;text-align: start;text-indent: 0px;text-transform: none\">Informa\u00e7\u00f5es t\u00e9cnicas<\/h4>\n<p><span style=\"margin: 0px;padding: 0px;font-weight: 450;font-size: 14px;line-height: 21px;color: var(--dark-grey2);font-family: Lato, sans-serif;font-style: normal;letter-spacing: normal;text-align: start;text-indent: 0px;text-transform: none\">Produto: Chuveiro<br \/>\nMarca: Lorenzetti<br \/>\nModelo: Ducha Jet<br \/>\nMaterial: Termopl\u00e1stico<br \/>\nCor: Branco<br \/>\nPot\u00eancia: 7800w<br \/>\nTens\u00e3o el\u00e9trica: 220v<br \/>\nCaracter\u00edsticas: Controle eletr\u00f4nico; Press\u00e3o de funcionamento: 10 a 400kPa (1 a 40mca ); grau de prote\u00e7\u00e3o: IP 24<br \/>\nItens Inclusos: 1 Chuveiro<br \/>\nDimens\u00f5es do produto (A x L x P): 20,95 x 15,22 x 16,29cm<\/span><\/p>\n","protected":false},"featured_media":11827,"template":"","meta":{"_joinchat":[]},"product_brand":[],"product_cat":[71],"product_tag":[],"class_list":{"0":"post-11766","1":"product","2":"type-product","3":"status-publish","4":"has-post-thumbnail","6":"product_cat-chuveiros","8":"first","9":"outofstock","10":"shipping-taxable","11":"purchasable","12":"product-type-simple"},"_links":{"self":[{"href":"https:\/\/www.multicasa.com.br\/inicio\/wp-json\/wp\/v2\/product\/11766","targetHints":{"allow":["GET"]}}],"collection":[{"href":"https:\/\/www.multicasa.com.br\/inicio\/wp-json\/wp\/v2\/product"}],"about":[{"href":"https:\/\/www.multicasa.com.br\/inicio\/wp-json\/wp\/v2\/types\/product"}],"wp:featuredmedia":[{"embeddable":true,"href":"https:\/\/www.multicasa.com.br\/inicio\/wp-json\/wp\/v2\/media\/11827"}],"wp:attachment":[{"href":"https:\/\/www.multicasa.com.br\/inicio\/wp-json\/wp\/v2\/media?parent=11766"}],"wp:term":[{"taxonomy":"product_brand","embeddable":true,"href":"https:\/\/www.multicasa.com.br\/inicio\/wp-json\/wp\/v2\/product_brand?post=11766"},{"taxonomy":"product_cat","embeddable":true,"href":"https:\/\/www.multicasa.com.br\/inicio\/wp-json\/wp\/v2\/product_cat?post=11766"},{"taxonomy":"product_tag","embeddable":true,"href":"https:\/\/www.multicasa.com.br\/inicio\/wp-json\/wp\/v2\/product_tag?post=11766"}],"curies":[{"name":"wp","href":"https:\/\/api.w.org\/{rel}","templated":true}]}}