{"id":11768,"date":"2025-06-20T18:10:44","date_gmt":"2025-06-20T22:10:44","guid":{"rendered":"https:\/\/www.multicasa.com.br\/inicio\/?post_type=product&#038;p=11768"},"modified":"2026-04-21T13:21:10","modified_gmt":"2026-04-21T17:21:10","slug":"bico-para-torneira-em-zamak-1-2x1-2-garden","status":"publish","type":"product","link":"https:\/\/www.multicasa.com.br\/inicio\/produto\/bico-para-torneira-em-zamak-1-2x1-2-garden\/","title":{"rendered":"Bico para Torneira em Zamak 1\/2&#215;1\/2 Garden"},"content":{"rendered":"<p>Precisando renovar sua mangueira ou artigos de jardim? Use o bico para torneira em Zamak da Garden. Medindo 1\/2 x 1\/2?? (dimens\u00e3o total de 37,5 mm), leva praticidade para seu dia-a-dia, sendo o \u00fanico do mercado com alojamento para o vedante, fazendo com que eles n\u00e3o se percam no bico.<\/p>\n","protected":false},"excerpt":{"rendered":"<h4 style=\"margin: 0px;padding: 0px 0px 16px;font-family: Lato, sans-serif;font-weight: bold;line-height: 3rem;color: var(--dark-grey3);font-size: 22px;font-style: normal;letter-spacing: normal;text-align: start;text-indent: 0px;text-transform: none\">Informa\u00e7\u00f5es t\u00e9cnicas<\/h4>\n<p><span style=\"margin: 0px;padding: 0px;font-weight: 450;font-size: 14px;line-height: 21px;color: var(--dark-grey2);font-family: Lato, sans-serif;font-style: normal;letter-spacing: normal;text-align: start;text-indent: 0px;text-transform: none\">Produto: Bico para Torneira<br \/>\nMarca: Garden<br \/>\nMaterial: Zamak<br \/>\nCor: Prata<br \/>\nCaracter\u00edsticas: Compat\u00edvel com mangueira de 1\/2<br \/>\nRosca de 1\/2<br \/>\nItens inclusos: 1 Bico para Torneira<br \/>\nDimens\u00f5es do produto em polegadas: 1\/2 x 1\/2&#8243;<br \/>\nDimens\u00f5es do produto (A): 3,75cm<br \/>\n<\/span><\/p>\n","protected":false},"featured_media":24687,"template":"","meta":{"_joinchat":[]},"product_brand":[],"product_cat":[76],"product_tag":[],"class_list":{"0":"post-11768","1":"product","2":"type-product","3":"status-publish","4":"has-post-thumbnail","6":"product_cat-jardinagem","8":"first","9":"instock","10":"shipping-taxable","11":"purchasable","12":"product-type-simple"},"_links":{"self":[{"href":"https:\/\/www.multicasa.com.br\/inicio\/wp-json\/wp\/v2\/product\/11768","targetHints":{"allow":["GET"]}}],"collection":[{"href":"https:\/\/www.multicasa.com.br\/inicio\/wp-json\/wp\/v2\/product"}],"about":[{"href":"https:\/\/www.multicasa.com.br\/inicio\/wp-json\/wp\/v2\/types\/product"}],"wp:featuredmedia":[{"embeddable":true,"href":"https:\/\/www.multicasa.com.br\/inicio\/wp-json\/wp\/v2\/media\/24687"}],"wp:attachment":[{"href":"https:\/\/www.multicasa.com.br\/inicio\/wp-json\/wp\/v2\/media?parent=11768"}],"wp:term":[{"taxonomy":"product_brand","embeddable":true,"href":"https:\/\/www.multicasa.com.br\/inicio\/wp-json\/wp\/v2\/product_brand?post=11768"},{"taxonomy":"product_cat","embeddable":true,"href":"https:\/\/www.multicasa.com.br\/inicio\/wp-json\/wp\/v2\/product_cat?post=11768"},{"taxonomy":"product_tag","embeddable":true,"href":"https:\/\/www.multicasa.com.br\/inicio\/wp-json\/wp\/v2\/product_tag?post=11768"}],"curies":[{"name":"wp","href":"https:\/\/api.w.org\/{rel}","templated":true}]}}