{"id":11770,"date":"2025-06-20T18:10:44","date_gmt":"2025-06-20T22:10:44","guid":{"rendered":"https:\/\/www.multicasa.com.br\/inicio\/?post_type=product&#038;p=11770"},"modified":"2025-06-20T18:11:35","modified_gmt":"2025-06-20T22:11:35","slug":"protetor-de-colchao-slip-casal-poly-kountry","status":"publish","type":"product","link":"https:\/\/www.multicasa.com.br\/inicio\/produto\/protetor-de-colchao-slip-casal-poly-kountry\/","title":{"rendered":"Protetor de Colch\u00e3o Slip Casal Poly Kountry"},"content":{"rendered":"<p>O Protetor de Colch\u00e3o Casal Kountry protege e prolonga a vida \u00fatil do seu colch\u00e3o, evitando manchas, rasgos e sujeiras. Produzido em polietileno e polipropileno 100% imperme\u00e1vel, 100% anti\u00e1caro e antial\u00e9rgico com el\u00e1stico em toda volta do protetor. Pr\u00e1tico e lav\u00e1vel, garantindo qualidade.<\/p>\n","protected":false},"excerpt":{"rendered":"<h4 style=\"margin: 0px;padding: 0px 0px 16px;font-family: Lato, sans-serif;font-weight: bold;line-height: 3rem;color: var(--dark-grey3);font-size: 22px;font-style: normal;letter-spacing: normal;text-align: start;text-indent: 0px;text-transform: none\">Informa\u00e7\u00f5es t\u00e9cnicas<\/h4>\n<p><span style=\"margin: 0px;padding: 0px;font-weight: 450;font-size: 14px;line-height: 21px;color: var(--dark-grey2);font-family: Lato, sans-serif;font-style: normal;letter-spacing: normal;text-align: start;text-indent: 0px;text-transform: none\">Produto: Protetor de Colch\u00e3o<br \/>\nMarca: Kountry<br \/>\nModelo: Casal<br \/>\nMaterial: Polietileno<br \/>\nPolipropileno<br \/>\nCor: Branco<br \/>\nCaracter\u00edsticas: Tipo Slip com el\u00e1stico em toda volta<br \/>\nItens Inclusos: 1 protetor de colch\u00e3o<br \/>\nDimens\u00f5es do produto (A x L x P): 140 x 190 x 25cm<br \/>\n<\/span><\/p>\n","protected":false},"featured_media":11844,"template":"","meta":{"_joinchat":[]},"product_brand":[],"product_cat":[153],"product_tag":[],"class_list":{"0":"post-11770","1":"product","2":"type-product","3":"status-publish","4":"has-post-thumbnail","6":"product_cat-eletronica-e-cia","8":"first","9":"outofstock","10":"shipping-taxable","11":"product-type-simple"},"_links":{"self":[{"href":"https:\/\/www.multicasa.com.br\/inicio\/wp-json\/wp\/v2\/product\/11770","targetHints":{"allow":["GET"]}}],"collection":[{"href":"https:\/\/www.multicasa.com.br\/inicio\/wp-json\/wp\/v2\/product"}],"about":[{"href":"https:\/\/www.multicasa.com.br\/inicio\/wp-json\/wp\/v2\/types\/product"}],"wp:featuredmedia":[{"embeddable":true,"href":"https:\/\/www.multicasa.com.br\/inicio\/wp-json\/wp\/v2\/media\/11844"}],"wp:attachment":[{"href":"https:\/\/www.multicasa.com.br\/inicio\/wp-json\/wp\/v2\/media?parent=11770"}],"wp:term":[{"taxonomy":"product_brand","embeddable":true,"href":"https:\/\/www.multicasa.com.br\/inicio\/wp-json\/wp\/v2\/product_brand?post=11770"},{"taxonomy":"product_cat","embeddable":true,"href":"https:\/\/www.multicasa.com.br\/inicio\/wp-json\/wp\/v2\/product_cat?post=11770"},{"taxonomy":"product_tag","embeddable":true,"href":"https:\/\/www.multicasa.com.br\/inicio\/wp-json\/wp\/v2\/product_tag?post=11770"}],"curies":[{"name":"wp","href":"https:\/\/api.w.org\/{rel}","templated":true}]}}