{"id":11771,"date":"2025-06-20T18:10:44","date_gmt":"2025-06-20T22:10:44","guid":{"rendered":"https:\/\/www.multicasa.com.br\/inicio\/?post_type=product&#038;p=11771"},"modified":"2025-12-16T19:14:59","modified_gmt":"2025-12-16T23:14:59","slug":"adaptador-de-latao-para-instalacao-de-gas-dalcon-3-8-x-1-2","status":"publish","type":"product","link":"https:\/\/www.multicasa.com.br\/inicio\/produto\/adaptador-de-latao-para-instalacao-de-gas-dalcon-3-8-x-1-2\/","title":{"rendered":"Adaptador de Lat\u00e3o para Instala\u00e7\u00e3o de G\u00e1s Dalcon 3\/8 x 1\/2?"},"content":{"rendered":"<p>O Adaptador de Lat\u00e3o para Instala\u00e7\u00e3o de G\u00e1s Dalcon \u00e9 empregado na transfer\u00eancia de l\u00edquidos, vapores, gases ou ar. Produzido em liga de lat\u00e3o anticorrosivo e com 3\/8&#215;1\/2? \u00e9 resistente \u00e0s solicita\u00e7\u00f5es dos esfor\u00e7os mec\u00e2nicos que o componente est\u00e1 sujeito. O sistema \u00e9 rosque\u00e1vel, facilitando a montagem e desmontagem e dispensando m\u00e3o de obra especializada para a instala\u00e7\u00e3o<\/p>\n","protected":false},"excerpt":{"rendered":"<h4 style=\"margin: 0px;padding: 0px 0px 16px;font-family: Lato, sans-serif;font-weight: bold;line-height: 3rem;color: var(--dark-grey3);font-size: 22px;font-style: normal;letter-spacing: normal;text-align: start;text-indent: 0px;text-transform: none\">Informa\u00e7\u00f5es t\u00e9cnicas<\/h4>\n<p><span style=\"margin: 0px;padding: 0px;font-weight: 450;font-size: 14px;line-height: 21px;color: var(--dark-grey2);font-family: Lato, sans-serif;font-style: normal;letter-spacing: normal;text-align: start;text-indent: 0px;text-transform: none\">Produto: Adaptador<br \/>\nMarca: Dalcon<br \/>\nMaterial: Liga em lat\u00e3o<br \/>\nCor: Dourado<br \/>\nCaracter\u00edsticas: Anti corrosivo<br \/>\nItens inclusos: 1 Adaptador<br \/>\nDimens\u00f5es do produto em polegadas: 3\/8&#215;1\/2?<br \/>\n<\/span><\/p>\n","protected":false},"featured_media":11845,"template":"","meta":{"_joinchat":[]},"product_brand":[],"product_cat":[74],"product_tag":[],"class_list":{"0":"post-11771","1":"product","2":"type-product","3":"status-publish","4":"has-post-thumbnail","6":"product_cat-reparos-hidraulicos","8":"first","9":"outofstock","10":"shipping-taxable","11":"purchasable","12":"product-type-simple"},"_links":{"self":[{"href":"https:\/\/www.multicasa.com.br\/inicio\/wp-json\/wp\/v2\/product\/11771","targetHints":{"allow":["GET"]}}],"collection":[{"href":"https:\/\/www.multicasa.com.br\/inicio\/wp-json\/wp\/v2\/product"}],"about":[{"href":"https:\/\/www.multicasa.com.br\/inicio\/wp-json\/wp\/v2\/types\/product"}],"wp:featuredmedia":[{"embeddable":true,"href":"https:\/\/www.multicasa.com.br\/inicio\/wp-json\/wp\/v2\/media\/11845"}],"wp:attachment":[{"href":"https:\/\/www.multicasa.com.br\/inicio\/wp-json\/wp\/v2\/media?parent=11771"}],"wp:term":[{"taxonomy":"product_brand","embeddable":true,"href":"https:\/\/www.multicasa.com.br\/inicio\/wp-json\/wp\/v2\/product_brand?post=11771"},{"taxonomy":"product_cat","embeddable":true,"href":"https:\/\/www.multicasa.com.br\/inicio\/wp-json\/wp\/v2\/product_cat?post=11771"},{"taxonomy":"product_tag","embeddable":true,"href":"https:\/\/www.multicasa.com.br\/inicio\/wp-json\/wp\/v2\/product_tag?post=11771"}],"curies":[{"name":"wp","href":"https:\/\/api.w.org\/{rel}","templated":true}]}}