{"id":11774,"date":"2025-06-20T18:10:44","date_gmt":"2025-06-20T22:10:44","guid":{"rendered":"https:\/\/www.multicasa.com.br\/inicio\/?post_type=product&#038;p=11774"},"modified":"2025-06-20T18:11:40","modified_gmt":"2025-06-20T22:11:40","slug":"adaptador-de-tomada-reverso-2pt-branco-ilumitec-10a","status":"publish","type":"product","link":"https:\/\/www.multicasa.com.br\/inicio\/produto\/adaptador-de-tomada-reverso-2pt-branco-ilumitec-10a\/","title":{"rendered":"Adaptador de Tomada Reverso 2P+T Branco Ilumitec 10A"},"content":{"rendered":"<p>Use o adaptador de tomada reverso 2P+T branco Ilumitec para plugar este tipo de terminal \u00e0s tomadas da sua casa. Com 10a e 250v, \u00e9 feito de pl\u00e1stico isolante e materiais met\u00e1licos. Garante seguran\u00e7a em para toda a fam\u00edlia.<\/p>\n","protected":false},"excerpt":{"rendered":"<h4 style=\"margin: 0px;padding: 0px 0px 16px;font-family: Lato, sans-serif;font-weight: bold;line-height: 3rem;color: var(--dark-grey3);font-size: 22px;font-style: normal;letter-spacing: normal;text-align: start;text-indent: 0px;text-transform: none\">Informa\u00e7\u00f5es t\u00e9cnicas<\/h4>\n<p><span style=\"margin: 0px;padding: 0px;font-weight: 450;font-size: 14px;line-height: 21px;color: var(--dark-grey2);font-family: Lato, sans-serif;font-style: normal;letter-spacing: normal;text-align: start;text-indent: 0px;text-transform: none\">Produto: Adaptador de Tomada Reverso<br \/>\nMarca: Ilumitec<br \/>\nMaterial: Polipropileno<br \/>\nTerminais de lat\u00e3o<br \/>\nCor: Branco<br \/>\nCaracter\u00edsticas: Novo padr\u00e3o de seguran\u00e7a exigido pelo conmetro<br \/>\nCorrente nominal 10 A<br \/>\nTens\u00e3o m\u00e1xima 250 V<br \/>\nItens inclusos: 1 Adaptador de tomada reverso<br \/>\nDimens\u00f5es do produto (A X L): 5 x 5,3cm<\/span><\/p>\n","protected":false},"featured_media":11848,"template":"","meta":{"_joinchat":[]},"product_brand":[],"product_cat":[144],"product_tag":[],"class_list":{"0":"post-11774","1":"product","2":"type-product","3":"status-publish","4":"has-post-thumbnail","6":"product_cat-tomadas-e-cia","8":"first","9":"outofstock","10":"shipping-taxable","11":"product-type-simple"},"_links":{"self":[{"href":"https:\/\/www.multicasa.com.br\/inicio\/wp-json\/wp\/v2\/product\/11774","targetHints":{"allow":["GET"]}}],"collection":[{"href":"https:\/\/www.multicasa.com.br\/inicio\/wp-json\/wp\/v2\/product"}],"about":[{"href":"https:\/\/www.multicasa.com.br\/inicio\/wp-json\/wp\/v2\/types\/product"}],"wp:featuredmedia":[{"embeddable":true,"href":"https:\/\/www.multicasa.com.br\/inicio\/wp-json\/wp\/v2\/media\/11848"}],"wp:attachment":[{"href":"https:\/\/www.multicasa.com.br\/inicio\/wp-json\/wp\/v2\/media?parent=11774"}],"wp:term":[{"taxonomy":"product_brand","embeddable":true,"href":"https:\/\/www.multicasa.com.br\/inicio\/wp-json\/wp\/v2\/product_brand?post=11774"},{"taxonomy":"product_cat","embeddable":true,"href":"https:\/\/www.multicasa.com.br\/inicio\/wp-json\/wp\/v2\/product_cat?post=11774"},{"taxonomy":"product_tag","embeddable":true,"href":"https:\/\/www.multicasa.com.br\/inicio\/wp-json\/wp\/v2\/product_tag?post=11774"}],"curies":[{"name":"wp","href":"https:\/\/api.w.org\/{rel}","templated":true}]}}