{"id":11776,"date":"2025-06-20T18:10:44","date_gmt":"2025-06-20T22:10:44","guid":{"rendered":"https:\/\/www.multicasa.com.br\/inicio\/?post_type=product&#038;p=11776"},"modified":"2025-06-23T10:28:49","modified_gmt":"2025-06-23T14:28:49","slug":"prancheta-oficio-duratex-mdf-bacchi","status":"publish","type":"product","link":"https:\/\/www.multicasa.com.br\/inicio\/produto\/prancheta-oficio-duratex-mdf-bacchi\/","title":{"rendered":"Prancheta Of\u00edcio Duratex MDF Bacchi"},"content":{"rendered":"<p>A Prancheta Of\u00edcio Duratex MDF Bacchi \u00e9 perfeita para ter um apoio para escrever, com prendedor met\u00e1lico prata, \u00e9 ideal para realizar desenhos, entrevista, provas e etc. Com tamanho de of\u00edcio de aproximadamente 35,5 X 21,6 cm<\/p>\n","protected":false},"excerpt":{"rendered":"<h4 style=\"margin: 0px;padding: 0px 0px 16px;font-family: Lato, sans-serif;font-weight: bold;line-height: 3rem;color: var(--dark-grey3);font-size: 22px;font-style: normal;letter-spacing: normal;text-align: start;text-indent: 0px;text-transform: none\">Informa\u00e7\u00f5es t\u00e9cnicas<\/h4>\n<p><span style=\"margin: 0px;padding: 0px;font-weight: 450;font-size: 14px;line-height: 21px;color: var(--dark-grey2);font-family: Lato, sans-serif;font-style: normal;letter-spacing: normal;text-align: start;text-indent: 0px;text-transform: none\">Produto: Prancheta Of\u00edcio<br \/>\nMarca: Bacchi<br \/>\nMaterial: Madeira<br \/>\nCor: Marrom e prata<br \/>\nCaracter\u00edsticas: Com prendedor met\u00e1lico<br \/>\nItens Inclusos: 1 Prancheta Of\u00edcio<br \/>\nDimens\u00f5es do produto (A X L): 35,6 x 21,6cm<br \/>\n<\/span><\/p>\n","protected":false},"featured_media":25799,"template":"","meta":{"_joinchat":[]},"product_brand":[],"product_cat":[97],"product_tag":[],"class_list":{"0":"post-11776","1":"product","2":"type-product","3":"status-publish","4":"has-post-thumbnail","6":"product_cat-papelaria","8":"first","9":"outofstock","10":"shipping-taxable","11":"product-type-simple"},"_links":{"self":[{"href":"https:\/\/www.multicasa.com.br\/inicio\/wp-json\/wp\/v2\/product\/11776","targetHints":{"allow":["GET"]}}],"collection":[{"href":"https:\/\/www.multicasa.com.br\/inicio\/wp-json\/wp\/v2\/product"}],"about":[{"href":"https:\/\/www.multicasa.com.br\/inicio\/wp-json\/wp\/v2\/types\/product"}],"wp:featuredmedia":[{"embeddable":true,"href":"https:\/\/www.multicasa.com.br\/inicio\/wp-json\/wp\/v2\/media\/25799"}],"wp:attachment":[{"href":"https:\/\/www.multicasa.com.br\/inicio\/wp-json\/wp\/v2\/media?parent=11776"}],"wp:term":[{"taxonomy":"product_brand","embeddable":true,"href":"https:\/\/www.multicasa.com.br\/inicio\/wp-json\/wp\/v2\/product_brand?post=11776"},{"taxonomy":"product_cat","embeddable":true,"href":"https:\/\/www.multicasa.com.br\/inicio\/wp-json\/wp\/v2\/product_cat?post=11776"},{"taxonomy":"product_tag","embeddable":true,"href":"https:\/\/www.multicasa.com.br\/inicio\/wp-json\/wp\/v2\/product_tag?post=11776"}],"curies":[{"name":"wp","href":"https:\/\/api.w.org\/{rel}","templated":true}]}}