{"id":11777,"date":"2025-06-20T18:10:44","date_gmt":"2025-06-20T22:10:44","guid":{"rendered":"https:\/\/www.multicasa.com.br\/inicio\/?post_type=product&#038;p=11777"},"modified":"2025-10-04T12:43:53","modified_gmt":"2025-10-04T16:43:53","slug":"saco-de-lixo-sustentavel-verde-30l-embalixo-50-unidades","status":"publish","type":"product","link":"https:\/\/www.multicasa.com.br\/inicio\/produto\/saco-de-lixo-sustentavel-verde-30l-embalixo-50-unidades\/","title":{"rendered":"Saco de Lixo Sustent\u00e1vel Verde 30L Embalixo 50 unidades"},"content":{"rendered":"<p>O Saco de Lixo Sustent\u00e1vel Verde Embalixo \u00e9 a escolha perfeita para voc\u00ea n\u00e3o agredir o meio ambiente e o nosso planeta, sendo perfeito para fazer coleta de lixo recicl\u00e1vel ou org\u00e2nico. Produzidos em pl\u00e1stico verde a partir do etanol da cana-de-a\u00e7\u00facar, na sua produ\u00e7\u00e3o captura-se 2,5 toneladas de Co2 da atmosfera para cada tonelada de pl\u00e1stico produzida, sendo uma mat\u00e9ria 100% renov\u00e1vel. Ideal para pia e banheiro.<\/p>\n","protected":false},"excerpt":{"rendered":"<h4 style=\"margin: 0px;padding: 0px 0px 16px;font-family: Lato, sans-serif;font-weight: bold;line-height: 3rem;color: var(--dark-grey3);font-size: 22px;font-style: normal;letter-spacing: normal;text-align: start;text-indent: 0px;text-transform: none\">Informa\u00e7\u00f5es t\u00e9cnicas<\/h4>\n<p><span style=\"margin: 0px;padding: 0px;font-weight: 450;font-size: 14px;line-height: 21px;color: var(--dark-grey2);font-family: Lato, sans-serif;font-style: normal;letter-spacing: normal;text-align: start;text-indent: 0px;text-transform: none\">Produto: Saco de lixo<br \/>\nMarca: Embalixo<br \/>\nMaterial: Pl\u00e1stico feito a partir do etanol da cana de a\u00e7\u00facar<br \/>\nCor: Verde<br \/>\nCaracter\u00edsticas: Para pia e banheiro<br \/>\nQuantidade de pe\u00e7as: 50<br \/>\nItens Inclusos: 50 sacos de lixo<br \/>\nDimens\u00f5es do produto (A X L): 40 x 38cm<\/span><\/p>\n","protected":false},"featured_media":11849,"template":"","meta":{"_joinchat":[]},"product_brand":[],"product_cat":[96],"product_tag":[],"class_list":{"0":"post-11777","1":"product","2":"type-product","3":"status-publish","4":"has-post-thumbnail","6":"product_cat-limpeza-e-cia","8":"first","9":"outofstock","10":"shipping-taxable","11":"purchasable","12":"product-type-simple"},"_links":{"self":[{"href":"https:\/\/www.multicasa.com.br\/inicio\/wp-json\/wp\/v2\/product\/11777","targetHints":{"allow":["GET"]}}],"collection":[{"href":"https:\/\/www.multicasa.com.br\/inicio\/wp-json\/wp\/v2\/product"}],"about":[{"href":"https:\/\/www.multicasa.com.br\/inicio\/wp-json\/wp\/v2\/types\/product"}],"wp:featuredmedia":[{"embeddable":true,"href":"https:\/\/www.multicasa.com.br\/inicio\/wp-json\/wp\/v2\/media\/11849"}],"wp:attachment":[{"href":"https:\/\/www.multicasa.com.br\/inicio\/wp-json\/wp\/v2\/media?parent=11777"}],"wp:term":[{"taxonomy":"product_brand","embeddable":true,"href":"https:\/\/www.multicasa.com.br\/inicio\/wp-json\/wp\/v2\/product_brand?post=11777"},{"taxonomy":"product_cat","embeddable":true,"href":"https:\/\/www.multicasa.com.br\/inicio\/wp-json\/wp\/v2\/product_cat?post=11777"},{"taxonomy":"product_tag","embeddable":true,"href":"https:\/\/www.multicasa.com.br\/inicio\/wp-json\/wp\/v2\/product_tag?post=11777"}],"curies":[{"name":"wp","href":"https:\/\/api.w.org\/{rel}","templated":true}]}}