{"id":11803,"date":"2025-06-20T18:11:09","date_gmt":"2025-06-20T22:11:09","guid":{"rendered":"https:\/\/www.multicasa.com.br\/inicio\/?post_type=product&#038;p=11803"},"modified":"2026-04-02T10:59:28","modified_gmt":"2026-04-02T14:59:28","slug":"engate-flexivel-em-inox-para-gas-mxf-blukit-120m","status":"publish","type":"product","link":"https:\/\/www.multicasa.com.br\/inicio\/produto\/engate-flexivel-em-inox-para-gas-mxf-blukit-120m\/","title":{"rendered":"Engate Flex\u00edvel em Inox para G\u00e1s MXF Blukit 1,20m"},"content":{"rendered":"<p>O Engate Flex\u00edvel em Inox para G\u00e1s MXF Blukit \u00e9 projetado para todas situa\u00e7\u00f5es de instala\u00e7\u00f5es hidr\u00e1ulicas. Produzido em a\u00e7o inoxid\u00e1vel, acompanha canopla e suporta ambientes salinos, vibra\u00e7\u00f5es altas e baixas temperaturas. Seu comprimento \u00e9 de 1,20 metro e possui sistema que n\u00e3o propaga chamas.<\/p>\n","protected":false},"excerpt":{"rendered":"<h4 style=\"margin: 0px;padding: 0px 0px 16px;font-family: Lato, sans-serif;font-weight: bold;line-height: 3rem;color: var(--dark-grey3);font-size: 22px;font-style: normal;letter-spacing: normal;text-align: start;text-indent: 0px;text-transform: none\">Informa\u00e7\u00f5es t\u00e9cnicas<\/h4>\n<p><span style=\"margin: 0px;padding: 0px;font-weight: 450;font-size: 14px;line-height: 21px;color: var(--dark-grey2);font-family: Lato, sans-serif;font-style: normal;letter-spacing: normal;text-align: start;text-indent: 0px;text-transform: none\">Produto: Engate para G\u00e1s<br \/>\nMarca: Blukit<br \/>\nMaterial: A\u00e7o Inoxid\u00e1vel AISI 304<br \/>\nCor: Prata, amarelo<br \/>\nCaracter\u00edsticas: Flex\u00edvel<br \/>\nRosca: 1\/2? (m) X 1\/2&#8243; (f)<br \/>\nPassagem interna: 8mm<br \/>\nPress\u00e3o m\u00e1xima: 15 bar<br \/>\nAcompanha canopla<br \/>\nN\u00e3o propaga chamas<br \/>\nSuporta ambientes salinos, vibra\u00e7\u00f5es altas e temperaturas baixas<br \/>\nItens inclusos: 1 Engate para G\u00e1s<br \/>\nMedidas em polegadas: 1\/2 x 1\/2?<br \/>\nDimens\u00f5es do produto (C): 1,20m<br \/>\n<\/span><\/p>\n","protected":false},"featured_media":11851,"template":"","meta":{"_joinchat":[]},"product_brand":[],"product_cat":[94],"product_tag":[],"class_list":{"0":"post-11803","1":"product","2":"type-product","3":"status-publish","4":"has-post-thumbnail","6":"product_cat-gas","8":"first","9":"instock","10":"shipping-taxable","11":"purchasable","12":"product-type-simple"},"_links":{"self":[{"href":"https:\/\/www.multicasa.com.br\/inicio\/wp-json\/wp\/v2\/product\/11803","targetHints":{"allow":["GET"]}}],"collection":[{"href":"https:\/\/www.multicasa.com.br\/inicio\/wp-json\/wp\/v2\/product"}],"about":[{"href":"https:\/\/www.multicasa.com.br\/inicio\/wp-json\/wp\/v2\/types\/product"}],"wp:featuredmedia":[{"embeddable":true,"href":"https:\/\/www.multicasa.com.br\/inicio\/wp-json\/wp\/v2\/media\/11851"}],"wp:attachment":[{"href":"https:\/\/www.multicasa.com.br\/inicio\/wp-json\/wp\/v2\/media?parent=11803"}],"wp:term":[{"taxonomy":"product_brand","embeddable":true,"href":"https:\/\/www.multicasa.com.br\/inicio\/wp-json\/wp\/v2\/product_brand?post=11803"},{"taxonomy":"product_cat","embeddable":true,"href":"https:\/\/www.multicasa.com.br\/inicio\/wp-json\/wp\/v2\/product_cat?post=11803"},{"taxonomy":"product_tag","embeddable":true,"href":"https:\/\/www.multicasa.com.br\/inicio\/wp-json\/wp\/v2\/product_tag?post=11803"}],"curies":[{"name":"wp","href":"https:\/\/api.w.org\/{rel}","templated":true}]}}