{"id":11811,"date":"2025-06-20T18:11:10","date_gmt":"2025-06-20T22:11:10","guid":{"rendered":"https:\/\/www.multicasa.com.br\/inicio\/?post_type=product&#038;p=11811"},"modified":"2025-12-16T19:39:38","modified_gmt":"2025-12-16T23:39:38","slug":"fita-veda-rosca-firlon-18-mm-x-50m","status":"publish","type":"product","link":"https:\/\/www.multicasa.com.br\/inicio\/produto\/fita-veda-rosca-firlon-18-mm-x-50m\/","title":{"rendered":"Fita Veda Rosca Firlon 18 mm x 50m"},"content":{"rendered":"<p>Segura e eficiente, a fita veda rosca Firlon pode ser usada em conex\u00f5es e tubula\u00e7\u00f5es de \u00e1gua fria ou quente, vapor, combust\u00edveis, fluidos e gases em geral. Medindo 18 mm x 50 m, tem baix\u00edssima reatividade qu\u00edmica, \u00e9 resistente a \u00e1cidos, bases, solventes, lubrificantes e outros. Para us\u00e1-la da melhor forma, respeite a toler\u00e2ncia dimensional: sempre maior ou igual \u00e0 espessura e densidade m\u00ednimas, al\u00e9m de seguir as dicas de temperatura de trabalho: -90\u00baC at\u00e9 240\u00baC.<\/p>\n","protected":false},"excerpt":{"rendered":"<h4 style=\"margin: 0px;padding: 0px 0px 16px;font-family: Lato, sans-serif;font-weight: bold;line-height: 3rem;color: var(--dark-grey3);font-size: 22px;font-style: normal;letter-spacing: normal;text-align: start;text-indent: 0px;text-transform: none\">Informa\u00e7\u00f5es t\u00e9cnicas<\/h4>\n<p><span style=\"margin: 0px;padding: 0px;font-weight: 450;font-size: 14px;line-height: 21px;color: var(--dark-grey2);font-family: Lato, sans-serif;font-style: normal;letter-spacing: normal;text-align: start;text-indent: 0px;text-transform: none\">Produto: Fita Veda Rosca<br \/>\nMarca: Firlon<br \/>\nMaterial: politetrafluoretileno<br \/>\nCaracter\u00edsticas: Resist\u00eancia qu\u00edmica<br \/>\nMaterial de baixa reatividade qu\u00edmica<br \/>\nResistente aos l\u00edquidos e gases utilizados em instala\u00e7\u00f5es industriais como \u00e1cidos, bases, solventes, combust\u00edveis, lumbrificantes, vapor e gases de processos.<br \/>\nToler\u00e2ncias dimensionais sempre maior ou igual que a espessura e densidade m\u00ednima<br \/>\nTemperatura de trabalho de &#8211; 90\u00ba at\u00e9 +240\u00ba<br \/>\nItens inclusos: 1 Fita veda rosca<br \/>\nDimens\u00e3o do Produto (L x P): 18mm x 50m<br \/>\n<\/span><\/p>\n","protected":false},"featured_media":25217,"template":"","meta":{"_joinchat":[]},"product_brand":[],"product_cat":[73],"product_tag":[],"class_list":{"0":"post-11811","1":"product","2":"type-product","3":"status-publish","4":"has-post-thumbnail","6":"product_cat-tubos-e-conexoes","8":"first","9":"outofstock","10":"shipping-taxable","11":"product-type-simple"},"_links":{"self":[{"href":"https:\/\/www.multicasa.com.br\/inicio\/wp-json\/wp\/v2\/product\/11811","targetHints":{"allow":["GET"]}}],"collection":[{"href":"https:\/\/www.multicasa.com.br\/inicio\/wp-json\/wp\/v2\/product"}],"about":[{"href":"https:\/\/www.multicasa.com.br\/inicio\/wp-json\/wp\/v2\/types\/product"}],"wp:featuredmedia":[{"embeddable":true,"href":"https:\/\/www.multicasa.com.br\/inicio\/wp-json\/wp\/v2\/media\/25217"}],"wp:attachment":[{"href":"https:\/\/www.multicasa.com.br\/inicio\/wp-json\/wp\/v2\/media?parent=11811"}],"wp:term":[{"taxonomy":"product_brand","embeddable":true,"href":"https:\/\/www.multicasa.com.br\/inicio\/wp-json\/wp\/v2\/product_brand?post=11811"},{"taxonomy":"product_cat","embeddable":true,"href":"https:\/\/www.multicasa.com.br\/inicio\/wp-json\/wp\/v2\/product_cat?post=11811"},{"taxonomy":"product_tag","embeddable":true,"href":"https:\/\/www.multicasa.com.br\/inicio\/wp-json\/wp\/v2\/product_tag?post=11811"}],"curies":[{"name":"wp","href":"https:\/\/api.w.org\/{rel}","templated":true}]}}