{"id":11835,"date":"2025-06-20T18:11:32","date_gmt":"2025-06-20T22:11:32","guid":{"rendered":"https:\/\/www.multicasa.com.br\/inicio\/?post_type=product&#038;p=11835"},"modified":"2025-06-20T18:12:07","modified_gmt":"2025-06-20T22:12:07","slug":"estabilizador-ts-shara-com-4-saidas-500va-bivolt","status":"publish","type":"product","link":"https:\/\/www.multicasa.com.br\/inicio\/produto\/estabilizador-ts-shara-com-4-saidas-500va-bivolt\/","title":{"rendered":"Estabilizador TS Shara com 4 sa\u00eddas 500VA Bivolt"},"content":{"rendered":"<p>O estabilizador TS Shara 500VA bivolt foi desenvolvido para a prote\u00e7\u00e3o de equipamentos e eletrodom\u00e9sticos em geral. Tem a fun\u00e7\u00e3o ?auto diagn\u00f3stico de partida? que faz a an\u00e1lise da rede el\u00e9trica antes de permitir que qualquer aparelho seja ligado. Dessa forma, quando h\u00e1 quedas de energia, o estabilizador evita altos n\u00edveis de descarga quando ela volta. Al\u00e9m disso, tamb\u00e9m tem a fun\u00e7\u00e3o ?partida com cruzamento zero? que aumenta a vida \u00fatil do seu computador porque s\u00f3 permite que ele seja energizado quando a tens\u00e3o instant\u00e2nea for igual a 0. Use o seu estabilizador de energia com equipamentos de uso residencial em geral, aparelhos de \u00e1udio e v\u00eddeo e de automa\u00e7\u00e3o comercial, banc\u00e1ria ou residencial. Tem entrada monovolt (115v fixa) ou bivolt com sele\u00e7\u00e3o autom\u00e1tica (115v\/220v), 4 tomadas e ajuda na prote\u00e7\u00e3o contra surtos de tens\u00e3o, prote\u00e7\u00e3o eletr\u00f4nica contra sobrecarga e prote\u00e7\u00e3o eletr\u00f4nica contra sub\/sobretens\u00e3o. Com medi\u00e7\u00e3o e an\u00e1lise em true RMS, chave liga\/desliga temporizada, tamb\u00e9m possui sinaliza\u00e7\u00e3o visual em 5 n\u00edveis.<\/p>\n","protected":false},"excerpt":{"rendered":"<h4 style=\"margin: 0px;padding: 0px 0px 16px;font-family: Lato, sans-serif;font-weight: bold;line-height: 3rem;color: var(--dark-grey3);font-size: 22px;font-style: normal;letter-spacing: normal;text-align: start;text-indent: 0px;text-transform: none\">Informa\u00e7\u00f5es t\u00e9cnicas<\/h4>\n<p><span style=\"margin: 0px;padding: 0px;font-weight: 450;font-size: 14px;line-height: 21px;color: var(--dark-grey2);font-family: Lato, sans-serif;font-style: normal;letter-spacing: normal;text-align: start;text-indent: 0px;text-transform: none\">Produto: Estabilizador<br \/>\nMarca: Ts Shara<br \/>\nMaterial: Pl\u00e1stico<br \/>\nMetal<br \/>\nCobre<br \/>\nCor: Preto<br \/>\nPot\u00eancia: 500VA<br \/>\nTens\u00e3o El\u00e9trica: 115 fixa e 115-220v sele\u00e7\u00e3o autom\u00e1tica<br \/>\nCaracter\u00edsticas: 4 tomadas de sa\u00edda<br \/>\nProte\u00e7\u00e3o contra surtos de tens\u00e3o<br \/>\nProte\u00e7\u00e3o eletr\u00f4nica contra sobrecarga<br \/>\nProte\u00e7\u00e3o eletr\u00f4nica contra sub\/sobretens\u00e3o<br \/>\nFiltro de linha integrado com atenua\u00e7\u00e3o em rfi e emi<br \/>\nMedi\u00e7\u00e3o e an\u00e1lise em true rms<br \/>\nChave liga-desliga temporizada<br \/>\nSinaliza\u00e7\u00e3o visual de tens\u00e3o em 5 n\u00edveis &#8211; rede normal (led aceso), sobretens\u00e3o (piscagem r\u00e1pida), subtens\u00e3o (piscagem lenta),<br \/>\nAn\u00e1lise de rede (piscagem crescente por 2 segundos), sobrecarga (piscagem normal)<br \/>\nItens Inclusos: 1 Estabilizador<br \/>\nDimens\u00f5es do produto (A X L X P): 18 x 16,2 x 9,5cm<br \/>\n<\/span><\/p>\n","protected":false},"featured_media":11888,"template":"","meta":{"_joinchat":[]},"product_brand":[],"product_cat":[130],"product_tag":[],"class_list":{"0":"post-11835","1":"product","2":"type-product","3":"status-publish","4":"has-post-thumbnail","6":"product_cat-informatica","8":"first","9":"outofstock","10":"shipping-taxable","11":"product-type-simple"},"_links":{"self":[{"href":"https:\/\/www.multicasa.com.br\/inicio\/wp-json\/wp\/v2\/product\/11835","targetHints":{"allow":["GET"]}}],"collection":[{"href":"https:\/\/www.multicasa.com.br\/inicio\/wp-json\/wp\/v2\/product"}],"about":[{"href":"https:\/\/www.multicasa.com.br\/inicio\/wp-json\/wp\/v2\/types\/product"}],"wp:featuredmedia":[{"embeddable":true,"href":"https:\/\/www.multicasa.com.br\/inicio\/wp-json\/wp\/v2\/media\/11888"}],"wp:attachment":[{"href":"https:\/\/www.multicasa.com.br\/inicio\/wp-json\/wp\/v2\/media?parent=11835"}],"wp:term":[{"taxonomy":"product_brand","embeddable":true,"href":"https:\/\/www.multicasa.com.br\/inicio\/wp-json\/wp\/v2\/product_brand?post=11835"},{"taxonomy":"product_cat","embeddable":true,"href":"https:\/\/www.multicasa.com.br\/inicio\/wp-json\/wp\/v2\/product_cat?post=11835"},{"taxonomy":"product_tag","embeddable":true,"href":"https:\/\/www.multicasa.com.br\/inicio\/wp-json\/wp\/v2\/product_tag?post=11835"}],"curies":[{"name":"wp","href":"https:\/\/api.w.org\/{rel}","templated":true}]}}