{"id":11837,"date":"2025-06-20T18:11:32","date_gmt":"2025-06-20T22:11:32","guid":{"rendered":"https:\/\/www.multicasa.com.br\/inicio\/?post_type=product&#038;p=11837"},"modified":"2025-11-10T15:44:36","modified_gmt":"2025-11-10T19:44:36","slug":"bastao-tira-manchas-amazon-100g","status":"publish","type":"product","link":"https:\/\/www.multicasa.com.br\/inicio\/produto\/bastao-tira-manchas-amazon-100g\/","title":{"rendered":"Bast\u00e3o Tira Manchas Amazon 100g"},"content":{"rendered":"<p>O Bast\u00e3o Tira Manchas Amazon pode ser utilizado em qualquer tecido sem qualquer risco, ele tira manchas de caneta esferogr\u00e1fica, batom, vinho, caf\u00e9, manga, \u00f3leo, beterraba, ketchup, molho de tomate, manchas amareladas embaixo da manga da camisa, sangue, colarinhos amarelados, etc. Sua f\u00f3rmula \u00e9 ecol\u00f3gica e biodegrad\u00e1vel, possui alto desempenho de limpeza e n\u00e3o agride a sa\u00fade.<br \/>\n A embalagem cont\u00e9m 100g, \u00e9 de f\u00e1cil utiliza\u00e7\u00e3o e econ\u00f4mica!<br \/>\nTire manchas com facilidade com o bast\u00e3o 100% natural, n\u00e3o desbota roupas coloridas e n\u00e3o danifica suas roupas!<\/p>\n","protected":false},"excerpt":{"rendered":"<h4 style=\"margin: 0px;padding: 0px 0px 16px;font-family: Lato, sans-serif;font-weight: bold;line-height: 3rem;color: var(--dark-grey3);font-size: 22px;font-style: normal;letter-spacing: normal;text-align: start;text-indent: 0px;text-transform: none\">Informa\u00e7\u00f5es t\u00e9cnicas<\/h4>\n<p><span style=\"margin: 0px;padding: 0px;font-weight: 450;font-size: 14px;line-height: 21px;color: var(--dark-grey2);font-family: Lato, sans-serif;font-style: normal;letter-spacing: normal;text-align: start;text-indent: 0px;text-transform: none\">Produto: Tira Manchas<br \/>\nMarca: Amazon<br \/>\nConte\u00fado: 100g                                                                                                                                                                Uso indicado: Remover manchas de batom, vinho, caf\u00e9, manga, beterraba, ketchup, \u00f3leo, molho de tomate, caneta esferogr\u00e1fica e manchas amareladas embaixo da manga da camisa<br \/>\nCaracter\u00edsticas: Ecol\u00f3gico, biodegrad\u00e1vel, aprovado pela Anvisa, 100% natural, n\u00e3o faz mal a sa\u00fade, n\u00e3o desbota roupas coloridas.<br \/>\nItens Inclusos: 1 bast\u00e3o tira mancha<br \/>\nDimens\u00f5es do produto (A X L X P): 14 x 4,5 x 3,5cm<\/span><\/p>\n","protected":false},"featured_media":11890,"template":"","meta":{"_joinchat":[]},"product_brand":[],"product_cat":[96],"product_tag":[],"class_list":{"0":"post-11837","1":"product","2":"type-product","3":"status-publish","4":"has-post-thumbnail","6":"product_cat-limpeza-e-cia","8":"first","9":"outofstock","10":"shipping-taxable","11":"purchasable","12":"product-type-simple"},"_links":{"self":[{"href":"https:\/\/www.multicasa.com.br\/inicio\/wp-json\/wp\/v2\/product\/11837","targetHints":{"allow":["GET"]}}],"collection":[{"href":"https:\/\/www.multicasa.com.br\/inicio\/wp-json\/wp\/v2\/product"}],"about":[{"href":"https:\/\/www.multicasa.com.br\/inicio\/wp-json\/wp\/v2\/types\/product"}],"wp:featuredmedia":[{"embeddable":true,"href":"https:\/\/www.multicasa.com.br\/inicio\/wp-json\/wp\/v2\/media\/11890"}],"wp:attachment":[{"href":"https:\/\/www.multicasa.com.br\/inicio\/wp-json\/wp\/v2\/media?parent=11837"}],"wp:term":[{"taxonomy":"product_brand","embeddable":true,"href":"https:\/\/www.multicasa.com.br\/inicio\/wp-json\/wp\/v2\/product_brand?post=11837"},{"taxonomy":"product_cat","embeddable":true,"href":"https:\/\/www.multicasa.com.br\/inicio\/wp-json\/wp\/v2\/product_cat?post=11837"},{"taxonomy":"product_tag","embeddable":true,"href":"https:\/\/www.multicasa.com.br\/inicio\/wp-json\/wp\/v2\/product_tag?post=11837"}],"curies":[{"name":"wp","href":"https:\/\/api.w.org\/{rel}","templated":true}]}}