{"id":11839,"date":"2025-06-20T18:11:33","date_gmt":"2025-06-20T22:11:33","guid":{"rendered":"https:\/\/www.multicasa.com.br\/inicio\/?post_type=product&#038;p=11839"},"modified":"2025-08-16T18:15:50","modified_gmt":"2025-08-16T22:15:50","slug":"esponja-multiuso-scotch-brite-3m","status":"publish","type":"product","link":"https:\/\/www.multicasa.com.br\/inicio\/produto\/esponja-multiuso-scotch-brite-3m\/","title":{"rendered":"Esponja Multiuso Scotch Brite 3M"},"content":{"rendered":"<p>Com durabilidade de at\u00e9 4 semanas e medindo 11 cm, a Esponja Multiuso Scotch Brite \u00e9 indicada para a remo\u00e7\u00e3o das sujeiras mais dif\u00edceis em diversos tipos de superf\u00edcie. Dupla face e feita de a\u00e7o inox, pode ser utilizada em ambientes externos e internos, auxiliando na higieniza\u00e7\u00e3o de pratos, fog\u00e3o, grelhas de churrasco e at\u00e9 mesmo garagens. Pode ser limpa em \u00e1gua fervente ou na m\u00e1quina de lavar lou\u00e7as. Ideal para quem deseja poupar esfor\u00e7os, mas n\u00e3o abre m\u00e3o da limpeza pesada. Aplica\u00e7\u00f5es sugeridas: panelas, copos, pratos, talheres, utens\u00edlios, pia, grelhas de fog\u00e3o e churrasqueira.<\/p>\n","protected":false},"excerpt":{"rendered":"<h4 style=\"margin: 0px;padding: 0px 0px 16px;font-family: Lato, sans-serif;font-weight: bold;line-height: 3rem;color: var(--dark-grey3);font-size: 22px;font-style: normal;letter-spacing: normal;text-align: start;text-indent: 0px;text-transform: none\">Informa\u00e7\u00f5es t\u00e9cnicas<\/h4>\n<p><span style=\"margin: 0px;padding: 0px;font-weight: 450;font-size: 14px;line-height: 21px;color: var(--dark-grey2);font-family: Lato, sans-serif;font-style: normal;letter-spacing: normal;text-align: start;text-indent: 0px;text-transform: none\">Produto: Esponja Multiuso<br \/>\nMarca: 3M<br \/>\nMaterial: Espuma<br \/>\nCor: Amarela e verde<br \/>\nCaracter\u00edsticas: Dupla face<br \/>\nPode ser higienizada em m\u00e1quina de lavar lou\u00e7a ou com \u00e1gua quente<br \/>\nItens Inclusos: 1 Esponja de multiuso<br \/>\nDimens\u00f5es do produto (A x L x P): 11 x 7,5 x 2cm<br \/>\n<\/span><\/p>\n","protected":false},"featured_media":11892,"template":"","meta":{"_joinchat":[]},"product_brand":[],"product_cat":[96],"product_tag":[],"class_list":{"0":"post-11839","1":"product","2":"type-product","3":"status-publish","4":"has-post-thumbnail","6":"product_cat-limpeza-e-cia","8":"first","9":"outofstock","10":"shipping-taxable","11":"product-type-simple"},"_links":{"self":[{"href":"https:\/\/www.multicasa.com.br\/inicio\/wp-json\/wp\/v2\/product\/11839","targetHints":{"allow":["GET"]}}],"collection":[{"href":"https:\/\/www.multicasa.com.br\/inicio\/wp-json\/wp\/v2\/product"}],"about":[{"href":"https:\/\/www.multicasa.com.br\/inicio\/wp-json\/wp\/v2\/types\/product"}],"wp:featuredmedia":[{"embeddable":true,"href":"https:\/\/www.multicasa.com.br\/inicio\/wp-json\/wp\/v2\/media\/11892"}],"wp:attachment":[{"href":"https:\/\/www.multicasa.com.br\/inicio\/wp-json\/wp\/v2\/media?parent=11839"}],"wp:term":[{"taxonomy":"product_brand","embeddable":true,"href":"https:\/\/www.multicasa.com.br\/inicio\/wp-json\/wp\/v2\/product_brand?post=11839"},{"taxonomy":"product_cat","embeddable":true,"href":"https:\/\/www.multicasa.com.br\/inicio\/wp-json\/wp\/v2\/product_cat?post=11839"},{"taxonomy":"product_tag","embeddable":true,"href":"https:\/\/www.multicasa.com.br\/inicio\/wp-json\/wp\/v2\/product_tag?post=11839"}],"curies":[{"name":"wp","href":"https:\/\/api.w.org\/{rel}","templated":true}]}}