{"id":11841,"date":"2025-06-20T18:11:33","date_gmt":"2025-06-20T22:11:33","guid":{"rendered":"https:\/\/www.multicasa.com.br\/inicio\/?post_type=product&#038;p=11841"},"modified":"2026-03-12T10:00:16","modified_gmt":"2026-03-12T14:00:16","slug":"luva-multiuso-de-latex-revestida-tamanho-m-laranja-sanro","status":"publish","type":"product","link":"https:\/\/www.multicasa.com.br\/inicio\/produto\/luva-multiuso-de-latex-revestida-tamanho-m-laranja-sanro\/","title":{"rendered":"Luva Multiuso de Latex Revestida Tamanho M Laranja Sanro"},"content":{"rendered":"<p>Use a Luva Multiuso de Latex Revestida da Sanro para proteger as m\u00e3os em atividades de limpeza, repara\u00e7\u00e3o e tamb\u00e9m na cozinha. 100% texturizada, est\u00e1 dispon\u00edvel no tamanho M e cor laranja. Possui alta sensibilidade, melhorando o toque e ader\u00eancia, evitando acidentes na hora de manipular os objetos. Uso indicado para limpar banheiros, lavar lou\u00e7as evitando o toque das m\u00e3os com produtos de limpeza e reformas.<\/p>\n","protected":false},"excerpt":{"rendered":"<h4 style=\"margin: 0px;padding: 0px 0px 16px;font-family: Lato, sans-serif;font-weight: bold;line-height: 3rem;color: var(--dark-grey3);font-size: 22px;font-style: normal;letter-spacing: normal;text-align: start;text-indent: 0px;text-transform: none\">Informa\u00e7\u00f5es t\u00e9cnicas<\/h4>\n<p><span style=\"margin: 0px;padding: 0px;font-weight: 450;font-size: 14px;line-height: 21px;color: var(--dark-grey2);font-family: Lato, sans-serif;font-style: normal;letter-spacing: normal;text-align: start;text-indent: 0px;text-transform: none\">Produto: Luva Multiuso<br \/>\nMarca: Sanro<br \/>\nMaterial: L\u00e1tex<br \/>\nCor: Laranja<br \/>\nCaracter\u00edsticas: Forrada<br \/>\nTamanho m\u00e9dio<br \/>\nAntiderrapante<br \/>\nItens Inclusos: 1 par de luvas<br \/>\nDimens\u00f5es do produto (C): 30cm<br \/>\n<\/span><\/p>\n","protected":false},"featured_media":11896,"template":"","meta":{"_joinchat":[]},"product_brand":[],"product_cat":[96],"product_tag":[],"class_list":{"0":"post-11841","1":"product","2":"type-product","3":"status-publish","4":"has-post-thumbnail","6":"product_cat-limpeza-e-cia","8":"first","9":"instock","10":"shipping-taxable","11":"purchasable","12":"product-type-simple"},"_links":{"self":[{"href":"https:\/\/www.multicasa.com.br\/inicio\/wp-json\/wp\/v2\/product\/11841","targetHints":{"allow":["GET"]}}],"collection":[{"href":"https:\/\/www.multicasa.com.br\/inicio\/wp-json\/wp\/v2\/product"}],"about":[{"href":"https:\/\/www.multicasa.com.br\/inicio\/wp-json\/wp\/v2\/types\/product"}],"wp:featuredmedia":[{"embeddable":true,"href":"https:\/\/www.multicasa.com.br\/inicio\/wp-json\/wp\/v2\/media\/11896"}],"wp:attachment":[{"href":"https:\/\/www.multicasa.com.br\/inicio\/wp-json\/wp\/v2\/media?parent=11841"}],"wp:term":[{"taxonomy":"product_brand","embeddable":true,"href":"https:\/\/www.multicasa.com.br\/inicio\/wp-json\/wp\/v2\/product_brand?post=11841"},{"taxonomy":"product_cat","embeddable":true,"href":"https:\/\/www.multicasa.com.br\/inicio\/wp-json\/wp\/v2\/product_cat?post=11841"},{"taxonomy":"product_tag","embeddable":true,"href":"https:\/\/www.multicasa.com.br\/inicio\/wp-json\/wp\/v2\/product_tag?post=11841"}],"curies":[{"name":"wp","href":"https:\/\/api.w.org\/{rel}","templated":true}]}}