{"id":11865,"date":"2025-06-20T18:11:56","date_gmt":"2025-06-20T22:11:56","guid":{"rendered":"https:\/\/www.multicasa.com.br\/inicio\/?post_type=product&#038;p=11865"},"modified":"2025-08-17T19:01:29","modified_gmt":"2025-08-17T23:01:29","slug":"lampada-led-tubular-t8-branca-g13-osram-9w-bivolt","status":"publish","type":"product","link":"https:\/\/www.multicasa.com.br\/inicio\/produto\/lampada-led-tubular-t8-branca-g13-osram-9w-bivolt\/","title":{"rendered":"L\u00e2mpada Led Tubular T8 Branca G13 Osram 9W &#8211; Bivolt"},"content":{"rendered":"<p>A L\u00e2mpada Tubular T8 de Led Osram emite luz branca com 9w de pot\u00eancia e alimentac\u00e3o bivolt. Com 60cm de comprimento, \u00e9 ideal para ser instalada em ambientes com p\u00e9 direito alto como corredores, escadas, garagens, escrit\u00f3rios e tamb\u00e9m como ilumina\u00e7\u00e3o direta. Possui encaixe de soquete G13, temperatura de cor em 5000k e fluxo luminoso de 900lm. Al\u00e9m disso, a l\u00e2mpada tubular Osram n\u00e3o possui metais pesados em sua composi\u00e7\u00e3o, \u00e9 livre de merc\u00fario e possui IRC 80.<\/p>\n","protected":false},"excerpt":{"rendered":"<h4 style=\"margin: 0px;padding: 0px 0px 16px;font-family: Lato, sans-serif;font-weight: bold;line-height: 3rem;color: var(--dark-grey3);font-size: 22px;font-style: normal;letter-spacing: normal;text-align: start;text-indent: 0px;text-transform: none\">Informa\u00e7\u00f5es t\u00e9cnicas<\/h4>\n<p><span style=\"margin: 0px;padding: 0px;font-weight: 450;font-size: 14px;line-height: 21px;color: var(--dark-grey2);font-family: Lato, sans-serif;font-style: normal;letter-spacing: normal;text-align: start;text-indent: 0px;text-transform: none\">Produto: L\u00e2mpada de Led Tubular T8<br \/>\nMarca: Osram<br \/>\nMaterial: Vidro<br \/>\nPl\u00e1stico<br \/>\nCor: Branca Morna<br \/>\nCor da Luz: Branca<br \/>\nPot\u00eancia: 9w<br \/>\nTens\u00e3o El\u00e9trica: Bivolt<br \/>\nTemperatura de cor: 5000k<br \/>\nSoquete G13<br \/>\nCaracter\u00edsticas: Durabilidade de 25 mil horas<br \/>\nLumens de 900LM<br \/>\nIRC 80<br \/>\nEquival\u00eancia Fluorescente de 20w<br \/>\nItens Inclusos: 1 L\u00e2mpada<br \/>\nDimens\u00f5es do produto (L): 60cm<br \/>\n<\/span><\/p>\n","protected":false},"featured_media":11898,"template":"","meta":{"_joinchat":[]},"product_brand":[],"product_cat":[80],"product_tag":[],"class_list":{"0":"post-11865","1":"product","2":"type-product","3":"status-publish","4":"has-post-thumbnail","6":"product_cat-lampadas","8":"first","9":"outofstock","10":"shipping-taxable","11":"purchasable","12":"product-type-simple"},"_links":{"self":[{"href":"https:\/\/www.multicasa.com.br\/inicio\/wp-json\/wp\/v2\/product\/11865","targetHints":{"allow":["GET"]}}],"collection":[{"href":"https:\/\/www.multicasa.com.br\/inicio\/wp-json\/wp\/v2\/product"}],"about":[{"href":"https:\/\/www.multicasa.com.br\/inicio\/wp-json\/wp\/v2\/types\/product"}],"wp:featuredmedia":[{"embeddable":true,"href":"https:\/\/www.multicasa.com.br\/inicio\/wp-json\/wp\/v2\/media\/11898"}],"wp:attachment":[{"href":"https:\/\/www.multicasa.com.br\/inicio\/wp-json\/wp\/v2\/media?parent=11865"}],"wp:term":[{"taxonomy":"product_brand","embeddable":true,"href":"https:\/\/www.multicasa.com.br\/inicio\/wp-json\/wp\/v2\/product_brand?post=11865"},{"taxonomy":"product_cat","embeddable":true,"href":"https:\/\/www.multicasa.com.br\/inicio\/wp-json\/wp\/v2\/product_cat?post=11865"},{"taxonomy":"product_tag","embeddable":true,"href":"https:\/\/www.multicasa.com.br\/inicio\/wp-json\/wp\/v2\/product_tag?post=11865"}],"curies":[{"name":"wp","href":"https:\/\/api.w.org\/{rel}","templated":true}]}}