{"id":11867,"date":"2025-06-20T18:11:56","date_gmt":"2025-06-20T22:11:56","guid":{"rendered":"https:\/\/www.multicasa.com.br\/inicio\/?post_type=product&#038;p=11867"},"modified":"2026-03-10T17:14:06","modified_gmt":"2026-03-10T21:14:06","slug":"copo-termico-em-aco-inox-com-tampa-verde-stanley-473ml","status":"publish","type":"product","link":"https:\/\/www.multicasa.com.br\/inicio\/produto\/copo-termico-em-aco-inox-com-tampa-verde-stanley-473ml\/","title":{"rendered":"Copo T\u00e9rmico em A\u00e7o Inox com Tampa Verde Stanley 473ml"},"content":{"rendered":"<p>Saboreie sua cerveja at\u00e9 o \u00faltimo gole com o Copo T\u00e9rmico Stanley que preserva sua bebida gelada por 4,5 horas e sua bebida quente por at\u00e9 1,5 hora. Al\u00e9m disso, mant\u00e9m o gelo por at\u00e9 17 horas. Feito em a\u00e7o inox verde, possui tampa contra derramamentos e sujeiras, parede dupla com isolamento a v\u00e1cuo n\u00e3o transpira por fora. Possui um abridor de garrafa acoplado, que \u00e9 perfeito para levar na bolsa. Com capacidade de 473ml e 118ml extra para colarinho, comporta sua bebida da melhor forma poss\u00edvel, sendo resistente, dur\u00e1vel e atemporal.<\/p>\n","protected":false},"excerpt":{"rendered":"<h4 style=\"margin: 0px;padding: 0px 0px 16px;font-family: Lato, sans-serif;font-weight: bold;line-height: 3rem;color: var(--dark-grey3);font-size: 22px;font-style: normal;letter-spacing: normal;text-align: start;text-indent: 0px;text-transform: none\">Informa\u00e7\u00f5es t\u00e9cnicas<\/h4>\n<p><span style=\"margin: 0px;padding: 0px;font-weight: 450;font-size: 14px;line-height: 21px;color: var(--dark-grey2);font-family: Lato, sans-serif;font-style: normal;letter-spacing: normal;text-align: start;text-indent: 0px;text-transform: none\">Produto: Copo t\u00e9rmico<br \/>\nMarca: Stanley<br \/>\nMaterial: A\u00e7o Inox<br \/>\nCor: Verde<br \/>\nCapacidade: 475ml<br \/>\nItens Inclusos: 1 copo t\u00e9rmico<br \/>\nDimens\u00f5es do produto (A x L x P): 17,2 x9,6 x 9,6cm<\/span><\/p>\n","protected":false},"featured_media":11916,"template":"","meta":{"_joinchat":[]},"product_brand":[],"product_cat":[136],"product_tag":[],"class_list":{"0":"post-11867","1":"product","2":"type-product","3":"status-publish","4":"has-post-thumbnail","6":"product_cat-lazer","8":"first","9":"outofstock","10":"shipping-taxable","11":"product-type-simple"},"_links":{"self":[{"href":"https:\/\/www.multicasa.com.br\/inicio\/wp-json\/wp\/v2\/product\/11867","targetHints":{"allow":["GET"]}}],"collection":[{"href":"https:\/\/www.multicasa.com.br\/inicio\/wp-json\/wp\/v2\/product"}],"about":[{"href":"https:\/\/www.multicasa.com.br\/inicio\/wp-json\/wp\/v2\/types\/product"}],"wp:featuredmedia":[{"embeddable":true,"href":"https:\/\/www.multicasa.com.br\/inicio\/wp-json\/wp\/v2\/media\/11916"}],"wp:attachment":[{"href":"https:\/\/www.multicasa.com.br\/inicio\/wp-json\/wp\/v2\/media?parent=11867"}],"wp:term":[{"taxonomy":"product_brand","embeddable":true,"href":"https:\/\/www.multicasa.com.br\/inicio\/wp-json\/wp\/v2\/product_brand?post=11867"},{"taxonomy":"product_cat","embeddable":true,"href":"https:\/\/www.multicasa.com.br\/inicio\/wp-json\/wp\/v2\/product_cat?post=11867"},{"taxonomy":"product_tag","embeddable":true,"href":"https:\/\/www.multicasa.com.br\/inicio\/wp-json\/wp\/v2\/product_tag?post=11867"}],"curies":[{"name":"wp","href":"https:\/\/api.w.org\/{rel}","templated":true}]}}