{"id":11872,"date":"2025-06-20T18:11:57","date_gmt":"2025-06-20T22:11:57","guid":{"rendered":"https:\/\/www.multicasa.com.br\/inicio\/?post_type=product&#038;p=11872"},"modified":"2025-12-16T18:43:33","modified_gmt":"2025-12-16T22:43:33","slug":"copo-termico-em-aco-inox-sem-tampa-preto-stanley-473ml","status":"publish","type":"product","link":"https:\/\/www.multicasa.com.br\/inicio\/produto\/copo-termico-em-aco-inox-sem-tampa-preto-stanley-473ml\/","title":{"rendered":"Copo T\u00e9rmico em A\u00e7o Inox sem Tampa Preto Stanley 473ml"},"content":{"rendered":"<p>Saboreie sua cerveja at\u00e9 o \u00faltimo gole com o Copo T\u00e9rmico Stanley que preserva sua bebida gelada por 4 horas. Feito em a\u00e7o inox preto, possui parede dupla com isolamento a v\u00e1cuo, n\u00e3o suando por fora. Com capacidade de 473ml, comporta sua bebida da melhor forma poss\u00edvel, sendo resistente, dur\u00e1vel e atemporal.<\/p>\n","protected":false},"excerpt":{"rendered":"<h4 style=\"margin: 0px;padding: 0px 0px 16px;font-family: Lato, sans-serif;font-weight: bold;line-height: 3rem;color: var(--dark-grey3);font-size: 22px;font-style: normal;letter-spacing: normal;text-align: start;text-indent: 0px;text-transform: none\">Informa\u00e7\u00f5es t\u00e9cnicas<\/h4>\n<p><span style=\"margin: 0px;padding: 0px;font-weight: 450;font-size: 14px;line-height: 21px;color: var(--dark-grey2);font-family: Lato, sans-serif;font-style: normal;letter-spacing: normal;text-align: start;text-indent: 0px;text-transform: none\">Produto: Copo t\u00e9rmico<br \/>\nMarca: Stanley<br \/>\nMaterial: A\u00e7o Inox<br \/>\nCor: Preto<br \/>\nCapacidade: 475ml<br \/>\nItens Inclusos: 1 copo t\u00e9rmico<br \/>\nDimens\u00f5es do produto (A x L x P): 14,6 x 8,7 x 8,7cm<\/span><\/p>\n","protected":false},"featured_media":11929,"template":"","meta":{"_joinchat":[]},"product_brand":[],"product_cat":[136],"product_tag":[],"class_list":{"0":"post-11872","1":"product","2":"type-product","3":"status-publish","4":"has-post-thumbnail","6":"product_cat-lazer","8":"first","9":"outofstock","10":"shipping-taxable","11":"product-type-simple"},"_links":{"self":[{"href":"https:\/\/www.multicasa.com.br\/inicio\/wp-json\/wp\/v2\/product\/11872","targetHints":{"allow":["GET"]}}],"collection":[{"href":"https:\/\/www.multicasa.com.br\/inicio\/wp-json\/wp\/v2\/product"}],"about":[{"href":"https:\/\/www.multicasa.com.br\/inicio\/wp-json\/wp\/v2\/types\/product"}],"wp:featuredmedia":[{"embeddable":true,"href":"https:\/\/www.multicasa.com.br\/inicio\/wp-json\/wp\/v2\/media\/11929"}],"wp:attachment":[{"href":"https:\/\/www.multicasa.com.br\/inicio\/wp-json\/wp\/v2\/media?parent=11872"}],"wp:term":[{"taxonomy":"product_brand","embeddable":true,"href":"https:\/\/www.multicasa.com.br\/inicio\/wp-json\/wp\/v2\/product_brand?post=11872"},{"taxonomy":"product_cat","embeddable":true,"href":"https:\/\/www.multicasa.com.br\/inicio\/wp-json\/wp\/v2\/product_cat?post=11872"},{"taxonomy":"product_tag","embeddable":true,"href":"https:\/\/www.multicasa.com.br\/inicio\/wp-json\/wp\/v2\/product_tag?post=11872"}],"curies":[{"name":"wp","href":"https:\/\/api.w.org\/{rel}","templated":true}]}}