{"id":11873,"date":"2025-06-20T18:11:57","date_gmt":"2025-06-20T22:11:57","guid":{"rendered":"https:\/\/www.multicasa.com.br\/inicio\/?post_type=product&#038;p=11873"},"modified":"2026-02-20T10:19:02","modified_gmt":"2026-02-20T14:19:02","slug":"cuia-termica-em-aco-inox-preta-stanley-236ml","status":"publish","type":"product","link":"https:\/\/www.multicasa.com.br\/inicio\/produto\/cuia-termica-em-aco-inox-preta-stanley-236ml\/","title":{"rendered":"Cuia T\u00e9rmica em A\u00e7o Inox Preta Stanley 236ml"},"content":{"rendered":"<p>Para garantir que o seu chimarr\u00e3o fique perfeito at\u00e9 o \u00faltimo gole, use Cuia T\u00e9rmica Stanley. Com capacidade de 236ml, \u00e9 feita em a\u00e7o inox preto que possui parede dupla com isolamento a v\u00e1cuo que mant\u00e9m sua bebida quente por at\u00e9 45 minutos e fria por at\u00e9 3 horas, sendo que seu material n\u00e3o transpira por fora. Com design especialmente desenvolvido para esta bebida, \u00e9 dur\u00e1vel para compartilhar a vida toda. N\u00e3o inclui bomba.<\/p>\n","protected":false},"excerpt":{"rendered":"<h4 style=\"margin: 0px;padding: 0px 0px 16px;font-family: Lato, sans-serif;font-weight: bold;line-height: 3rem;color: var(--dark-grey3);font-size: 22px;font-style: normal;letter-spacing: normal;text-align: start;text-indent: 0px;text-transform: none\">Informa\u00e7\u00f5es t\u00e9cnicas<\/h4>\n<p><span style=\"margin: 0px;padding: 0px;font-weight: 450;font-size: 14px;line-height: 21px;color: var(--dark-grey2);font-family: Lato, sans-serif;font-style: normal;letter-spacing: normal;text-align: start;text-indent: 0px;text-transform: none\">Produto: Cuia t\u00e9rmica<br \/>\nMarca: Stanley<br \/>\nMaterial: A\u00e7o Inox<br \/>\nCor: Preto<br \/>\nCapacidade: 236ml<br \/>\nItens Inclusos: 1 cuia t\u00e9rmica<br \/>\nDimens\u00f5es do produto (A x L x P): 10,5 x 8,1 x 8,1cm<\/span><\/p>\n","protected":false},"featured_media":11931,"template":"","meta":{"_joinchat":[]},"product_brand":[],"product_cat":[136],"product_tag":[],"class_list":{"0":"post-11873","1":"product","2":"type-product","3":"status-publish","4":"has-post-thumbnail","6":"product_cat-lazer","8":"first","9":"outofstock","10":"shipping-taxable","11":"product-type-simple"},"_links":{"self":[{"href":"https:\/\/www.multicasa.com.br\/inicio\/wp-json\/wp\/v2\/product\/11873","targetHints":{"allow":["GET"]}}],"collection":[{"href":"https:\/\/www.multicasa.com.br\/inicio\/wp-json\/wp\/v2\/product"}],"about":[{"href":"https:\/\/www.multicasa.com.br\/inicio\/wp-json\/wp\/v2\/types\/product"}],"wp:featuredmedia":[{"embeddable":true,"href":"https:\/\/www.multicasa.com.br\/inicio\/wp-json\/wp\/v2\/media\/11931"}],"wp:attachment":[{"href":"https:\/\/www.multicasa.com.br\/inicio\/wp-json\/wp\/v2\/media?parent=11873"}],"wp:term":[{"taxonomy":"product_brand","embeddable":true,"href":"https:\/\/www.multicasa.com.br\/inicio\/wp-json\/wp\/v2\/product_brand?post=11873"},{"taxonomy":"product_cat","embeddable":true,"href":"https:\/\/www.multicasa.com.br\/inicio\/wp-json\/wp\/v2\/product_cat?post=11873"},{"taxonomy":"product_tag","embeddable":true,"href":"https:\/\/www.multicasa.com.br\/inicio\/wp-json\/wp\/v2\/product_tag?post=11873"}],"curies":[{"name":"wp","href":"https:\/\/api.w.org\/{rel}","templated":true}]}}