{"id":11875,"date":"2025-06-20T18:11:57","date_gmt":"2025-06-20T22:11:57","guid":{"rendered":"https:\/\/www.multicasa.com.br\/inicio\/?post_type=product&#038;p=11875"},"modified":"2025-12-16T18:54:14","modified_gmt":"2025-12-16T22:54:14","slug":"copo-termico-stanley-com-tampa-preto-473ml","status":"publish","type":"product","link":"https:\/\/www.multicasa.com.br\/inicio\/produto\/copo-termico-stanley-com-tampa-preto-473ml\/","title":{"rendered":"Copo T\u00e9rmico Stanley com Tampa Preto 473ml"},"content":{"rendered":"<p>Copo T\u00e9rmico Stanley \u00e9 perfeito para te acompanhar em aventuras, viagens, festas e at\u00e9 mesmo aquele churrasco em casa.<br \/>\nGarante a sua cerveja sempre gelada. N\u00e3o se preocupe, com ele, voc\u00ea sentir\u00e1 at\u00e9 o \u00faltimo gole na temperatura adequada.<br \/>\nCom tampa contra derramamento e sujeiras e com abridor de garrafa acoplado.<br \/>\nCapaz de conservar sua bebida quente por at\u00e9 1,5 horas. Mas se preferir ela gelada, conte com at\u00e9 4,5 horas de conserva\u00e7\u00e3o ou ainda se for com gelo use e abuse das 17 horas de muito frescor ao seu dispor. Al\u00e9m disso, ele \u00e9 Inox trazendo muito estilo, praticidade e durabilidade ao dia a dia. Tudo isso, a uma capacidade de 473 mL. <\/p>\n","protected":false},"excerpt":{"rendered":"<h4 style=\"margin: 0px;padding: 0px 0px 16px;font-family: Lato, sans-serif;font-weight: bold;line-height: 3rem;color: var(--dark-grey3);font-size: 22px;font-style: normal;letter-spacing: normal;text-align: start;text-indent: 0px;text-transform: none\">Informa\u00e7\u00f5es t\u00e9cnicas<\/h4>\n<p><span style=\"margin: 0px;padding: 0px;font-weight: 450;font-size: 14px;line-height: 21px;color: var(--dark-grey2);font-family: Lato, sans-serif;font-style: normal;letter-spacing: normal;text-align: start;text-indent: 0px;text-transform: none\">Produto: Copo T\u00e9rmico Stanley<br \/>\nMarca: Aladdin<br \/>\nMaterial: A\u00e7o Inox<br \/>\nCor: Preto<br \/>\nCapacidade: 473ml<br \/>\nItens Inclusos: 01 copo t\u00e9rmico stanley<br \/>\nDimens\u00f5es do produto: C: 9,600cm; L: 9,600cm; A: 17,200cm<br \/>\nPeso: 0,330kg<br \/>\n<\/span><\/p>\n","protected":false},"featured_media":25020,"template":"","meta":{"_joinchat":[]},"product_brand":[],"product_cat":[136],"product_tag":[],"class_list":{"0":"post-11875","1":"product","2":"type-product","3":"status-publish","4":"has-post-thumbnail","6":"product_cat-lazer","8":"first","9":"outofstock","10":"shipping-taxable","11":"product-type-simple"},"_links":{"self":[{"href":"https:\/\/www.multicasa.com.br\/inicio\/wp-json\/wp\/v2\/product\/11875","targetHints":{"allow":["GET"]}}],"collection":[{"href":"https:\/\/www.multicasa.com.br\/inicio\/wp-json\/wp\/v2\/product"}],"about":[{"href":"https:\/\/www.multicasa.com.br\/inicio\/wp-json\/wp\/v2\/types\/product"}],"wp:featuredmedia":[{"embeddable":true,"href":"https:\/\/www.multicasa.com.br\/inicio\/wp-json\/wp\/v2\/media\/25020"}],"wp:attachment":[{"href":"https:\/\/www.multicasa.com.br\/inicio\/wp-json\/wp\/v2\/media?parent=11875"}],"wp:term":[{"taxonomy":"product_brand","embeddable":true,"href":"https:\/\/www.multicasa.com.br\/inicio\/wp-json\/wp\/v2\/product_brand?post=11875"},{"taxonomy":"product_cat","embeddable":true,"href":"https:\/\/www.multicasa.com.br\/inicio\/wp-json\/wp\/v2\/product_cat?post=11875"},{"taxonomy":"product_tag","embeddable":true,"href":"https:\/\/www.multicasa.com.br\/inicio\/wp-json\/wp\/v2\/product_tag?post=11875"}],"curies":[{"name":"wp","href":"https:\/\/api.w.org\/{rel}","templated":true}]}}