{"id":11878,"date":"2025-06-20T18:11:57","date_gmt":"2025-06-20T22:11:57","guid":{"rendered":"https:\/\/www.multicasa.com.br\/inicio\/?post_type=product&#038;p=11878"},"modified":"2026-04-23T10:30:40","modified_gmt":"2026-04-23T14:30:40","slug":"lampada-de-led-branca-taschibra-20w-bivolt","status":"publish","type":"product","link":"https:\/\/www.multicasa.com.br\/inicio\/produto\/lampada-de-led-branca-taschibra-20w-bivolt\/","title":{"rendered":"L\u00e2mpada de Led Branca Taschibra 20W Bivolt"},"content":{"rendered":"<p>Voc\u00ea pode iluminar com maior efici\u00eancia qualquer tipo de ambiente usando a l\u00e2mpada de LED branca Taschibra. Garante at\u00e9 80% de economia, alta durabilidade e pode ser usado em salas, cozinhas, banheiros, quartos e outros c\u00f4modos, transmitindo sensa\u00e7\u00e3o de relaxamento. Bivolt, possui 20w de pot\u00eancia e temperatura da cor em 6500k. Deve ser usada no bocal compat\u00edvel com o soquete E27 e possui fluxo luminoso de 1800 lumens.<\/p>\n","protected":false},"excerpt":{"rendered":"<h4 style=\"margin: 0px;padding: 0px 0px 16px;font-family: Lato, sans-serif;font-weight: bold;line-height: 3rem;color: var(--dark-grey3);font-size: 22px;font-style: normal;letter-spacing: normal;text-align: start;text-indent: 0px;text-transform: none\" data-mce-style=\"margin: 0px; padding: 0px 0px 16px; font-family: Lato, sans-serif; font-weight: bold; line-height: 3rem; color: var(--dark-grey3); font-size: 22px; font-style: normal; letter-spacing: normal; text-align: start; text-indent: 0px; text-transform: none;\">Informa\u00e7\u00f5es t\u00e9cnicas<\/h4>\n<p><span style=\"margin: 0px;padding: 0px;font-weight: 450;font-size: 14px;line-height: 21px;color: var(--dark-grey2);font-family: Lato, sans-serif;font-style: normal;letter-spacing: normal;text-align: start;text-indent: 0px;text-transform: none\" data-mce-style=\"margin: 0px; padding: 0px; font-weight: 450; font-size: 14px; line-height: 21px; color: var(--dark-grey2); font-family: Lato, sans-serif; font-style: normal; letter-spacing: normal; text-align: start; text-indent: 0px; text-transform: none;\">Produto: L\u00e2mpada<br \/>Marca: Taschibra<br \/>Modelo: High Led TKL 100<br \/>Material: Policarbonato<br \/>Alum\u00ednio<br \/>Cor: Branca<br \/>Cor da Luz: Branco<br \/>Pot\u00eancia: 20w<br \/>Tens\u00e3o El\u00e9trica: 100-240v<br \/>Frequ\u00eancia 50\/60HZ<br \/>Temperatura de cor: 6500K<br \/>Caracter\u00edsticas: Soquete E27<br \/>Equival\u00eancia Fluorescente 31w<br \/>Equival\u00eancia Incandescente 110w<br \/>Fluxo Luminoso 1800LM<br \/>Efici\u00eancia Luminosa 90ml\/W<br \/>Fator de Pot\u00eancia: 0,7<br \/>\u00c2ngulo da abertura: 180\u00b0<br \/>\u00cdndice de prote\u00e7\u00e3o IP20<br \/>Vida \u00datil 25000H<br \/>Itens Inclusos: 1 L\u00e2mpada<br \/>Dimens\u00f5es do produto (A X L): 15,5 x 8cm<br \/>Garantia: 3 anos<br \/><\/span><\/p>\n","protected":false},"featured_media":11949,"template":"","meta":{"_joinchat":[]},"product_brand":[],"product_cat":[80],"product_tag":[],"class_list":{"0":"post-11878","1":"product","2":"type-product","3":"status-publish","4":"has-post-thumbnail","6":"product_cat-lampadas","8":"first","9":"instock","10":"shipping-taxable","11":"purchasable","12":"product-type-simple"},"_links":{"self":[{"href":"https:\/\/www.multicasa.com.br\/inicio\/wp-json\/wp\/v2\/product\/11878","targetHints":{"allow":["GET"]}}],"collection":[{"href":"https:\/\/www.multicasa.com.br\/inicio\/wp-json\/wp\/v2\/product"}],"about":[{"href":"https:\/\/www.multicasa.com.br\/inicio\/wp-json\/wp\/v2\/types\/product"}],"wp:featuredmedia":[{"embeddable":true,"href":"https:\/\/www.multicasa.com.br\/inicio\/wp-json\/wp\/v2\/media\/11949"}],"wp:attachment":[{"href":"https:\/\/www.multicasa.com.br\/inicio\/wp-json\/wp\/v2\/media?parent=11878"}],"wp:term":[{"taxonomy":"product_brand","embeddable":true,"href":"https:\/\/www.multicasa.com.br\/inicio\/wp-json\/wp\/v2\/product_brand?post=11878"},{"taxonomy":"product_cat","embeddable":true,"href":"https:\/\/www.multicasa.com.br\/inicio\/wp-json\/wp\/v2\/product_cat?post=11878"},{"taxonomy":"product_tag","embeddable":true,"href":"https:\/\/www.multicasa.com.br\/inicio\/wp-json\/wp\/v2\/product_tag?post=11878"}],"curies":[{"name":"wp","href":"https:\/\/api.w.org\/{rel}","templated":true}]}}