{"id":11904,"date":"2025-06-20T18:12:19","date_gmt":"2025-06-20T22:12:19","guid":{"rendered":"https:\/\/www.multicasa.com.br\/inicio\/?post_type=product&#038;p=11904"},"modified":"2025-06-23T10:18:26","modified_gmt":"2025-06-23T14:18:26","slug":"luminaria-led-slim-36w-bivolt-bc-blumenau","status":"publish","type":"product","link":"https:\/\/www.multicasa.com.br\/inicio\/produto\/luminaria-led-slim-36w-bivolt-bc-blumenau\/","title":{"rendered":"Luminaria Led Slim 36W Bivolt Bc Blumenau"},"content":{"rendered":"<p>Est\u00e1 pensando em uma forma de sofisticar a ilumina\u00e7\u00e3o do seu ambiente decorado? Ent\u00e3o, n\u00f3s indicamos para voc\u00ea a Lumin\u00e1ria LED Slim 36w Luz Branca da Blumenau. Ela \u00e9 uma l\u00e2mpada com comprimento de 1200mm, possui um design mais fino (Slim) e \u00e9 retangular, ideal para uniformizar a luz em todo o seu escrit\u00f3rio, c\u00f4modo residencial, garagem, corredor de loja ou hotel. O modelo Slim, somado \u00e0 tecnologia LED (com pot\u00eancia de 36W para 2800 l\u00famens), traz mais funcionalidade e custo-benef\u00edcio para voc\u00ea, al\u00e9m de dar um toque moderno e suave na sua decora\u00e7\u00e3o.<\/p>\n","protected":false},"excerpt":{"rendered":"<h4 style=\"margin: 0px;padding: 0px 0px 16px;font-family: Lato, sans-serif;font-weight: bold;line-height: 3rem;color: var(--dark-grey3);font-size: 22px;font-style: normal;letter-spacing: normal;text-align: start;text-indent: 0px;text-transform: none\">Informa\u00e7\u00f5es t\u00e9cnicas<\/h4>\n<p><span style=\"margin: 0px;padding: 0px;font-weight: 450;font-size: 14px;line-height: 21px;color: var(--dark-grey2);font-family: Lato, sans-serif;font-style: normal;letter-spacing: normal;text-align: start;text-indent: 0px;text-transform: none\">Produto: LUMINARIA LED SLIM 36W BIV.<br \/>\nMarca: BLUMENAU<br \/>\nMaterial: Base produzida em alum\u00ednio e difusor em policarbonato.<br \/>\nCor: BRANCO<br \/>\nCaracter\u00edsticas:<br \/>\n-Efici\u00eancia Luminosa:77,7 Im\/W<br \/>\n-Fluxo Luminoso:2800 Im<br \/>\n-Garantia:1 ano<br \/>\n-Peso:0,25 kg<br \/>\n-Pot\u00eancia:36W<br \/>\n-Tens\u00e3o:100-240V | 50\/60 Hz<br \/>\n-Vida \u00datil:25.000h<br \/>\nDimens\u00f5es:<br \/>\n1200 x 75 x 25mm<\/span><\/p>\n","protected":false},"featured_media":25491,"template":"","meta":{"_joinchat":[]},"product_brand":[],"product_cat":[145],"product_tag":[],"class_list":{"0":"post-11904","1":"product","2":"type-product","3":"status-publish","4":"has-post-thumbnail","6":"product_cat-leds-comerciais","8":"first","9":"outofstock","10":"shipping-taxable","11":"purchasable","12":"product-type-simple"},"_links":{"self":[{"href":"https:\/\/www.multicasa.com.br\/inicio\/wp-json\/wp\/v2\/product\/11904","targetHints":{"allow":["GET"]}}],"collection":[{"href":"https:\/\/www.multicasa.com.br\/inicio\/wp-json\/wp\/v2\/product"}],"about":[{"href":"https:\/\/www.multicasa.com.br\/inicio\/wp-json\/wp\/v2\/types\/product"}],"wp:featuredmedia":[{"embeddable":true,"href":"https:\/\/www.multicasa.com.br\/inicio\/wp-json\/wp\/v2\/media\/25491"}],"wp:attachment":[{"href":"https:\/\/www.multicasa.com.br\/inicio\/wp-json\/wp\/v2\/media?parent=11904"}],"wp:term":[{"taxonomy":"product_brand","embeddable":true,"href":"https:\/\/www.multicasa.com.br\/inicio\/wp-json\/wp\/v2\/product_brand?post=11904"},{"taxonomy":"product_cat","embeddable":true,"href":"https:\/\/www.multicasa.com.br\/inicio\/wp-json\/wp\/v2\/product_cat?post=11904"},{"taxonomy":"product_tag","embeddable":true,"href":"https:\/\/www.multicasa.com.br\/inicio\/wp-json\/wp\/v2\/product_tag?post=11904"}],"curies":[{"name":"wp","href":"https:\/\/api.w.org\/{rel}","templated":true}]}}