{"id":11905,"date":"2025-06-20T18:12:19","date_gmt":"2025-06-20T22:12:19","guid":{"rendered":"https:\/\/www.multicasa.com.br\/inicio\/?post_type=product&#038;p=11905"},"modified":"2025-11-21T13:44:17","modified_gmt":"2025-11-21T17:44:17","slug":"disjuntor-3x80a-din-curva-c-steck","status":"publish","type":"product","link":"https:\/\/www.multicasa.com.br\/inicio\/produto\/disjuntor-3x80a-din-curva-c-steck\/","title":{"rendered":"Disjuntor 3X80A Din Curva C Steck"},"content":{"rendered":"<p>A linha de Disjuntores Steck s\u00e3o equipamentos de alta tecnologia que protegem fios e cabos el\u00e9tricos contra curto-circuitos e sobrecargas de energia, proporcionando aplica\u00e7\u00f5es seguras e econ\u00f4micas em instala\u00e7\u00f5es el\u00e9tricas residencias, comerciais e industriais. Possuem contatos especiais de prata que oferecem garantia de seguran\u00e7a contra soldagem. Al\u00e9m disso s\u00e3o produtos de disparo livre, isto \u00e9, podem disparar mesmo com a alavanca de acionamento travada na posi\u00e7\u00e3o &#8220;liga&#8221;.<\/p>\n","protected":false},"excerpt":{"rendered":"<h4 style=\"margin: 0px;padding: 0px 0px 16px;font-family: Lato, sans-serif;font-weight: bold;line-height: 3rem;color: var(--dark-grey3);font-size: 22px;font-style: normal;letter-spacing: normal;text-align: start;text-indent: 0px;text-transform: none\">Informa\u00e7\u00f5es t\u00e9cnicas<\/h4>\n<p><span style=\"margin: 0px;padding: 0px;font-weight: 450;font-size: 14px;line-height: 21px;color: var(--dark-grey2);font-family: Lato, sans-serif;font-style: normal;letter-spacing: normal;text-align: start;text-indent: 0px;text-transform: none\">Produto: DISJUNTOR 3X80A DIN CURVA C<br \/>\nMarca: STECK<br \/>\nMaterial: Fixo: Liga com teor &gt;50% de Cobre<br \/>\nMovel: Liga com teor &gt;50% de Cobre<br \/>\nCor: BRANCO<br \/>\nCaracter\u00edsticas:<br \/>\n&#8211; S\u00e3o utilizados para realizar a prote\u00e7\u00e3o de circuitos com cargas de caracter\u00edsticas<br \/>\npredominantemente indutivas, como por exemplo ar condicionado, microondas, motores e cargas que apresentam picos de corrente no momento da liga\u00e7\u00e3o.<br \/>\nDimens\u00f5es:<br \/>\n81mm <\/span><\/p>\n","protected":false},"featured_media":25064,"template":"","meta":{"_joinchat":[]},"product_brand":[],"product_cat":[122],"product_tag":[],"class_list":{"0":"post-11905","1":"product","2":"type-product","3":"status-publish","4":"has-post-thumbnail","6":"product_cat-quadros-e-cia","8":"first","9":"outofstock","10":"shipping-taxable","11":"purchasable","12":"product-type-simple"},"_links":{"self":[{"href":"https:\/\/www.multicasa.com.br\/inicio\/wp-json\/wp\/v2\/product\/11905","targetHints":{"allow":["GET"]}}],"collection":[{"href":"https:\/\/www.multicasa.com.br\/inicio\/wp-json\/wp\/v2\/product"}],"about":[{"href":"https:\/\/www.multicasa.com.br\/inicio\/wp-json\/wp\/v2\/types\/product"}],"wp:featuredmedia":[{"embeddable":true,"href":"https:\/\/www.multicasa.com.br\/inicio\/wp-json\/wp\/v2\/media\/25064"}],"wp:attachment":[{"href":"https:\/\/www.multicasa.com.br\/inicio\/wp-json\/wp\/v2\/media?parent=11905"}],"wp:term":[{"taxonomy":"product_brand","embeddable":true,"href":"https:\/\/www.multicasa.com.br\/inicio\/wp-json\/wp\/v2\/product_brand?post=11905"},{"taxonomy":"product_cat","embeddable":true,"href":"https:\/\/www.multicasa.com.br\/inicio\/wp-json\/wp\/v2\/product_cat?post=11905"},{"taxonomy":"product_tag","embeddable":true,"href":"https:\/\/www.multicasa.com.br\/inicio\/wp-json\/wp\/v2\/product_tag?post=11905"}],"curies":[{"name":"wp","href":"https:\/\/api.w.org\/{rel}","templated":true}]}}