{"id":11906,"date":"2025-06-20T18:12:19","date_gmt":"2025-06-20T22:12:19","guid":{"rendered":"https:\/\/www.multicasa.com.br\/inicio\/?post_type=product&#038;p=11906"},"modified":"2025-08-17T18:59:34","modified_gmt":"2025-08-17T22:59:34","slug":"parafuso-louca-72mm-ct02-docol","status":"publish","type":"product","link":"https:\/\/www.multicasa.com.br\/inicio\/produto\/parafuso-louca-72mm-ct02-docol\/","title":{"rendered":"Parafuso Louca 7,2Mm Ct02 Docol"},"content":{"rendered":"<p>O principal benef\u00edcio dos parafusos docol \u00e9 a qualidade presente em cada pe\u00e7a. O parafuso de fixa\u00e7\u00e3o para bacias sanit\u00e1rias e mict\u00f3rios serve para dar fixa\u00e7\u00e3o aos produtos, ou seja, para mant\u00ea-los presos ao ch\u00e3o ou parede. Eles s\u00e3o feitos com material de alta qualidade e resist\u00eancia para que voc\u00ea tenha um produto dur\u00e1vel at\u00e9 mesmo nos pequenos detalhes do seu banheiro.<\/p>\n","protected":false},"excerpt":{"rendered":"<h4 style=\"margin: 0px;padding: 0px 0px 16px;font-family: Lato, sans-serif;font-weight: bold;line-height: 3rem;color: var(--dark-grey3);font-size: 22px;font-style: normal;letter-spacing: normal;text-align: start;text-indent: 0px;text-transform: none\">Informa\u00e7\u00f5es t\u00e9cnicas<\/h4>\n<p><span style=\"margin: 0px;padding: 0px;font-weight: 450;font-size: 14px;line-height: 21px;color: var(--dark-grey2);font-family: Lato, sans-serif;font-style: normal;letter-spacing: normal;text-align: start;text-indent: 0px;text-transform: none\">Produto: PARAFUSO LOUCA 7,2MM CT02<br \/>\nMarca: Docol<br \/>\nMaterial: A\u00e7o inox e pl\u00e1stico de engenharia.<br \/>\nCor: Inox<br \/>\nCaracter\u00edsticas: Seguran\u00e7a e durabilidade.<br \/>\nDimens\u00f5es:<br \/>\nComprimento do produto: 121 mm<br \/>\nAltura do produto: 24 mm<br \/>\nLargura do produto: 24 mm<br \/>\nPeso L\u00edquido:<br \/>\n0,07351 kg<br \/>\nPeso Bruto:<br \/>\n0,07351 kg<\/span><\/p>\n","protected":false},"featured_media":25673,"template":"","meta":{"_joinchat":[]},"product_brand":[],"product_cat":[74],"product_tag":[],"class_list":{"0":"post-11906","1":"product","2":"type-product","3":"status-publish","4":"has-post-thumbnail","6":"product_cat-reparos-hidraulicos","8":"first","9":"outofstock","10":"shipping-taxable","11":"purchasable","12":"product-type-simple"},"_links":{"self":[{"href":"https:\/\/www.multicasa.com.br\/inicio\/wp-json\/wp\/v2\/product\/11906","targetHints":{"allow":["GET"]}}],"collection":[{"href":"https:\/\/www.multicasa.com.br\/inicio\/wp-json\/wp\/v2\/product"}],"about":[{"href":"https:\/\/www.multicasa.com.br\/inicio\/wp-json\/wp\/v2\/types\/product"}],"wp:featuredmedia":[{"embeddable":true,"href":"https:\/\/www.multicasa.com.br\/inicio\/wp-json\/wp\/v2\/media\/25673"}],"wp:attachment":[{"href":"https:\/\/www.multicasa.com.br\/inicio\/wp-json\/wp\/v2\/media?parent=11906"}],"wp:term":[{"taxonomy":"product_brand","embeddable":true,"href":"https:\/\/www.multicasa.com.br\/inicio\/wp-json\/wp\/v2\/product_brand?post=11906"},{"taxonomy":"product_cat","embeddable":true,"href":"https:\/\/www.multicasa.com.br\/inicio\/wp-json\/wp\/v2\/product_cat?post=11906"},{"taxonomy":"product_tag","embeddable":true,"href":"https:\/\/www.multicasa.com.br\/inicio\/wp-json\/wp\/v2\/product_tag?post=11906"}],"curies":[{"name":"wp","href":"https:\/\/api.w.org\/{rel}","templated":true}]}}