{"id":11907,"date":"2025-06-20T18:12:19","date_gmt":"2025-06-20T22:12:19","guid":{"rendered":"https:\/\/www.multicasa.com.br\/inicio\/?post_type=product&#038;p=11907"},"modified":"2026-04-18T10:30:17","modified_gmt":"2026-04-18T14:30:17","slug":"luminaria-led-slim-36w-bivolt-6-400k-llum","status":"publish","type":"product","link":"https:\/\/www.multicasa.com.br\/inicio\/produto\/luminaria-led-slim-36w-bivolt-6-400k-llum\/","title":{"rendered":"Lumin\u00e1ria Led Slim 36W Bivolt 6.400K LLUM"},"content":{"rendered":"<p>Essa lumin\u00e1ria veio para revolucionar o momento. Sem uso de reator, sem risco da l\u00e2mpada soltar da calha e se quebrar, essa lumin\u00e1ria \u00e9 tudo em um s\u00f3. Ela possui a l\u00e2mpada acoplada a calha anulando o risco da l\u00e2mpada cair da calha como nas lumin\u00e1rias convencionais. Tem designer slim que proporciona beleza, eleg\u00e2ncia e estilo, seja para sua casa, apartamento, loja, escrit\u00f3rio, shoppings, hot\u00e9is, restaurantes, bares, lanchonetes, etc. N\u00e3o precisa de reator, \u00e9 s\u00f3 ligar direto na energia. E o melhor: \u00c9 LED, que significa melhor ilumina\u00e7\u00e3o e custo baixo de energia. Alta economia de energia. Baixa emiss\u00e3o de calor. Maior efici\u00eancia em luminosidade N\u00e3o emite radia\u00e7\u00e3o infravermelha nem ultravioleta (Perfeita para Lojas de roupas). Descarte n\u00e3o prejudica o meio ambiente. Vida \u00fatil at\u00e9 50x maior comparado com outras.<\/p>\n","protected":false},"excerpt":{"rendered":"<h4 style=\"margin: 0px;padding: 0px 0px 16px;font-family: Lato, sans-serif;font-weight: bold;line-height: 3rem;color: var(--dark-grey3);font-size: 22px;font-style: normal;letter-spacing: normal;text-align: start;text-indent: 0px;text-transform: none\">Informa\u00e7\u00f5es t\u00e9cnicas<\/h4>\n<p><span style=\"margin: 0px;padding: 0px;font-weight: 450;font-size: 14px;line-height: 21px;color: var(--dark-grey2);font-family: Lato, sans-serif;font-style: normal;letter-spacing: normal;text-align: start;text-indent: 0px;text-transform: none\">At\u00e9 90% de economia de energia &#8211; N\u00c3O USA REATOR. LIGA DIRETO NA ENERGIA &#8211; Baixa emiss\u00e3o de calor &#8211; luz fria &#8211; Vida \u00fatil aprox. de 25.000h &#8211; Colora\u00e7\u00e3o LED 6400K &#8211; Bivolt (110-220v) &#8211; L\u00famens 1600 &#8211; Pot\u00eancia 20w &#8211; Efici\u00eancia luminosa 65 Lm\/W &#8211; Dimens\u00f5es 2,5cm (altura) x 7,5cm (largura)x de 60cm(comprimento) &#8211; Prote\u00e7\u00e3o de entrada: IP45 &#8211; Fator de potencia: &gt; 0,6 &#8211; \u00c2ngulo de Cobertura 120\u00b0 &#8211; IRC &gt; 80 &#8211; Frequ\u00eancia Nominal 50\/60hz Itens inclusos: 1x Lumin\u00e1ria Tubular De Sobrepor Led Slim 20w 60cm Branco Frio 4x Parafusos 4x Buchas<\/span><\/p>\n","protected":false},"featured_media":25482,"template":"","meta":{"_joinchat":[]},"product_brand":[],"product_cat":[145],"product_tag":[],"class_list":{"0":"post-11907","1":"product","2":"type-product","3":"status-publish","4":"has-post-thumbnail","6":"product_cat-leds-comerciais","8":"first","9":"instock","10":"shipping-taxable","11":"purchasable","12":"product-type-simple"},"_links":{"self":[{"href":"https:\/\/www.multicasa.com.br\/inicio\/wp-json\/wp\/v2\/product\/11907","targetHints":{"allow":["GET"]}}],"collection":[{"href":"https:\/\/www.multicasa.com.br\/inicio\/wp-json\/wp\/v2\/product"}],"about":[{"href":"https:\/\/www.multicasa.com.br\/inicio\/wp-json\/wp\/v2\/types\/product"}],"wp:featuredmedia":[{"embeddable":true,"href":"https:\/\/www.multicasa.com.br\/inicio\/wp-json\/wp\/v2\/media\/25482"}],"wp:attachment":[{"href":"https:\/\/www.multicasa.com.br\/inicio\/wp-json\/wp\/v2\/media?parent=11907"}],"wp:term":[{"taxonomy":"product_brand","embeddable":true,"href":"https:\/\/www.multicasa.com.br\/inicio\/wp-json\/wp\/v2\/product_brand?post=11907"},{"taxonomy":"product_cat","embeddable":true,"href":"https:\/\/www.multicasa.com.br\/inicio\/wp-json\/wp\/v2\/product_cat?post=11907"},{"taxonomy":"product_tag","embeddable":true,"href":"https:\/\/www.multicasa.com.br\/inicio\/wp-json\/wp\/v2\/product_tag?post=11907"}],"curies":[{"name":"wp","href":"https:\/\/api.w.org\/{rel}","templated":true}]}}