{"id":11908,"date":"2025-06-20T18:12:19","date_gmt":"2025-06-20T22:12:19","guid":{"rendered":"https:\/\/www.multicasa.com.br\/inicio\/?post_type=product&#038;p=11908"},"modified":"2025-06-23T10:46:46","modified_gmt":"2025-06-23T14:46:46","slug":"ventilador-coluna-50cm-135w-6p-127v-pt-ventisol","status":"publish","type":"product","link":"https:\/\/www.multicasa.com.br\/inicio\/produto\/ventilador-coluna-50cm-135w-6p-127v-pt-ventisol\/","title":{"rendered":"Ventilador Coluna 50Cm 135W 6P 127V Pt Ventisol"},"content":{"rendered":"<p>O ventilador de coluna turbo 6 50 cm \u00e9 o que est\u00e1 faltando na sua casa. Potente, econ\u00f4mico e bonito. O pacote completo para voc\u00ea ter conforto e deixar sua casa mais estilosa e charmosa. Se voc\u00ea deseja um ambiente mais refrescante e agrad\u00e1vel, o ventilador de coluna Ventisol turbo 6 50 cm \u00e9 perfeito. Seu Motor Turbo, junto com sua h\u00e9lice de 6 p\u00e1s com a nova aerodin\u00e2mica, s\u00e3o silenciosos e geram uma maior compatibilidade com aparelho. Ar mais refrescante para voc\u00ea e sua fam\u00edlia.<\/p>\n","protected":false},"excerpt":{"rendered":"<h4 style=\"margin: 0px;padding: 0px 0px 16px;font-family: Lato, sans-serif;font-weight: bold;line-height: 3rem;color: var(--dark-grey3);font-size: 22px;font-style: normal;letter-spacing: normal;text-align: start;text-indent: 0px;text-transform: none\">Informa\u00e7\u00f5es t\u00e9cnicas<\/h4>\n<p><span style=\"margin: 0px;padding: 0px;font-weight: 450;font-size: 14px;line-height: 21px;color: var(--dark-grey2);font-family: Lato, sans-serif;font-style: normal;letter-spacing: normal;text-align: start;text-indent: 0px;text-transform: none\">Produto: VENTILADOR COL.50CM 135W 6P 127V<br \/>\nMarca: Ventisol<br \/>\nMaterial: Pl\u00e1stico<br \/>\nCor: Preto<br \/>\nCaracter\u00edsticas:<br \/>\n\u0095 Pot\u00eancia de 135W<br \/>\n\u0095 Motor Turbo<br \/>\nMotor turbo com alta performance. Gera menos ru\u00eddo.<br \/>\n\u0095 H\u00e9lice 6 P\u00e1s<br \/>\nCom nova aerodin\u00e2mica. Gera mais Normas.<br \/>\n\u0095 Chave de Liga\u00e7\u00e3o no Capacete<br \/>\nMais praticidade para o uso.<br \/>\n\u0095 Grade Wind-line<br \/>\nTecnologia que proporciona melhor vaz\u00e3o e direcionamento de ar.<br \/>\n\u0095 Oscila\u00e7\u00e3o Horizontal<br \/>\nProporciona um fluxo de ar mais distribu\u00eddo por todo o ambiente.<br \/>\n\u0095 Regulagem de inclina\u00e7\u00e3o manual<br \/>\nAjustada de acordo com a necessidade.<br \/>\n\u0095 Tr\u00eas Velocidades<br \/>\nVoc\u00ea pode escolher a que mais agrade.<br \/>\n\u0095 Ajuste de Altura<br \/>\nMIN 115 cm | M\u00c1X 130 cm<br \/>\nProducto Montado<br \/>\nComprimento: 50.0 cm<br \/>\nLargura: 50.0 cm<br \/>\nAltura: 170.0 cm<\/span><\/p>\n","protected":false},"featured_media":26274,"template":"","meta":{"_joinchat":[]},"product_brand":[],"product_cat":[149],"product_tag":[],"class_list":{"0":"post-11908","1":"product","2":"type-product","3":"status-publish","4":"has-post-thumbnail","6":"product_cat-ventiladores-comerciais","8":"first","9":"outofstock","10":"shipping-taxable","11":"product-type-simple"},"_links":{"self":[{"href":"https:\/\/www.multicasa.com.br\/inicio\/wp-json\/wp\/v2\/product\/11908","targetHints":{"allow":["GET"]}}],"collection":[{"href":"https:\/\/www.multicasa.com.br\/inicio\/wp-json\/wp\/v2\/product"}],"about":[{"href":"https:\/\/www.multicasa.com.br\/inicio\/wp-json\/wp\/v2\/types\/product"}],"wp:featuredmedia":[{"embeddable":true,"href":"https:\/\/www.multicasa.com.br\/inicio\/wp-json\/wp\/v2\/media\/26274"}],"wp:attachment":[{"href":"https:\/\/www.multicasa.com.br\/inicio\/wp-json\/wp\/v2\/media?parent=11908"}],"wp:term":[{"taxonomy":"product_brand","embeddable":true,"href":"https:\/\/www.multicasa.com.br\/inicio\/wp-json\/wp\/v2\/product_brand?post=11908"},{"taxonomy":"product_cat","embeddable":true,"href":"https:\/\/www.multicasa.com.br\/inicio\/wp-json\/wp\/v2\/product_cat?post=11908"},{"taxonomy":"product_tag","embeddable":true,"href":"https:\/\/www.multicasa.com.br\/inicio\/wp-json\/wp\/v2\/product_tag?post=11908"}],"curies":[{"name":"wp","href":"https:\/\/api.w.org\/{rel}","templated":true}]}}