{"id":11910,"date":"2025-06-20T18:12:20","date_gmt":"2025-06-20T22:12:20","guid":{"rendered":"https:\/\/www.multicasa.com.br\/inicio\/?post_type=product&#038;p=11910"},"modified":"2026-04-22T08:20:11","modified_gmt":"2026-04-22T12:20:11","slug":"torneira-cozinha-parade-bica-alta-gale-cr-docol","status":"publish","type":"product","link":"https:\/\/www.multicasa.com.br\/inicio\/produto\/torneira-cozinha-parade-bica-alta-gale-cr-docol\/","title":{"rendered":"Torneira Cozinha Parade Bica Alta Gale Cr Docol"},"content":{"rendered":"<p>O principal benef\u00edcio dessa linha \u00e9 a sua resist\u00eancia e funcionalidade durante o uso dos produtos. Com a torneira para cozinhas com instala\u00e7\u00f5es em parede voc\u00ea tem o conforto da \u00e1gua arejada para lavar lou\u00e7as e as m\u00e3os a qualquer momento. O arejador articul\u00e1vel entrega uma economia de 90% de \u00e1gua durante o uso, al\u00e9m de tornar o consumo mais confort\u00e1vel e evitar respingos. Por permitir movimento no arejador, voc\u00ea pode direcionar o jato d\u00e1gua para os cantos mais extremos da cuba e ter uma limpeza completa da pia. Esse produto possui, ainda, bica girat\u00f3ria para tornar o uso da \u00e1gua mais pr\u00e1tico no dia a dia da cozinha.<\/p>\n","protected":false},"excerpt":{"rendered":"<h4 style=\"margin: 0px;padding: 0px 0px 16px;font-family: Lato, sans-serif;font-weight: bold;line-height: 3rem;color: var(--dark-grey3);font-size: 22px;font-style: normal;letter-spacing: normal;text-align: start;text-indent: 0px;text-transform: none\">Informa\u00e7\u00f5es t\u00e9cnicas<\/h4>\n<p><span style=\"margin: 0px;padding: 0px;font-weight: 450;font-size: 14px;line-height: 21px;color: var(--dark-grey2);font-family: Lato, sans-serif;font-style: normal;letter-spacing: normal;text-align: start;text-indent: 0px;text-transform: none\">Produto: TORNEIRA COZ.PAR.B.A.GALI<br \/>\nMarca: Docol<br \/>\nMaterial: Ligas de cobre, elast\u00f4meros, a\u00e7o inox, zamac ( ligas de zinco, alum\u00ednio, magn\u00e9sio e cobre).e pl\u00e1stico de engenharia.<br \/>\nCor: Cromado<br \/>\nCaracter\u00edsticas: Acabamento mais duradouro, bica girat\u00f3ria e garantia toda vida.<br \/>\nComprimento do produto:<br \/>\n202 mm<\/p>\n<p>Altura do produto:<br \/>\n285 mm<\/p>\n<p>Largura do produto:<br \/>\n69 mm<\/p>\n<p>Peso L\u00edquido:<br \/>\n0,531 kg<\/p>\n<p>Peso Bruto:<br \/>\n0,531 kg<\/span><\/p>\n","protected":false},"featured_media":26119,"template":"","meta":{"_joinchat":[]},"product_brand":[],"product_cat":[67],"product_tag":[],"class_list":{"0":"post-11910","1":"product","2":"type-product","3":"status-publish","4":"has-post-thumbnail","6":"product_cat-torneiras-e-cia","8":"first","9":"outofstock","10":"shipping-taxable","11":"purchasable","12":"product-type-simple"},"_links":{"self":[{"href":"https:\/\/www.multicasa.com.br\/inicio\/wp-json\/wp\/v2\/product\/11910","targetHints":{"allow":["GET"]}}],"collection":[{"href":"https:\/\/www.multicasa.com.br\/inicio\/wp-json\/wp\/v2\/product"}],"about":[{"href":"https:\/\/www.multicasa.com.br\/inicio\/wp-json\/wp\/v2\/types\/product"}],"wp:featuredmedia":[{"embeddable":true,"href":"https:\/\/www.multicasa.com.br\/inicio\/wp-json\/wp\/v2\/media\/26119"}],"wp:attachment":[{"href":"https:\/\/www.multicasa.com.br\/inicio\/wp-json\/wp\/v2\/media?parent=11910"}],"wp:term":[{"taxonomy":"product_brand","embeddable":true,"href":"https:\/\/www.multicasa.com.br\/inicio\/wp-json\/wp\/v2\/product_brand?post=11910"},{"taxonomy":"product_cat","embeddable":true,"href":"https:\/\/www.multicasa.com.br\/inicio\/wp-json\/wp\/v2\/product_cat?post=11910"},{"taxonomy":"product_tag","embeddable":true,"href":"https:\/\/www.multicasa.com.br\/inicio\/wp-json\/wp\/v2\/product_tag?post=11910"}],"curies":[{"name":"wp","href":"https:\/\/api.w.org\/{rel}","templated":true}]}}