{"id":11938,"date":"2025-06-20T18:12:42","date_gmt":"2025-06-20T22:12:42","guid":{"rendered":"https:\/\/www.multicasa.com.br\/inicio\/?post_type=product&#038;p=11938"},"modified":"2025-08-16T14:48:53","modified_gmt":"2025-08-16T18:48:53","slug":"plafon-led-emb-qd-al-32w-bivolt-6-5k-l","status":"publish","type":"product","link":"https:\/\/www.multicasa.com.br\/inicio\/produto\/plafon-led-emb-qd-al-32w-bivolt-6-5k-l\/","title":{"rendered":"Plafon Led Emb.Qd.Al.32W Bivolt 6.5K L"},"content":{"rendered":"<p>Painel de embutir SLIM TECH, possui design moderno com tecnologia LED integrado e pronto para instalar, estruturado em alum\u00ednio para maior controle de temperatura do LED extraindo a m\u00e1xima efici\u00eancia luminosa, acabamento em pintura ep\u00f3xi branca, difusor em acr\u00edlico, apresenta alta luminesc\u00eancia e uniformidade na distribui\u00e7\u00e3o da luz e conta com molas de fixa\u00e7\u00e3o em a\u00e7o. Indicado para retrofit de lumin\u00e1rias do tipo calha com l\u00e2mpadas tubular(exceto vers\u00e3o 32W). Ideal para ambientes corporativos, comerciais e residenciais.<\/p>\n","protected":false},"excerpt":{"rendered":"<h4 style=\"margin: 0px;padding: 0px 0px 16px;font-family: Lato, sans-serif;font-weight: bold;line-height: 3rem;color: var(--dark-grey3);font-size: 22px;font-style: normal;letter-spacing: normal;text-align: start;text-indent: 0px;text-transform: none\">Informa\u00e7\u00f5es t\u00e9cnicas<\/h4>\n<p><span style=\"margin: 0px;padding: 0px;font-weight: 450;font-size: 14px;line-height: 21px;color: var(--dark-grey2);font-family: Lato, sans-serif;font-style: normal;letter-spacing: normal;text-align: start;text-indent: 0px;text-transform: none\">Produto: PLAFON LED EMB.QD.AL.32W BIV.6.5K<br \/>\nMarca: led<br \/>\nMaterial: Alumin\u00edo<br \/>\nCor: Branca<br \/>\nCaracter\u00edsticas:<br \/>\n-Pot\u00eancia Fluxo Luminoso: 2720lm<br \/>\n-Temperatura de cor: 6500K<br \/>\nDimens\u00f5es(cm): 40 x 40 x 1,2<\/span><\/p>\n","protected":false},"featured_media":25738,"template":"","meta":{"_joinchat":[]},"product_brand":[],"product_cat":[157],"product_tag":[],"class_list":{"0":"post-11938","1":"product","2":"type-product","3":"status-publish","4":"has-post-thumbnail","6":"product_cat-leds-decorativos","8":"first","9":"outofstock","10":"shipping-taxable","11":"product-type-simple"},"_links":{"self":[{"href":"https:\/\/www.multicasa.com.br\/inicio\/wp-json\/wp\/v2\/product\/11938","targetHints":{"allow":["GET"]}}],"collection":[{"href":"https:\/\/www.multicasa.com.br\/inicio\/wp-json\/wp\/v2\/product"}],"about":[{"href":"https:\/\/www.multicasa.com.br\/inicio\/wp-json\/wp\/v2\/types\/product"}],"wp:featuredmedia":[{"embeddable":true,"href":"https:\/\/www.multicasa.com.br\/inicio\/wp-json\/wp\/v2\/media\/25738"}],"wp:attachment":[{"href":"https:\/\/www.multicasa.com.br\/inicio\/wp-json\/wp\/v2\/media?parent=11938"}],"wp:term":[{"taxonomy":"product_brand","embeddable":true,"href":"https:\/\/www.multicasa.com.br\/inicio\/wp-json\/wp\/v2\/product_brand?post=11938"},{"taxonomy":"product_cat","embeddable":true,"href":"https:\/\/www.multicasa.com.br\/inicio\/wp-json\/wp\/v2\/product_cat?post=11938"},{"taxonomy":"product_tag","embeddable":true,"href":"https:\/\/www.multicasa.com.br\/inicio\/wp-json\/wp\/v2\/product_tag?post=11938"}],"curies":[{"name":"wp","href":"https:\/\/api.w.org\/{rel}","templated":true}]}}