{"id":11939,"date":"2025-06-20T18:12:42","date_gmt":"2025-06-20T22:12:42","guid":{"rendered":"https:\/\/www.multicasa.com.br\/inicio\/?post_type=product&#038;p=11939"},"modified":"2026-02-25T12:32:30","modified_gmt":"2026-02-25T16:32:30","slug":"argamassa-porcelanato-interno-externo-20-kg-cinza-quartzolit","status":"publish","type":"product","link":"https:\/\/www.multicasa.com.br\/inicio\/produto\/argamassa-porcelanato-interno-externo-20-kg-cinza-quartzolit\/","title":{"rendered":"Argamassa Porcelanato Interno\/ Externo 20 Kg Cinza Quartzolit"},"content":{"rendered":"<p>Argamassa colante de cor cinza, com secagem r\u00e1pida ideal para assentamento de porcelanatos e cer\u00e2micas em \u00e1reas internas, inclusive em \u00e1reas de grande movimenta\u00e7\u00e3o de pedestres. Indicado para Cer\u00e2micas, porcelanatos, ladrilhos hidr\u00e1ulicos e placas de pedras naturais, Pisos e paredes de \u00e1reas internas, Revestimentos de at\u00e9 100&#215;100 cm e \u00c1reas com grande movimenta\u00e7\u00e3o de pedestres (edif\u00edcios comerciais, shoppings, esta\u00e7\u00f5es, etc.).<\/p>\n","protected":false},"excerpt":{"rendered":"<h4 style=\"margin: 0px;padding: 0px 0px 16px;font-family: Lato, sans-serif;font-weight: bold;line-height: 3rem;color: var(--dark-grey3);font-size: 22px;font-style: normal;letter-spacing: normal;text-align: start;text-indent: 0px;text-transform: none\">Informa\u00e7\u00f5es t\u00e9cnicas<\/h4>\n<p><span style=\"margin: 0px;padding: 0px;font-weight: 450;font-size: 14px;line-height: 21px;color: var(--dark-grey2);font-family: Lato, sans-serif;font-style: normal;letter-spacing: normal;text-align: start;text-indent: 0px;text-transform: none\">Produto: ARGAMASSA PORCELANATO INTERNO\/ EXTERNO 20 KG<br \/>\nMarca: Quartzolit<br \/>\nCor: Cinza<br \/>\nCaracter\u00edsticas:<br \/>\n\u0095 Alta ader\u00eancia<br \/>\n\u0095 \u00c1reas internas de alto tr\u00e1fego<br \/>\n\u0095 Pisos e paredes de \u00e1reas internas<\/span><\/p>\n","protected":false},"featured_media":24625,"template":"","meta":{"_joinchat":[]},"product_brand":[],"product_cat":[147],"product_tag":[],"class_list":{"0":"post-11939","1":"product","2":"type-product","3":"status-publish","4":"has-post-thumbnail","6":"product_cat-basicos","8":"first","9":"instock","10":"shipping-taxable","11":"purchasable","12":"product-type-simple"},"_links":{"self":[{"href":"https:\/\/www.multicasa.com.br\/inicio\/wp-json\/wp\/v2\/product\/11939","targetHints":{"allow":["GET"]}}],"collection":[{"href":"https:\/\/www.multicasa.com.br\/inicio\/wp-json\/wp\/v2\/product"}],"about":[{"href":"https:\/\/www.multicasa.com.br\/inicio\/wp-json\/wp\/v2\/types\/product"}],"wp:featuredmedia":[{"embeddable":true,"href":"https:\/\/www.multicasa.com.br\/inicio\/wp-json\/wp\/v2\/media\/24625"}],"wp:attachment":[{"href":"https:\/\/www.multicasa.com.br\/inicio\/wp-json\/wp\/v2\/media?parent=11939"}],"wp:term":[{"taxonomy":"product_brand","embeddable":true,"href":"https:\/\/www.multicasa.com.br\/inicio\/wp-json\/wp\/v2\/product_brand?post=11939"},{"taxonomy":"product_cat","embeddable":true,"href":"https:\/\/www.multicasa.com.br\/inicio\/wp-json\/wp\/v2\/product_cat?post=11939"},{"taxonomy":"product_tag","embeddable":true,"href":"https:\/\/www.multicasa.com.br\/inicio\/wp-json\/wp\/v2\/product_tag?post=11939"}],"curies":[{"name":"wp","href":"https:\/\/api.w.org\/{rel}","templated":true}]}}