{"id":11943,"date":"2025-06-20T18:12:42","date_gmt":"2025-06-20T22:12:42","guid":{"rendered":"https:\/\/www.multicasa.com.br\/inicio\/?post_type=product&#038;p=11943"},"modified":"2025-12-23T10:00:21","modified_gmt":"2025-12-23T14:00:21","slug":"torneira-flexivel-de-bancada-para-cozinha-lorenzetti","status":"publish","type":"product","link":"https:\/\/www.multicasa.com.br\/inicio\/produto\/torneira-flexivel-de-bancada-para-cozinha-lorenzetti\/","title":{"rendered":"Torneira Flex\u00edvel de Bancada Para Cozinha Lorenzetti"},"content":{"rendered":"<p>A cozinha virou a protagonista da casa. Receber os amigos e cozinhar ao mesmo tempo passou a ser prefer\u00eancia dos anfitri\u00f5es modernos. \u00c9 nesse contexto que apresentamos as torneiras LorenFlex, que chegam cheias de personalidade. Flex\u00edvel revestido de silicone: funcional, resistente e f\u00e1cil de limpar, seu arejador que economiza \u00e1gua e evita respingos, mecanismos MVC \u00bc de volta.<\/p>\n","protected":false},"excerpt":{"rendered":"<h4 style=\"margin: 0px;padding: 0px 0px 16px;font-family: Lato, sans-serif;font-weight: bold;line-height: 3rem;color: var(--dark-grey3);font-size: 22px;font-style: normal;letter-spacing: normal;text-align: start;text-indent: 0px;text-transform: none\">Informa\u00e7\u00f5es t\u00e9cnicas<\/h4>\n<p><span style=\"margin: 0px;padding: 0px;font-weight: 450;font-size: 14px;line-height: 21px;color: var(--dark-grey2);font-family: Lato, sans-serif;font-style: normal;letter-spacing: normal;text-align: start;text-indent: 0px;text-transform: none\">Produto: Torneira Flex\u00edvel<br \/>\nMarca: Lorenzetti<br \/>\nTipo: Bancada<br \/>\nCor: vermelho<br \/>\nMaterial: metal, elast\u00f4meros e pl\u00e1stico de engenharia<br \/>\nSeu arejador que economiza \u00e1gua e evita respingos, mecanismos mvc \u00bc de volta<\/span><\/p>\n","protected":false},"featured_media":26139,"template":"","meta":{"_joinchat":[]},"product_brand":[],"product_cat":[67],"product_tag":[],"class_list":{"0":"post-11943","1":"product","2":"type-product","3":"status-publish","4":"has-post-thumbnail","6":"product_cat-torneiras-e-cia","8":"first","9":"outofstock","10":"shipping-taxable","11":"purchasable","12":"product-type-simple"},"_links":{"self":[{"href":"https:\/\/www.multicasa.com.br\/inicio\/wp-json\/wp\/v2\/product\/11943","targetHints":{"allow":["GET"]}}],"collection":[{"href":"https:\/\/www.multicasa.com.br\/inicio\/wp-json\/wp\/v2\/product"}],"about":[{"href":"https:\/\/www.multicasa.com.br\/inicio\/wp-json\/wp\/v2\/types\/product"}],"wp:featuredmedia":[{"embeddable":true,"href":"https:\/\/www.multicasa.com.br\/inicio\/wp-json\/wp\/v2\/media\/26139"}],"wp:attachment":[{"href":"https:\/\/www.multicasa.com.br\/inicio\/wp-json\/wp\/v2\/media?parent=11943"}],"wp:term":[{"taxonomy":"product_brand","embeddable":true,"href":"https:\/\/www.multicasa.com.br\/inicio\/wp-json\/wp\/v2\/product_brand?post=11943"},{"taxonomy":"product_cat","embeddable":true,"href":"https:\/\/www.multicasa.com.br\/inicio\/wp-json\/wp\/v2\/product_cat?post=11943"},{"taxonomy":"product_tag","embeddable":true,"href":"https:\/\/www.multicasa.com.br\/inicio\/wp-json\/wp\/v2\/product_tag?post=11943"}],"curies":[{"name":"wp","href":"https:\/\/api.w.org\/{rel}","templated":true}]}}