{"id":11946,"date":"2025-06-20T18:12:42","date_gmt":"2025-06-20T22:12:42","guid":{"rendered":"https:\/\/www.multicasa.com.br\/inicio\/?post_type=product&#038;p=11946"},"modified":"2025-06-23T10:06:34","modified_gmt":"2025-06-23T14:06:34","slug":"estante-6-niveis-171x30x90-tramontina","status":"publish","type":"product","link":"https:\/\/www.multicasa.com.br\/inicio\/produto\/estante-6-niveis-171x30x90-tramontina\/","title":{"rendered":"Estante 6 Niveis 171X30X90 Tramontina"},"content":{"rendered":"<p>Organize seus espa\u00e7os com beleza e qualidade utilizando a Estante Modulare em Madeira Pinus com Acabamento Natural com 6 Prateleiras. Esse item \u00e9 perfeito para quem deseja expor seus objetos, plantas e livros favoritos, sem falar do acabamento natural desse item que deixa o ambiente ainda mais belo e elegante. Sua fabrica\u00e7\u00e3o \u00e9 de madeira maci\u00e7a, oferecendo maior durabilidade \u00e0 voc\u00ea. Seu espa\u00e7o vai ganhar em versatilidade com um produto modular que se adapta a diversos projetos. Ela vai ajudar voc\u00ea a montar ou decorar como quiser, pois, permite a montagem de um ou mais m\u00f3dulos juntos.<\/p>\n","protected":false},"excerpt":{"rendered":"<h4 style=\"margin: 0px;padding: 0px 0px 16px;font-family: Lato, sans-serif;font-weight: bold;line-height: 3rem;color: var(--dark-grey3);font-size: 22px;font-style: normal;letter-spacing: normal;text-align: start;text-indent: 0px;text-transform: none\">Informa\u00e7\u00f5es t\u00e9cnicas<\/h4>\n<p><span style=\"margin: 0px;padding: 0px;font-weight: 450;font-size: 14px;line-height: 21px;color: var(--dark-grey2);font-family: Lato, sans-serif;font-style: normal;letter-spacing: normal;text-align: start;text-indent: 0px;text-transform: none\">Produto: ESTANTE 6NIV.MODULARE 171X30X90<br \/>\nMarca: Forjasul<br \/>\nMaterial: Madeira Pinus<br \/>\nCor: Madeira<br \/>\nCaracter\u00edsticas:<br \/>\n-90 dias para defeito de fabrica\u00e7\u00e3o<br \/>\nDimens\u00f5es<br \/>\n171m x 30cm x 90cm<\/span><\/p>\n","protected":false},"featured_media":25153,"template":"","meta":{"_joinchat":[]},"product_brand":[],"product_cat":[146],"product_tag":[],"class_list":{"0":"post-11946","1":"product","2":"type-product","3":"status-publish","4":"has-post-thumbnail","6":"product_cat-prateleiras-e-cia","8":"first","9":"outofstock","10":"shipping-taxable","11":"product-type-simple"},"_links":{"self":[{"href":"https:\/\/www.multicasa.com.br\/inicio\/wp-json\/wp\/v2\/product\/11946","targetHints":{"allow":["GET"]}}],"collection":[{"href":"https:\/\/www.multicasa.com.br\/inicio\/wp-json\/wp\/v2\/product"}],"about":[{"href":"https:\/\/www.multicasa.com.br\/inicio\/wp-json\/wp\/v2\/types\/product"}],"wp:featuredmedia":[{"embeddable":true,"href":"https:\/\/www.multicasa.com.br\/inicio\/wp-json\/wp\/v2\/media\/25153"}],"wp:attachment":[{"href":"https:\/\/www.multicasa.com.br\/inicio\/wp-json\/wp\/v2\/media?parent=11946"}],"wp:term":[{"taxonomy":"product_brand","embeddable":true,"href":"https:\/\/www.multicasa.com.br\/inicio\/wp-json\/wp\/v2\/product_brand?post=11946"},{"taxonomy":"product_cat","embeddable":true,"href":"https:\/\/www.multicasa.com.br\/inicio\/wp-json\/wp\/v2\/product_cat?post=11946"},{"taxonomy":"product_tag","embeddable":true,"href":"https:\/\/www.multicasa.com.br\/inicio\/wp-json\/wp\/v2\/product_tag?post=11946"}],"curies":[{"name":"wp","href":"https:\/\/api.w.org\/{rel}","templated":true}]}}